{"id":1078,"date":"2023-02-13T14:09:55","date_gmt":"2023-02-13T14:09:55","guid":{"rendered":"https:\/\/cmykprinted.com\/?post_type=product&#038;p=1078"},"modified":"2023-02-13T14:16:32","modified_gmt":"2023-02-13T14:16:32","slug":"personalized-triangle-pop-out-banner-custom-pop-up-signs","status":"publish","type":"product","link":"https:\/\/cmykprinted.com\/hr\/proizvod\/personalized-triangle-pop-out-banner-custom-pop-up-signs\/","title":{"rendered":"Personalizirani iska\u010du\u0107i natpis s trokutom Prilago\u0111eni iska\u010du\u0107i znakovi"},"content":{"rendered":"","protected":false},"excerpt":{"rendered":"<p>Trokutasti iska\u010du\u0107i banneri nude \u0161ik i u\u010dinkovit na\u010din promoviranja va\u0161eg brenda ili poslovanja. Njihov dizajn koji se lako sastavlja, izra\u0111en od lagane i izdr\u017eljive tkanine boje breskve, \u010dini ih savr\u0161enim za sajmove, doga\u0111aje i konferencije. S prilo\u017eenom torbom za no\u0161enje za pohranu i transport, ovi banneri nisu samo prakti\u010dni za kori\u0161tenje, ve\u0107 \u0107e zajam\u010deno privu\u0107i pozornost va\u0161e publike. Bilo da najavljujete novi proizvod, rasprodaju ili nadolaze\u0107i doga\u0111aj, ovi banneri ostavit \u0107e dugotrajan dojam, kako u zatvorenom prostoru tako i na otvorenom, s opru\u017enim metalnim \u010delikom i okovom za klinove.<br \/>\nPodignite svoje ogla\u0161avanje na vi\u0161u razinu s trokutastim iska\u010du\u0107im natpisom. Jednostavan priru\u010dnik za instalaciju pru\u017ea sve alate koji su vam potrebni da s lako\u0107om postavite i skinete svoj banner. Dajte izjavu na svom sljede\u0107em doga\u0111aju ili konferenciji tako \u0161to \u0107ete ve\u0107 danas investirati u iska\u010du\u0107i banner.<\/p>\n<div style=\"width: 1280px;\" class=\"wp-video\"><!--[if lt IE 9]><script>document.createElement('video');<\/script><![endif]--><br \/>\n<video class=\"wp-video-shortcode\" id=\"video-1078-1\" width=\"1280\" height=\"720\" loop autoplay preload=\"metadata\" controls=\"controls\"><source type=\"video\/mp4\" src=\"http:\/\/cmykprinted.com\/wp-content\/uploads\/2022\/12\/Triangle-Pop-Up-Banners.mp4?_=1\" \/><a href=\"http:\/\/cmykprinted.com\/wp-content\/uploads\/2022\/12\/Triangle-Pop-Up-Banners.mp4\">http:\/\/cmykprinted.com\/wp-content\/uploads\/2022\/12\/Triangle-Pop-Up-Banners.mp4<\/a><\/video><\/div>","protected":false},"featured_media":1079,"template":"","meta":{"_kad_post_transparent":"default","_kad_post_title":"hide","_kad_post_layout":"fullwidth","_kad_post_sidebar_id":"","_kad_post_content_style":"unboxed","_kad_post_vertical_padding":"hide","_kad_post_feature":"hide","_kad_post_feature_position":"","_kad_post_header":false,"_kad_post_footer":false},"product_cat":[92,95],"product_tag":[314,315,313,316],"class_list":{"0":"post-1078","1":"product","2":"type-product","3":"status-publish","4":"has-post-thumbnail","6":"product_cat-pop-up-banners","7":"product_cat-triangle-pop-up-banners","8":"product_tag-custom-pop-up-signs","9":"product_tag-personalized-pop-up-signs","10":"product_tag-triangle-pop-out-banner","11":"product_tag-triangle-pop-up-signs","13":"first","14":"instock","15":"shipping-taxable","16":"product-type-simple","17":"entry","18":"content-bg","19":"loop-entry"},"_links":{"self":[{"href":"https:\/\/cmykprinted.com\/hr\/wp-json\/wp\/v2\/product\/1078","targetHints":{"allow":["GET"]}}],"collection":[{"href":"https:\/\/cmykprinted.com\/hr\/wp-json\/wp\/v2\/product"}],"about":[{"href":"https:\/\/cmykprinted.com\/hr\/wp-json\/wp\/v2\/types\/product"}],"version-history":[{"count":2,"href":"https:\/\/cmykprinted.com\/hr\/wp-json\/wp\/v2\/product\/1078\/revisions"}],"predecessor-version":[{"id":1086,"href":"https:\/\/cmykprinted.com\/hr\/wp-json\/wp\/v2\/product\/1078\/revisions\/1086"}],"wp:featuredmedia":[{"embeddable":true,"href":"https:\/\/cmykprinted.com\/hr\/wp-json\/wp\/v2\/media\/1079"}],"wp:attachment":[{"href":"https:\/\/cmykprinted.com\/hr\/wp-json\/wp\/v2\/media?parent=1078"}],"wp:term":[{"taxonomy":"product_cat","embeddable":true,"href":"https:\/\/cmykprinted.com\/hr\/wp-json\/wp\/v2\/product_cat?post=1078"},{"taxonomy":"product_tag","embeddable":true,"href":"https:\/\/cmykprinted.com\/hr\/wp-json\/wp\/v2\/product_tag?post=1078"}],"curies":[{"name":"wp","href":"https:\/\/api.w.org\/{rel}","templated":true}]}}