{"id":1095,"date":"2023-02-13T15:30:16","date_gmt":"2023-02-13T15:30:16","guid":{"rendered":"https:\/\/cmykprinted.com\/?post_type=product&#038;p=1095"},"modified":"2023-02-13T15:34:49","modified_gmt":"2023-02-13T15:34:49","slug":"waterproof-custom-uv-3d-metal-transfer-stickers-labels","status":"publish","type":"product","link":"https:\/\/cmykprinted.com\/hr\/proizvod\/waterproof-custom-uv-3d-metal-transfer-stickers-labels\/","title":{"rendered":"Vodootporne prilago\u0111ene UV 3D metalne naljepnice za prijenos naljepnica"},"content":{"rendered":"","protected":false},"excerpt":{"rendered":"<p>3D metalne prijenosne naljepnice nude jedinstveno i moderno rje\u0161enje za ozna\u010davanje, koriste\u0107i \u010dvrstu nikalnu foliju za stvaranje 3D efekta. Vi\u0161ak materijala uklonjen je iz dizajna, \u0161to rezultira elegantnim i sofisticiranim izgledom s &quot;no label&quot; izgledom. Savr\u0161ene za vrhunske proizvode ili e-trgovinu, naljepnice se proizvode tiskanjem dizajna na nikl foliju kroz specijalizirani proces tiskanja. Nakon uklanjanja vi\u0161ka materijala, uzdignuti elementi se prekrivaju slojem ljepila, \u0161to ih \u010dini pogodnim za nano\u0161enje na razli\u010dite povr\u0161ine kao \u0161to su plastika, metal i papir.<br \/>\nJedna od klju\u010dnih prednosti ovih 3D metalnih naljepnica je njihova trajnost. Izra\u0111eni od nikla otpornog na koroziju, mogu izdr\u017eati tro\u0161enje i habanje zadr\u017eavaju\u0107i svoju kvalitetu tijekom vremena. Osim toga, otporni su na blije\u0111enje i promjenu boje, osiguravaju\u0107i dugotrajno rje\u0161enje za ozna\u010davanje. 3D u\u010dinak ovih naljepnica tako\u0111er dodaje atraktivan i osebujan dodir pakiranju ili brendiranju va\u0161eg proizvoda.<\/p>\n<div style=\"width: 1280px;\" class=\"wp-video\"><!--[if lt IE 9]><script>document.createElement('video');<\/script><![endif]--><br \/>\n<video class=\"wp-video-shortcode\" id=\"video-1095-1\" width=\"1280\" height=\"720\" loop autoplay preload=\"metadata\" controls=\"controls\"><source type=\"video\/mp4\" src=\"http:\/\/cmykprinted.com\/wp-content\/uploads\/2022\/12\/Metal-Transfer-Sticker.mp4?_=1\" \/><a href=\"http:\/\/cmykprinted.com\/wp-content\/uploads\/2022\/12\/Metal-Transfer-Sticker.mp4\">http:\/\/cmykprinted.com\/wp-content\/uploads\/2022\/12\/Metal-Transfer-Sticker.mp4<\/a><\/video><\/div>\n<p>&nbsp;<\/p>","protected":false},"featured_media":1096,"template":"","meta":{"_kad_post_transparent":"default","_kad_post_title":"hide","_kad_post_layout":"fullwidth","_kad_post_sidebar_id":"","_kad_post_content_style":"unboxed","_kad_post_vertical_padding":"hide","_kad_post_feature":"hide","_kad_post_feature_position":"","_kad_post_header":false,"_kad_post_footer":false},"product_cat":[101,102],"product_tag":[299],"class_list":{"0":"post-1095","1":"product","2":"type-product","3":"status-publish","4":"has-post-thumbnail","6":"product_cat-transfer-stickers","7":"product_cat-metal-transfer-stickers","8":"product_tag-3d-metal-transfer-stickers","10":"first","11":"instock","12":"shipping-taxable","13":"product-type-simple","14":"entry","15":"content-bg","16":"loop-entry"},"_links":{"self":[{"href":"https:\/\/cmykprinted.com\/hr\/wp-json\/wp\/v2\/product\/1095","targetHints":{"allow":["GET"]}}],"collection":[{"href":"https:\/\/cmykprinted.com\/hr\/wp-json\/wp\/v2\/product"}],"about":[{"href":"https:\/\/cmykprinted.com\/hr\/wp-json\/wp\/v2\/types\/product"}],"version-history":[{"count":2,"href":"https:\/\/cmykprinted.com\/hr\/wp-json\/wp\/v2\/product\/1095\/revisions"}],"predecessor-version":[{"id":1103,"href":"https:\/\/cmykprinted.com\/hr\/wp-json\/wp\/v2\/product\/1095\/revisions\/1103"}],"wp:featuredmedia":[{"embeddable":true,"href":"https:\/\/cmykprinted.com\/hr\/wp-json\/wp\/v2\/media\/1096"}],"wp:attachment":[{"href":"https:\/\/cmykprinted.com\/hr\/wp-json\/wp\/v2\/media?parent=1095"}],"wp:term":[{"taxonomy":"product_cat","embeddable":true,"href":"https:\/\/cmykprinted.com\/hr\/wp-json\/wp\/v2\/product_cat?post=1095"},{"taxonomy":"product_tag","embeddable":true,"href":"https:\/\/cmykprinted.com\/hr\/wp-json\/wp\/v2\/product_tag?post=1095"}],"curies":[{"name":"wp","href":"https:\/\/api.w.org\/{rel}","templated":true}]}}