{"id":1965,"date":"2024-03-27T04:06:25","date_gmt":"2024-03-27T04:06:25","guid":{"rendered":"https:\/\/cmykprinted.com\/?post_type=product&#038;p=1965"},"modified":"2024-03-27T07:33:30","modified_gmt":"2024-03-27T07:33:30","slug":"full-color-custom-printed-flags-with-sleeve","status":"publish","type":"product","link":"https:\/\/cmykprinted.com\/hr\/proizvod\/potpuno-bojene-prilagodene-tiskane-zastave-s-rukavom\/","title":{"rendered":"Zastavice s rukavom u punoj boji po narud\u017ebi"},"content":{"rendered":"","protected":false},"excerpt":{"rendered":"<p>MOQ: 1 KOM<\/p>\n<p>Metoda ispisa: ispis sublimacijom boje ili digitalni ispis<\/p>\n<p>Dostupni su jednostrani ili dvostrani ispis (prednja i stra\u017enja strana bit \u0107e otisnute u istim bojama).<\/p>\n<p>Besplatna usluga dizajna i jeftina cijena uzorka s brzim obrtom.<\/p>\n<p>Mnogo razli\u010ditih kvalitetnih tkanina koje mo\u017eete odabrati, kao \u0161to su zastavice od 100D poliesterske tkanine, 110g pletene zastavice, 120g satenske zastavice, 250g pletene zastavice<\/p>\n<p>Gotova opcija: porubljeni rub s u\u0161icama ili rukav za stup, plasti\u010dna D vje\u0161alica.<\/p>\n<p>Tiskane zastave prilago\u0111ene \/ personalizirane veli\u010dine.<\/p>\n<p>&nbsp;<\/p>\n<p>&nbsp;<\/p>\n<p>&nbsp;<\/p>\n<p>&nbsp;<\/p>","protected":false},"featured_media":1974,"template":"","meta":{"_kad_post_transparent":"default","_kad_post_title":"hide","_kad_post_layout":"fullwidth","_kad_post_sidebar_id":"","_kad_post_content_style":"unboxed","_kad_post_vertical_padding":"hide","_kad_post_feature":"hide","_kad_post_feature_position":"","_kad_post_header":false,"_kad_post_footer":false},"product_cat":[79],"product_tag":[391,389,392,393,390],"class_list":{"0":"post-1965","1":"product","2":"type-product","3":"status-publish","4":"has-post-thumbnail","6":"product_cat-custom-flags","7":"product_tag-custom-flag-printing","8":"product_tag-custom-printed-flags","9":"product_tag-flag-printing","10":"product_tag-flag-printing-sailing-flags","11":"product_tag-full-color-printed-flag","13":"first","14":"instock","15":"shipping-taxable","16":"product-type-simple","17":"entry","18":"content-bg","19":"loop-entry"},"_links":{"self":[{"href":"https:\/\/cmykprinted.com\/hr\/wp-json\/wp\/v2\/product\/1965","targetHints":{"allow":["GET"]}}],"collection":[{"href":"https:\/\/cmykprinted.com\/hr\/wp-json\/wp\/v2\/product"}],"about":[{"href":"https:\/\/cmykprinted.com\/hr\/wp-json\/wp\/v2\/types\/product"}],"version-history":[{"count":1,"href":"https:\/\/cmykprinted.com\/hr\/wp-json\/wp\/v2\/product\/1965\/revisions"}],"predecessor-version":[{"id":1973,"href":"https:\/\/cmykprinted.com\/hr\/wp-json\/wp\/v2\/product\/1965\/revisions\/1973"}],"wp:featuredmedia":[{"embeddable":true,"href":"https:\/\/cmykprinted.com\/hr\/wp-json\/wp\/v2\/media\/1974"}],"wp:attachment":[{"href":"https:\/\/cmykprinted.com\/hr\/wp-json\/wp\/v2\/media?parent=1965"}],"wp:term":[{"taxonomy":"product_cat","embeddable":true,"href":"https:\/\/cmykprinted.com\/hr\/wp-json\/wp\/v2\/product_cat?post=1965"},{"taxonomy":"product_tag","embeddable":true,"href":"https:\/\/cmykprinted.com\/hr\/wp-json\/wp\/v2\/product_tag?post=1965"}],"curies":[{"name":"wp","href":"https:\/\/api.w.org\/{rel}","templated":true}]}}