{"id":1975,"date":"2024-03-28T09:29:25","date_gmt":"2024-03-28T09:29:25","guid":{"rendered":"https:\/\/cmykprinted.com\/?post_type=product&#038;p=1975"},"modified":"2024-03-28T10:00:58","modified_gmt":"2024-03-28T10:00:58","slug":"best-custom-polyester-nylon-flags-for-indoor-and-outdoor","status":"publish","type":"product","link":"https:\/\/cmykprinted.com\/hr\/proizvod\/najbolje-prilagodene-poliesterske-nylon-zastave-za-unutarnju-i-vanjsku-upotrebu\/","title":{"rendered":"Najbolje prilago\u0111ene poliesterske najlonske zastave za unutarnje i vanjske prostore"},"content":{"rendered":"","protected":false},"excerpt":{"rendered":"<p>Prilago\u0111ene zastave slu\u017ee kao sna\u017eno promotivno sredstvo, iskori\u0161tavaju\u0107i \u017eivopisne nijanse i dinami\u010dno kretanje kako bi privukli pozornost i pobolj\u0161ali vidljivost. Dostupne su razli\u010dite tehnike tiska za prilagodbu, kao \u0161to su digitalni tisak (vodeni tisak na najlon), sitotisak i tisak sublimacijom boja. U Golden Mouth Advertising Factory odlu\u010dujemo se za sitotisak ili digitalni tisak na 200\/210D najlon ili pleteni poliester, odabirom materijala i metode tiska na temelju prora\u010duna klijenta, specifikacija umjetni\u010dkih djela i zahtjeva za koli\u010dinom zastava. Iako koristimo metodu sublimacijskog ispisa, njezino ograni\u010deno prodiranje tinte \u010dini ga prikladnijim za alternativne ispise na tkaninama kao \u0161to su prilago\u0111ene pozadine i prekriva\u010di stolova. Za prilago\u0111enu tiskanu zastavu obi\u010dno koristimo digitalni tisak, na ovaj na\u010din cijena je najjeftinija.<\/p>\n<p>&nbsp;<\/p>\n<p>&nbsp;<\/p>\n<p>&nbsp;<\/p>\n<p>&nbsp;<\/p>\n<p>&nbsp;<\/p>\n<p>&nbsp;<\/p>","protected":false},"featured_media":1976,"template":"","meta":{"_kad_post_transparent":"default","_kad_post_title":"hide","_kad_post_layout":"fullwidth","_kad_post_sidebar_id":"","_kad_post_content_style":"unboxed","_kad_post_vertical_padding":"hide","_kad_post_feature":"hide","_kad_post_feature_position":"","_kad_post_header":false,"_kad_post_footer":false},"product_cat":[79],"product_tag":[394,389,397,396,399,395,398],"class_list":{"0":"post-1975","1":"product","2":"type-product","3":"status-publish","4":"has-post-thumbnail","6":"product_cat-custom-flags","7":"product_tag-custom-polyester-nylon-flags","8":"product_tag-custom-printed-flags","9":"product_tag-dye-sublimation-printing-flags","10":"product_tag-flags-printing","11":"product_tag-knitted-fabric-flags","12":"product_tag-nylon-flags","13":"product_tag-polyester-flags","15":"first","16":"instock","17":"shipping-taxable","18":"product-type-simple","19":"entry","20":"content-bg","21":"loop-entry"},"_links":{"self":[{"href":"https:\/\/cmykprinted.com\/hr\/wp-json\/wp\/v2\/product\/1975","targetHints":{"allow":["GET"]}}],"collection":[{"href":"https:\/\/cmykprinted.com\/hr\/wp-json\/wp\/v2\/product"}],"about":[{"href":"https:\/\/cmykprinted.com\/hr\/wp-json\/wp\/v2\/types\/product"}],"version-history":[{"count":1,"href":"https:\/\/cmykprinted.com\/hr\/wp-json\/wp\/v2\/product\/1975\/revisions"}],"predecessor-version":[{"id":1983,"href":"https:\/\/cmykprinted.com\/hr\/wp-json\/wp\/v2\/product\/1975\/revisions\/1983"}],"wp:featuredmedia":[{"embeddable":true,"href":"https:\/\/cmykprinted.com\/hr\/wp-json\/wp\/v2\/media\/1976"}],"wp:attachment":[{"href":"https:\/\/cmykprinted.com\/hr\/wp-json\/wp\/v2\/media?parent=1975"}],"wp:term":[{"taxonomy":"product_cat","embeddable":true,"href":"https:\/\/cmykprinted.com\/hr\/wp-json\/wp\/v2\/product_cat?post=1975"},{"taxonomy":"product_tag","embeddable":true,"href":"https:\/\/cmykprinted.com\/hr\/wp-json\/wp\/v2\/product_tag?post=1975"}],"curies":[{"name":"wp","href":"https:\/\/api.w.org\/{rel}","templated":true}]}}