{"id":2002,"date":"2024-04-08T03:40:15","date_gmt":"2024-04-08T03:40:15","guid":{"rendered":"https:\/\/cmykprinted.com\/?post_type=product&#038;p=2002"},"modified":"2024-04-08T04:07:18","modified_gmt":"2024-04-08T04:07:18","slug":"3d-embossed-nickel-metallic-decal-label-stickers","status":"publish","type":"product","link":"https:\/\/cmykprinted.com\/hr\/proizvod\/3d-izbocen-nikal-metalni-naljepnica-oznaka\/","title":{"rendered":"3D reljefne nikl metalne naljepnice s naljepnicama"},"content":{"rendered":"","protected":false},"excerpt":{"rendered":"<p>MOQ: 1 list (17*30 cm), mo\u017eete dizajnirati mnogo razli\u010ditih malih logotipa na listu. Cijena uzorka je 15 USD po listu. Ovaj tro\u0161ak ne uklju\u010duje tro\u0161kove dostave. Mo\u017eemo ih poslati \u0161irom svijeta u roku od 10 dana. Ako uzorci nisu hitni, mo\u017eemo koristiti EMS za slanje, to \u0107e trajati oko 12 dana. Ako je hitno, koristit \u0107emo DHL ili UPS ili Fedex za slanje.<\/p>\n<p>Metalik prijenosna naljepnica Boja naljepnice po izboru: srebrna, crna, bijela, crvena, zelena, ljubi\u010dasta, boje \u0161ampanjca, sjajno zlatna, plava.<\/p>\n<p>Brzi obrt: 2-3 dana<\/p>\n<p>Primjena\/uporaba: sve dok je povr\u0161ina va\u0161eg proizvoda \u010dista, glatka, tada na\u0161a 3D metalna naljepnica za prijenos mo\u017ee raditi na njoj. Koristimo 3M sna\u017eno samoljepljivo ljepilo na pole\u0111ini, tako da \u0107e naljepnica ostati \u010dvrsto.<\/p>\n<p>Dostupni su besplatni uzorci zaliha, obratite nam se!<\/p>\n<p>&nbsp;<\/p>\n<div style=\"width: 640px;\" class=\"wp-video\"><!--[if lt IE 9]><script>document.createElement('video');<\/script><![endif]--><br \/>\n<video class=\"wp-video-shortcode\" id=\"video-2002-1\" width=\"640\" height=\"360\" preload=\"metadata\" controls=\"controls\"><source type=\"video\/mp4\" src=\"https:\/\/cmykprinted.com\/wp-content\/uploads\/2024\/04\/Embossed-Nickel-Decal-Label-Stickers.mp4?_=1\" \/><a href=\"https:\/\/cmykprinted.com\/wp-content\/uploads\/2024\/04\/Embossed-Nickel-Decal-Label-Stickers.mp4\">https:\/\/cmykprinted.com\/wp-content\/uploads\/2024\/04\/Embossed-Nickel-Decal-Label-Stickers.mp4<\/a><\/video><\/div>\n<p>&nbsp;<\/p>","protected":false},"featured_media":2003,"template":"","meta":{"_kad_post_transparent":"default","_kad_post_title":"hide","_kad_post_layout":"fullwidth","_kad_post_sidebar_id":"","_kad_post_content_style":"unboxed","_kad_post_vertical_padding":"hide","_kad_post_feature":"hide","_kad_post_feature_position":"","_kad_post_header":false,"_kad_post_footer":false},"product_cat":[101,102],"product_tag":[413,412,411,410,414],"class_list":{"0":"post-2002","1":"product","2":"type-product","3":"status-publish","4":"has-post-thumbnail","6":"product_cat-transfer-stickers","7":"product_cat-metal-transfer-stickers","8":"product_tag-3d-embossed-nickel-metallic-decal","9":"product_tag-embossed-decals","10":"product_tag-embossed-labels","11":"product_tag-embossed-stickers","12":"product_tag-nickel-metallic-decal-label-stickers","14":"first","15":"instock","16":"shipping-taxable","17":"product-type-simple","18":"entry","19":"content-bg","20":"loop-entry"},"_links":{"self":[{"href":"https:\/\/cmykprinted.com\/hr\/wp-json\/wp\/v2\/product\/2002","targetHints":{"allow":["GET"]}}],"collection":[{"href":"https:\/\/cmykprinted.com\/hr\/wp-json\/wp\/v2\/product"}],"about":[{"href":"https:\/\/cmykprinted.com\/hr\/wp-json\/wp\/v2\/types\/product"}],"version-history":[{"count":1,"href":"https:\/\/cmykprinted.com\/hr\/wp-json\/wp\/v2\/product\/2002\/revisions"}],"predecessor-version":[{"id":2009,"href":"https:\/\/cmykprinted.com\/hr\/wp-json\/wp\/v2\/product\/2002\/revisions\/2009"}],"wp:featuredmedia":[{"embeddable":true,"href":"https:\/\/cmykprinted.com\/hr\/wp-json\/wp\/v2\/media\/2003"}],"wp:attachment":[{"href":"https:\/\/cmykprinted.com\/hr\/wp-json\/wp\/v2\/media?parent=2002"}],"wp:term":[{"taxonomy":"product_cat","embeddable":true,"href":"https:\/\/cmykprinted.com\/hr\/wp-json\/wp\/v2\/product_cat?post=2002"},{"taxonomy":"product_tag","embeddable":true,"href":"https:\/\/cmykprinted.com\/hr\/wp-json\/wp\/v2\/product_tag?post=2002"}],"curies":[{"name":"wp","href":"https:\/\/api.w.org\/{rel}","templated":true}]}}