{"id":2098,"date":"2024-05-09T08:52:07","date_gmt":"2024-05-09T08:52:07","guid":{"rendered":"https:\/\/cmykprinted.com\/?post_type=product&#038;p=2098"},"modified":"2024-05-09T09:36:29","modified_gmt":"2024-05-09T09:36:29","slug":"custom-metallic-3d-transfer-label-decal-stickers","status":"publish","type":"product","link":"https:\/\/cmykprinted.com\/hr\/proizvod\/custom-metallic-3d-transfer-label-decal-stickers\/","title":{"rendered":"Prilago\u0111ene metalne 3D naljepnice za prijenos naljepnica"},"content":{"rendered":"","protected":false},"excerpt":{"rendered":"<h1><strong>Prilago\u0111ene metalne 3D naljepnice za prijenos naljepnica <\/strong><\/h1>\n<ul>\n<li>Primjer narud\u017ebe: 1 list (17*30 cm), ako je va\u0161 logotip ili grafika mala, mo\u017eemo staviti mnogo komada u jedan list<\/li>\n<li>Primjene: Na\u0161e prilago\u0111ene metalne naljepnice nalaze primjenu u raznim sektorima, uklju\u010duju\u0107i parfumeriju, proizvodnju vina, spremnike za svije\u0107e, staklene boce i razne druge vrste boca. Tako\u0111er se koriste u torbicama za mobilne telefone, ku\u0107anskim aparatima, elektroni\u010dkim ure\u0111ajima, kutijama za pakiranje poklona, \u200b\u200bautomobilima, strojevima i brojnim drugim industrijama.<\/li>\n<li>Brza obrada: vrijeme isporuke uzorka: 3-4 dana i jedan tjedan do cijelog svijeta uz DHL ili Fedex ili UPS uslugu od vrata do vrata<\/li>\n<li>Najjeftinija tvorni\u010dka cijena za prilago\u0111enu metalnu naljepnicu za prijenos<\/li>\n<li>Imamo razli\u010dita ljepila za izradu prijenosne naljepnice za lijepljenje na razli\u010dite povr\u0161ine materijala. Dakle, morate nam re\u0107i ili pokazati svoj proizvod, kako bismo mogli znati koju vrstu ljepila trebamo koristiti. Ne mogu sve povr\u0161ine raditi s na\u0161im jakim ljepilom. Na primjer, test u nastavku nije uspio s na\u0161im jakim 3 M ljepilom.<strong> Stoga je neophodno odabrati dovoljno profesionalnu tvornicu za suradnju; ina\u010de bi to bio gubitak va\u0161eg dragocjenog vremena i novca.<\/strong><br \/>\n<figure id=\"attachment_2099\" aria-describedby=\"caption-attachment-2099\" style=\"width: 1280px\" class=\"wp-caption alignnone\"><img fetchpriority=\"high\" decoding=\"async\" class=\"size-full wp-image-2099\" src=\"https:\/\/cmykprinted.com\/wp-content\/uploads\/2024\/05\/custom-metallic-transfer-sticker.jpg\" alt=\"Prilago\u0111ene metalne naljepnice za prijenos\" width=\"1280\" height=\"1707\" srcset=\"https:\/\/cmykprinted.com\/wp-content\/uploads\/2024\/05\/custom-metallic-transfer-sticker.jpg 1280w, https:\/\/cmykprinted.com\/wp-content\/uploads\/2024\/05\/custom-metallic-transfer-sticker-225x300.jpg 225w, https:\/\/cmykprinted.com\/wp-content\/uploads\/2024\/05\/custom-metallic-transfer-sticker-768x1024.jpg 768w, https:\/\/cmykprinted.com\/wp-content\/uploads\/2024\/05\/custom-metallic-transfer-sticker-1152x1536.jpg 1152w, https:\/\/cmykprinted.com\/wp-content\/uploads\/2024\/05\/custom-metallic-transfer-sticker-9x12.jpg 9w, https:\/\/cmykprinted.com\/wp-content\/uploads\/2024\/05\/custom-metallic-transfer-sticker-600x800.jpg 600w\" sizes=\"(max-width: 1280px) 100vw, 1280px\" \/><figcaption id=\"caption-attachment-2099\" class=\"wp-caption-text\">Prilago\u0111ene metalne naljepnice za prijenos<\/figcaption><\/figure>\n<\/li>\n<\/ul>\n<h2><strong>Da bismo vam pokazali kako prenijeti naljepnicu s logotipom na proizvod, strpljivo pogledajte videozapis s uputama u nastavku:<\/strong><\/h2>\n<div style=\"width: 720px;\" class=\"wp-video\"><!--[if lt IE 9]><script>document.createElement('video');<\/script><![endif]--><br \/>\n<video class=\"wp-video-shortcode\" id=\"video-2098-1\" width=\"720\" height=\"720\" preload=\"metadata\" controls=\"controls\"><source type=\"video\/mp4\" src=\"https:\/\/cmykprinted.com\/wp-content\/uploads\/2024\/05\/how-to-peel-of-the-transfer-label.mp4?_=1\" \/><a href=\"https:\/\/cmykprinted.com\/wp-content\/uploads\/2024\/05\/how-to-peel-of-the-transfer-label.mp4\">https:\/\/cmykprinted.com\/wp-content\/uploads\/2024\/05\/how-to-peel-of-the-transfer-label.mp4<\/a><\/video><\/div>\n<p>&nbsp;<\/p>\n<p>&nbsp;<\/p>","protected":false},"featured_media":2101,"template":"","meta":{"_kad_post_transparent":"default","_kad_post_title":"hide","_kad_post_layout":"fullwidth","_kad_post_sidebar_id":"","_kad_post_content_style":"unboxed","_kad_post_vertical_padding":"hide","_kad_post_feature":"hide","_kad_post_feature_position":"","_kad_post_header":false,"_kad_post_footer":false},"product_cat":[101,102],"product_tag":[460,455,457,459,458,456],"class_list":{"0":"post-2098","1":"product","2":"type-product","3":"status-publish","4":"has-post-thumbnail","6":"product_cat-transfer-stickers","7":"product_cat-metal-transfer-stickers","8":"product_tag-custom-gold-transfer-label-for-bottle","9":"product_tag-custom-metallic-3d-transfer-labels","10":"product_tag-custom-metallic-transfer-decal","11":"product_tag-custom-transfer-sticker-for-wine","12":"product_tag-custom-transfer-stickers-for-perfumes","13":"product_tag-metallic-3d-transfer-label","15":"first","16":"instock","17":"shipping-taxable","18":"product-type-simple","19":"entry","20":"content-bg","21":"loop-entry"},"_links":{"self":[{"href":"https:\/\/cmykprinted.com\/hr\/wp-json\/wp\/v2\/product\/2098","targetHints":{"allow":["GET"]}}],"collection":[{"href":"https:\/\/cmykprinted.com\/hr\/wp-json\/wp\/v2\/product"}],"about":[{"href":"https:\/\/cmykprinted.com\/hr\/wp-json\/wp\/v2\/types\/product"}],"version-history":[{"count":1,"href":"https:\/\/cmykprinted.com\/hr\/wp-json\/wp\/v2\/product\/2098\/revisions"}],"predecessor-version":[{"id":2107,"href":"https:\/\/cmykprinted.com\/hr\/wp-json\/wp\/v2\/product\/2098\/revisions\/2107"}],"wp:featuredmedia":[{"embeddable":true,"href":"https:\/\/cmykprinted.com\/hr\/wp-json\/wp\/v2\/media\/2101"}],"wp:attachment":[{"href":"https:\/\/cmykprinted.com\/hr\/wp-json\/wp\/v2\/media?parent=2098"}],"wp:term":[{"taxonomy":"product_cat","embeddable":true,"href":"https:\/\/cmykprinted.com\/hr\/wp-json\/wp\/v2\/product_cat?post=2098"},{"taxonomy":"product_tag","embeddable":true,"href":"https:\/\/cmykprinted.com\/hr\/wp-json\/wp\/v2\/product_tag?post=2098"}],"curies":[{"name":"wp","href":"https:\/\/api.w.org\/{rel}","templated":true}]}}