{"id":2189,"date":"2024-09-18T13:06:31","date_gmt":"2024-09-18T13:06:31","guid":{"rendered":"https:\/\/cmykprinted.com\/?post_type=product&#038;p=2189"},"modified":"2024-09-19T01:45:11","modified_gmt":"2024-09-19T01:45:11","slug":"full-colors-custom-8-feet-printed-spandex-table-covers","status":"publish","type":"product","link":"https:\/\/cmykprinted.com\/hr\/proizvod\/pune-boje-po-mjeri-8-nogu-otisnute-spandex-navlake-za-stolove\/","title":{"rendered":"Navlake za stolove od spandexa s otiskom od 8 stopa u punim bojama"},"content":{"rendered":"","protected":false},"excerpt":{"rendered":"<p><strong>Navlake za stolove s tiskanim spandexom po narud\u017ebi: savr\u0161en zaslon za va\u0161u marku<\/strong><\/p>\n<p>Prekriva\u010di za stolove od spandexa postali su glavna stvar u svijetu sajmova, promotivnih doga\u0111aja i maloprodajnih izloga. Nude\u0107i i oblik i funkciju, ove elegantne, elegantne konturne rastezljive presvlake za stol od spandeksa dizajnirane su za udobno pristajanje, \u017eivahnu vizualnu privla\u010dnost i neusporedivu izdr\u017eljivost.<\/p>\n<p><strong>Prilagodba prilago\u0111ena va\u0161im potrebama<\/strong><\/p>\n<p>Na\u0161e presvlake za stolove od spandex dostupne su u nekoliko konfiguracija kako bi se prilagodile va\u0161im specifi\u010dnim zahtjevima. Bilo da vam je potrebna 4-strana navlaka, 4-strana navlaka s patentnim zatvara\u010dem za jednostavan pristup spremi\u0161tu ispod stola ili 3-strana otvorena pole\u0111ina koja omogu\u0107uje \u010dlanu osoblja da sjedi za zaslonom, mi imamo pokrio sam te. Mje\u0161avina tkanine od spandexa i poliestera osigurava fini\u0161 gotovo bez nabora koji izgleda sjajno u svakom okru\u017eenju.<\/p>\n<p>Dizajnirane za unutarnja i vanjska doga\u0111anja, ove su presvlake popularne na sajmovima, maloprodajnim trgovinama, promotivnim doga\u0111ajima i korporativnim lobijima. Oja\u010dani d\u017eepovi na nogavicama i \u010dvrsti patentni zatvara\u010di dvostruko su u\u0161iveni za dodatnu izdr\u017eljivost, osiguravaju\u0107i da navlaka ostaje sigurno na mjestu, \u010dak i u vjetrovitim uvjetima. Nema vi\u0161e brige da \u0107e vam pokriva\u010d stola otpuhati na otvorenom.<\/p>\n<p>Visokokvalitetna tkanina i tisak za maksimalan u\u010dinak<\/p>\n<p>Ono \u0161to izdvaja na\u0161e presvlake za stolove je kvaliteta materijala i proces tiska. Izra\u0111ene od 280 GSM tkanine, na\u0161e su presvlake deblje i izdr\u017eljivije od ve\u0107ine konkurenata, a to se vidi i na kona\u010dnom proizvodu. Usredoto\u010deni smo na svaki detalj kako bismo isporu\u010dili proizvod koji prema\u0161uje o\u010dekivanja.<\/p>\n<p>Oja\u010dani polipropilenski d\u017eepovi za noge su izuzetno \u0161iroki, osiguravaju\u0107i da odgovaraju svakoj konfiguraciji nogu stola. Ova pedantna pa\u017enja posve\u0107ena dizajnu \u010dini navlake ne samo izdr\u017eljivima nego i svestranim, prikladnima za bilo koje okru\u017eenje doga\u0111aja.<\/p>\n<p>Jedna od klju\u010dnih zna\u010dajki na\u0161ih prekriva\u010da za stolove od spandexa je \u017eivopisan, visokokvalitetan ispis logotipa koji \u0107e va\u0161u marku istaknuti. Koriste\u0107i tehnologiju sublimacije boje, prenosimo va\u0161 dizajn pomo\u0107u intenzivne topline, u potpunosti ugra\u0111uju\u0107i boje u tkaninu. Ova napredna tehnika ispisa rezultira trajnim, briljantnim bojama koje ne\u0107e izblijediti. Bilo da \u017eelite ispisati tisu\u0107e boja, visokokvalitetne fotografske slike ili elemente spot-colora, mo\u017eemo o\u017eivjeti va\u0161u viziju.<\/p>\n<p>Na\u0161 postupak ispisa osigurava da \u0107e \u010dak i najslo\u017eeniji detalji va\u0161eg logotipa ili dizajna &#034;isko\u010diti&#034;, daju\u0107i va\u0161em zaslonu profesionalan, ugla\u0111en izgled. Po \u017eelji mo\u017eete \u010dak stvoriti 3D efekt svojim dizajnom.<\/p>\n<p>Mogu\u0107nosti prilago\u0111enog dizajna: Va\u0161 brand, Va\u0161 na\u010din<\/p>\n<p>Nudimo potpune mogu\u0107nosti prilagodbe kako bismo zadovoljili va\u0161e potrebe brendiranja. Odaberite bijelu pozadinu, jednu od na\u0161ih 20 dostupnih boja ili nam dostavite odre\u0111enu Pantone boju ili uzorak za pozadinu. Bilo da trebate otisnut cijeli pokrov stola ili samo prednju plo\u010du, nudimo istu cijenu za obje opcije.<\/p>\n<p>Ako nemate umjetni\u010dku datoteku visoke razlu\u010divosti, na\u0161i grafi\u010dki dizajneri mogu vam pomo\u0107i pretvoriti postoje\u0107u datoteku ili pomo\u0107i u stvaranju novog dizajna za ispis.<\/p>\n<p>Izdr\u017eljiv i jednostavan za odr\u017eavanje<\/p>\n<p>Na\u0161e presvlake za stolove od spandexa dizajnirane su da traju. Ne samo da su otporne na gu\u017evanje, ve\u0107 se mogu prati i u perilici radi lak\u0161eg odr\u017eavanja. Jednostavno koristite vodu za pranje bez pra\u0161ka za izbjeljivanje. Ove \u0107e se navlake rastegnuti i vratiti u oblik, daju\u0107i vam profesionalni izgled svaki put.<\/p>\n<p>Brzo i pouzdano vrijeme proizvodnje<\/p>\n<p>Shva\u0107amo va\u017enost rokova, zbog \u010dega nudimo fleksibilne rasporede proizvodnje:<\/p>\n<p>Proizvodnja za 4 dana<br \/>\nTrodnevna standardna proizvodnja<br \/>\n2 dana hitne proizvodnje<br \/>\nEkspresna proizvodnja sljede\u0107eg dana<br \/>\nIsti dan Rush Critical Production<br \/>\nTako\u0111er jam\u010dimo na\u0161e vrijeme proizvodnje. Ako se ne pridr\u017eavamo zajam\u010denog vremenskog okvira, dobit \u0107ete puni povrat novca, a pokriva\u010d va\u0161eg stola bit \u0107e ispisan i otpremljen bez naknade.<\/p>\n<p>Bez skrivenih naknada: ono \u0161to vidite to i dobijete.<\/p>\n<div style=\"width: 854px;\" class=\"wp-video\"><!--[if lt IE 9]><script>document.createElement('video');<\/script><![endif]--><br \/>\n<video class=\"wp-video-shortcode\" id=\"video-2189-1\" width=\"854\" height=\"480\" preload=\"metadata\" controls=\"controls\"><source type=\"video\/mp4\" src=\"https:\/\/cmykprinted.com\/wp-content\/uploads\/2024\/09\/printed-spandex-table-covers.mp4?_=1\" \/><a href=\"https:\/\/cmykprinted.com\/wp-content\/uploads\/2024\/09\/printed-spandex-table-covers.mp4\">https:\/\/cmykprinted.com\/wp-content\/uploads\/2024\/09\/printed-spandex-table-covers.mp4<\/a><\/video><\/div>","protected":false},"featured_media":2193,"template":"","meta":{"_kad_post_transparent":"default","_kad_post_title":"hide","_kad_post_layout":"fullwidth","_kad_post_sidebar_id":"","_kad_post_content_style":"unboxed","_kad_post_vertical_padding":"hide","_kad_post_feature":"hide","_kad_post_feature_position":"","_kad_post_header":false,"_kad_post_footer":false},"product_cat":[80,81,83],"product_tag":[496,497,498,494,495],"class_list":{"0":"post-2189","1":"product","2":"type-product","3":"status-publish","4":"has-post-thumbnail","6":"product_cat-custom-tablecloth","7":"product_cat-custom-stretch-tablecloth","8":"product_cat-fitted-table-cover","9":"product_tag-8-feet-printed-spandex-table-covers","10":"product_tag-custom-8-feet-table-cover","11":"product_tag-full-colors-printed-table-covers","12":"product_tag-printed-spandex-table-covers","13":"product_tag-spandex-table-covers","15":"first","16":"instock","17":"shipping-taxable","18":"product-type-simple","19":"entry","20":"content-bg","21":"loop-entry"},"_links":{"self":[{"href":"https:\/\/cmykprinted.com\/hr\/wp-json\/wp\/v2\/product\/2189","targetHints":{"allow":["GET"]}}],"collection":[{"href":"https:\/\/cmykprinted.com\/hr\/wp-json\/wp\/v2\/product"}],"about":[{"href":"https:\/\/cmykprinted.com\/hr\/wp-json\/wp\/v2\/types\/product"}],"version-history":[{"count":2,"href":"https:\/\/cmykprinted.com\/hr\/wp-json\/wp\/v2\/product\/2189\/revisions"}],"predecessor-version":[{"id":2200,"href":"https:\/\/cmykprinted.com\/hr\/wp-json\/wp\/v2\/product\/2189\/revisions\/2200"}],"wp:featuredmedia":[{"embeddable":true,"href":"https:\/\/cmykprinted.com\/hr\/wp-json\/wp\/v2\/media\/2193"}],"wp:attachment":[{"href":"https:\/\/cmykprinted.com\/hr\/wp-json\/wp\/v2\/media?parent=2189"}],"wp:term":[{"taxonomy":"product_cat","embeddable":true,"href":"https:\/\/cmykprinted.com\/hr\/wp-json\/wp\/v2\/product_cat?post=2189"},{"taxonomy":"product_tag","embeddable":true,"href":"https:\/\/cmykprinted.com\/hr\/wp-json\/wp\/v2\/product_tag?post=2189"}],"curies":[{"name":"wp","href":"https:\/\/api.w.org\/{rel}","templated":true}]}}