{"id":2202,"date":"2024-09-19T05:59:18","date_gmt":"2024-09-19T05:59:18","guid":{"rendered":"https:\/\/cmykprinted.com\/?post_type=product&#038;p=2202"},"modified":"2024-10-06T04:57:21","modified_gmt":"2024-10-06T04:57:21","slug":"cheap-and-fast-turnaround-uv-transfer-sticker-printing","status":"publish","type":"product","link":"https:\/\/cmykprinted.com\/hr\/proizvod\/jeftino-i-brzo-uv-prijenosno-tiskanje-naljepnica\/","title":{"rendered":"Jeftin i brz ispis UV prijenosnih naljepnica"},"content":{"rendered":"","protected":false},"excerpt":{"rendered":"<p>Na dana\u0161njem konkurentnom tr\u017ei\u0161tu, istaknuti svoj brend je va\u017enije nego ikad. Jedna od najinovativnijih i naju\u010dinkovitijih metoda za postizanje toga je UV transfer naljepnica. Ova tehnika, posebno UV DTF (izravno na film) ispis, nudi isplativo rje\u0161enje za izradu prilago\u0111enih naljepnica koje ne samo da privla\u010de pa\u017enju, ve\u0107 su i svestrane.<\/p>\n<div style=\"width: 854px;\" class=\"wp-video\"><!--[if lt IE 9]><script>document.createElement('video');<\/script><![endif]--><br \/>\n<video class=\"wp-video-shortcode\" id=\"video-2202-1\" width=\"854\" height=\"480\" preload=\"metadata\" controls=\"controls\"><source type=\"video\/mp4\" src=\"https:\/\/cmykprinted.com\/wp-content\/uploads\/2024\/09\/uv-transfer-sticker-printing.mp4?_=1\" \/><a href=\"https:\/\/cmykprinted.com\/wp-content\/uploads\/2024\/09\/uv-transfer-sticker-printing.mp4\">https:\/\/cmykprinted.com\/wp-content\/uploads\/2024\/09\/uv-transfer-sticker-printing.mp4<\/a><\/video><\/div>","protected":false},"featured_media":2223,"template":"","meta":{"_kad_post_transparent":"default","_kad_post_title":"hide","_kad_post_layout":"fullwidth","_kad_post_sidebar_id":"","_kad_post_content_style":"unboxed","_kad_post_vertical_padding":"hide","_kad_post_feature":"hide","_kad_post_feature_position":"","_kad_post_header":false,"_kad_post_footer":false},"product_cat":[101,103],"product_tag":[509,510,508,507],"class_list":{"0":"post-2202","1":"product","2":"type-product","3":"status-publish","4":"has-post-thumbnail","6":"product_cat-transfer-stickers","7":"product_cat-uv-transfer-stickers","8":"product_tag-cheap-uv-transfer-sticker","9":"product_tag-cheap-uv-transfer-sticker-printing","10":"product_tag-transfer-sticker-printing","11":"product_tag-uv-transfer-sticker-printing","13":"first","14":"instock","15":"shipping-taxable","16":"product-type-simple","17":"entry","18":"content-bg","19":"loop-entry"},"_links":{"self":[{"href":"https:\/\/cmykprinted.com\/hr\/wp-json\/wp\/v2\/product\/2202","targetHints":{"allow":["GET"]}}],"collection":[{"href":"https:\/\/cmykprinted.com\/hr\/wp-json\/wp\/v2\/product"}],"about":[{"href":"https:\/\/cmykprinted.com\/hr\/wp-json\/wp\/v2\/types\/product"}],"version-history":[{"count":1,"href":"https:\/\/cmykprinted.com\/hr\/wp-json\/wp\/v2\/product\/2202\/revisions"}],"predecessor-version":[{"id":2229,"href":"https:\/\/cmykprinted.com\/hr\/wp-json\/wp\/v2\/product\/2202\/revisions\/2229"}],"wp:featuredmedia":[{"embeddable":true,"href":"https:\/\/cmykprinted.com\/hr\/wp-json\/wp\/v2\/media\/2223"}],"wp:attachment":[{"href":"https:\/\/cmykprinted.com\/hr\/wp-json\/wp\/v2\/media?parent=2202"}],"wp:term":[{"taxonomy":"product_cat","embeddable":true,"href":"https:\/\/cmykprinted.com\/hr\/wp-json\/wp\/v2\/product_cat?post=2202"},{"taxonomy":"product_tag","embeddable":true,"href":"https:\/\/cmykprinted.com\/hr\/wp-json\/wp\/v2\/product_tag?post=2202"}],"curies":[{"name":"wp","href":"https:\/\/api.w.org\/{rel}","templated":true}]}}