{"id":2204,"date":"2024-09-27T08:24:46","date_gmt":"2024-09-27T08:24:46","guid":{"rendered":"https:\/\/cmykprinted.com\/?post_type=product&#038;p=2204"},"modified":"2024-09-30T01:11:28","modified_gmt":"2024-09-30T01:11:28","slug":"custom-advertising-flags-for-promotional-business-use-at-best-price","status":"publish","type":"product","link":"https:\/\/cmykprinted.com\/hr\/proizvod\/prilagodene-reklamne-zastave-za-promotivnu-poslovnu-upotrebu-po-najboljoj-cijeni\/","title":{"rendered":"Prilago\u0111ene reklamne zastavice za promotivnu i poslovnu upotrebu po najboljoj cijeni"},"content":{"rendered":"","protected":false},"excerpt":{"rendered":"<p>Tra\u017eite u\u010dinkovit, ali pristupa\u010dan na\u010din za pove\u0107anje vidljivosti va\u0161eg brenda? Prilago\u0111ene reklamne zastavice idealno su rje\u0161enje za tvrtke koje \u017eele privu\u0107i pozornost i privu\u0107i vi\u0161e kupaca. Ove \u017eivopisne prilago\u0111ene tiskane zastavice mo\u0107an su marketin\u0161ki alat za pobolj\u0161anje va\u0161eg izloga ili prisutnosti na doga\u0111aju. Na\u0161e prilago\u0111ene reklamne zastave mogu se koristiti ne samo u poslovne svrhe, ve\u0107 i za promociju sportskih doga\u0111aja, isticanje zastave na nacionalni dan i kao alat za predsjedni\u010dke kampanje u raznim zemljama. Neka ljudi po cijeloj ulici dr\u017ee zastave s va\u0161im imenom ili fotografijom, a cijena je tako\u0111er jeftina. Ovo je vrlo u\u010dinkovit i ekonomi\u010dan posao prikupljanja glasova bira\u010da.<\/p>\n<p><strong>Dobrodo\u0161li u kontakt s na\u0161im prodajnim timom za najbr\u017eu najbolju uslugu i besplatne uzorke kako biste vidjeli na\u0161u kvalitetu.<\/strong><\/p>\n<div style=\"width: 1280px;\" class=\"wp-video\"><!--[if lt IE 9]><script>document.createElement('video');<\/script><![endif]--><br \/>\n<video class=\"wp-video-shortcode\" id=\"video-2204-1\" width=\"1280\" height=\"576\" preload=\"metadata\" controls=\"controls\"><source type=\"video\/mp4\" src=\"https:\/\/cmykprinted.com\/wp-content\/uploads\/2024\/09\/custom-advertising-flags.mp4?_=1\" \/><a href=\"https:\/\/cmykprinted.com\/wp-content\/uploads\/2024\/09\/custom-advertising-flags.mp4\">https:\/\/cmykprinted.com\/wp-content\/uploads\/2024\/09\/custom-advertising-flags.mp4<\/a><\/video><\/div>\n<p>&nbsp;<\/p>","protected":false},"featured_media":2205,"template":"","meta":{"_kad_post_transparent":"default","_kad_post_title":"hide","_kad_post_layout":"fullwidth","_kad_post_sidebar_id":"","_kad_post_content_style":"unboxed","_kad_post_vertical_padding":"hide","_kad_post_feature":"hide","_kad_post_feature_position":"","_kad_post_header":false,"_kad_post_footer":false},"product_cat":[79],"product_tag":[500,499,503,501,502],"class_list":{"0":"post-2204","1":"product","2":"type-product","3":"status-publish","4":"has-post-thumbnail","6":"product_cat-custom-flags","7":"product_tag-advertising-flags","8":"product_tag-custom-advertising-flags","9":"product_tag-custom-advertising-flags-at-best-price","10":"product_tag-custom-flags","11":"product_tag-custom-flags-cheap","13":"first","14":"instock","15":"shipping-taxable","16":"product-type-simple","17":"entry","18":"content-bg","19":"loop-entry"},"_links":{"self":[{"href":"https:\/\/cmykprinted.com\/hr\/wp-json\/wp\/v2\/product\/2204","targetHints":{"allow":["GET"]}}],"collection":[{"href":"https:\/\/cmykprinted.com\/hr\/wp-json\/wp\/v2\/product"}],"about":[{"href":"https:\/\/cmykprinted.com\/hr\/wp-json\/wp\/v2\/types\/product"}],"version-history":[{"count":3,"href":"https:\/\/cmykprinted.com\/hr\/wp-json\/wp\/v2\/product\/2204\/revisions"}],"predecessor-version":[{"id":2212,"href":"https:\/\/cmykprinted.com\/hr\/wp-json\/wp\/v2\/product\/2204\/revisions\/2212"}],"wp:featuredmedia":[{"embeddable":true,"href":"https:\/\/cmykprinted.com\/hr\/wp-json\/wp\/v2\/media\/2205"}],"wp:attachment":[{"href":"https:\/\/cmykprinted.com\/hr\/wp-json\/wp\/v2\/media?parent=2204"}],"wp:term":[{"taxonomy":"product_cat","embeddable":true,"href":"https:\/\/cmykprinted.com\/hr\/wp-json\/wp\/v2\/product_cat?post=2204"},{"taxonomy":"product_tag","embeddable":true,"href":"https:\/\/cmykprinted.com\/hr\/wp-json\/wp\/v2\/product_tag?post=2204"}],"curies":[{"name":"wp","href":"https:\/\/api.w.org\/{rel}","templated":true}]}}