{"id":2213,"date":"2024-09-30T03:03:20","date_gmt":"2024-09-30T03:03:20","guid":{"rendered":"https:\/\/cmykprinted.com\/?post_type=product&#038;p=2213"},"modified":"2024-10-02T12:51:57","modified_gmt":"2024-10-02T12:51:57","slug":"oval-pop-up-a-frame-banner-with-fast-turnaround","status":"publish","type":"product","link":"https:\/\/cmykprinted.com\/hr\/proizvod\/ovalni-pop-up-okvirni-banner-s-brzim-povratom\/","title":{"rendered":"Ovalni iska\u010du\u0107i natpis s okvirom s brzim preokretom"},"content":{"rendered":"","protected":false},"excerpt":{"rendered":"<p>Na dana\u0161njem konkurentnom tr\u017ei\u0161tu bitno je istaknuti svoju marku. Unesite sko\u010dni prozor A<\/p>\n<p>Frame Banner\u2014lagano, prijenosno i vrlo u\u010dinkovito rje\u0161enje za prikaz savr\u0161eno za doga\u0111aje u zatvorenom i na otvorenom. Ovi svestrani banneri dizajnirani su za trenutnu vidljivost i idealni su za sportske doga\u0111aje, sajmove, promocije i znakove usmjerenja.<\/p>\n<p><strong>Klju\u010dne zna\u010dajke<\/strong><br \/>\n<strong>Prenosivost i prakti\u010dnost:<\/strong><br \/>\nBanneri Oval Pop Up A-Frame dizajnirani su imaju\u0107i na umu mobilnost. Njihov sklopivi metalni okvir se bez napora sklapa u kompaktnu torbu za pohranu, \u010dine\u0107i transport i postavljanje lakim. Bez obzira idete li na sajam ili sportski doga\u0111aj, ove bannere lako mo\u017eete ponijeti gdje god vam je potrebna maksimalna izlo\u017eenost.<\/p>\n<p><strong>Sigurnost prije svega:<\/strong><br \/>\nJedna od istaknutih zna\u010dajki dizajna A-okvira je njegova sigurnost. Za razliku od krutih zaslona, \u200b\u200bovi banneri ne predstavljaju opasnost od ozljeda za igra\u010de ili sudionike na sportskim terenima, \u0161to ih \u010dini prakti\u010dnim izborom za doga\u0111aje na otvorenom.<\/p>\n<p><strong>Prilagodljive veli\u010dine i oblici:<\/strong><br \/>\nDostupan u \u010detiri veli\u010dine\u2014Small (62 x 126 cm), Medium (65 x 160 cm), Large (100 x 200 cm) i Extra Large (110 x 270 cm)\u2014 Pop Up A-okvir mo\u017ee se skrojiti tako da odgovara bilo kojoj prilici. Svaki banner je dvostrani s punim sublimacijskim ispisom, \u010dime se osigurava \u017eivopisna grafika koja privla\u010di pozornost iz svih kutova.<\/p>\n<p><strong>Stabilnost u svim uvjetima:<\/strong><br \/>\nKako bi se osigurala stabilnost, svaki banner dolazi s uzemljenim ko\u010di\u0107ima za upotrebu na mekim povr\u0161inama poput pijeska, trave, snijega ili tla. Na tvrdim povr\u0161inama jednostavno ih utegnite za dodatnu sigurnost. Ova zna\u010dajka osigurava da va\u0161 banner ostane uspravan i vidljiv, bez obzira na okru\u017eenje.<\/p>\n<p><strong>Savr\u0161eno za svaki doga\u0111aj<\/strong><br \/>\nPop Up A-Frame banneri posebno su prikladni za doga\u0111aje na otvorenom kao \u0161to su natjecanja u tr\u010danju, golf turniri i festivali. Njihova mogu\u0107nost jednostavnog postavljanja, rastavljanja i skladi\u0161tenja \u010dini ih idealnim izborom za organizatore doga\u0111aja koji \u017eele maksimizirati prikazivanje robne marke i anga\u017eman.<\/p>\n<div style=\"width: 800px;\" class=\"wp-video\"><!--[if lt IE 9]><script>document.createElement('video');<\/script><![endif]--><br \/>\n<video class=\"wp-video-shortcode\" id=\"video-2213-1\" width=\"800\" height=\"800\" preload=\"metadata\" controls=\"controls\"><source type=\"video\/mp4\" src=\"https:\/\/cmykprinted.com\/wp-content\/uploads\/2024\/09\/pop-up-a-frame-banner-01.mp4?_=1\" \/><a href=\"https:\/\/cmykprinted.com\/wp-content\/uploads\/2024\/09\/pop-up-a-frame-banner-01.mp4\">https:\/\/cmykprinted.com\/wp-content\/uploads\/2024\/09\/pop-up-a-frame-banner-01.mp4<\/a><\/video><\/div>","protected":false},"featured_media":2217,"template":"","meta":{"_kad_post_transparent":"default","_kad_post_title":"hide","_kad_post_layout":"fullwidth","_kad_post_sidebar_id":"","_kad_post_content_style":"unboxed","_kad_post_vertical_padding":"hide","_kad_post_feature":"hide","_kad_post_feature_position":"","_kad_post_header":false,"_kad_post_footer":false},"product_cat":[92,94],"product_tag":[506,505,504,128],"class_list":{"0":"post-2213","1":"product","2":"type-product","3":"status-publish","4":"has-post-thumbnail","6":"product_cat-pop-up-banners","7":"product_cat-horizontal-pop-up-banners","8":"product_tag-a-frame-banner","9":"product_tag-oval-pop-up-a-frame-banner","10":"product_tag-pop-up-a-frame-banner","11":"product_tag-pop-up-banner","13":"first","14":"instock","15":"shipping-taxable","16":"product-type-simple","17":"entry","18":"content-bg","19":"loop-entry"},"_links":{"self":[{"href":"https:\/\/cmykprinted.com\/hr\/wp-json\/wp\/v2\/product\/2213","targetHints":{"allow":["GET"]}}],"collection":[{"href":"https:\/\/cmykprinted.com\/hr\/wp-json\/wp\/v2\/product"}],"about":[{"href":"https:\/\/cmykprinted.com\/hr\/wp-json\/wp\/v2\/types\/product"}],"version-history":[{"count":1,"href":"https:\/\/cmykprinted.com\/hr\/wp-json\/wp\/v2\/product\/2213\/revisions"}],"predecessor-version":[{"id":2222,"href":"https:\/\/cmykprinted.com\/hr\/wp-json\/wp\/v2\/product\/2213\/revisions\/2222"}],"wp:featuredmedia":[{"embeddable":true,"href":"https:\/\/cmykprinted.com\/hr\/wp-json\/wp\/v2\/media\/2217"}],"wp:attachment":[{"href":"https:\/\/cmykprinted.com\/hr\/wp-json\/wp\/v2\/media?parent=2213"}],"wp:term":[{"taxonomy":"product_cat","embeddable":true,"href":"https:\/\/cmykprinted.com\/hr\/wp-json\/wp\/v2\/product_cat?post=2213"},{"taxonomy":"product_tag","embeddable":true,"href":"https:\/\/cmykprinted.com\/hr\/wp-json\/wp\/v2\/product_tag?post=2213"}],"curies":[{"name":"wp","href":"https:\/\/api.w.org\/{rel}","templated":true}]}}