{"id":2452,"date":"2025-04-23T09:23:08","date_gmt":"2025-04-23T09:23:08","guid":{"rendered":"https:\/\/cmykprinted.com\/?post_type=product&#038;p=2452"},"modified":"2025-04-23T09:23:08","modified_gmt":"2025-04-23T09:23:08","slug":"custom-trade-show-table-drapes","status":"publish","type":"product","link":"https:\/\/cmykprinted.com\/hr\/proizvod\/prilagodeni-sajamski-stolnjaci\/","title":{"rendered":"Zastori za stolove sajmova po narud\u017ebi"},"content":{"rendered":"","protected":false},"excerpt":{"rendered":"<p>U\u010dinite da va\u0161i klijenti zablistaju na njihovom sljede\u0107em sajmu ili prezentaciji s na\u0161im privla\u010dnim, visokokvalitetnim, prilago\u0111enim tiskanim zavjesama za sajamske stolove. Dostupne u 3-stranom dizajnu s otvorenim stra\u017enjim dijelom i 4-stranom dizajnu sa zatvorenim stra\u017enjim dijelom, ove su presvlake skrojene kako bi savr\u0161eno pristajale svakom stolu, kao \u0161to su 4 stope, 6 stopa i 8 stopa ili prilago\u0111ene. Izra\u0111ene od izdr\u017eljivog poliestera od 8,8 OZ i tiskane naprednom tehnologijom sublimacije boje, ove sajamske zavjese za stol izra\u0111ene su da izdr\u017ee u\u017eurbano okru\u017eenje bilo kojeg doga\u0111aja.<\/p>\n<p>Odr\u017eavanje izlo\u017ebenog \u0161tanda urednim i urednim mo\u017ee biti izazov, osobito s povremenim prolijevanjem. Sre\u0107om, na\u0161e potpuno perive presvlake za stol u punoj boji \u010dine \u010di\u0161\u0107enje lakim. Va\u0161i kupci \u0107e cijeniti pogodnost \u0161to mo\u017eete baciti stolnjak u perilicu na kraju dana\u2014vra\u0107aju\u0107i njegove hrabre, \u017eive boje preko no\u0107i. S na\u0161im prilago\u0111enim zastorima za sajamske stolove, va\u0161i klijenti mogu odr\u017eavati svoje \u0161tandove o\u0161trim i profesionalnim iz dana u dan.<\/p>","protected":false},"featured_media":2457,"template":"","meta":{"_kad_post_transparent":"default","_kad_post_title":"hide","_kad_post_layout":"fullwidth","_kad_post_sidebar_id":"","_kad_post_content_style":"unboxed","_kad_post_vertical_padding":"hide","_kad_post_feature":"hide","_kad_post_feature_position":"","_kad_post_header":false,"_kad_post_footer":false},"product_cat":[80,81],"product_tag":[552,551],"class_list":{"0":"post-2452","1":"product","2":"type-product","3":"status-publish","4":"has-post-thumbnail","6":"product_cat-custom-tablecloth","7":"product_cat-custom-stretch-tablecloth","8":"product_tag-custom-trade-show-table-drapes","9":"product_tag-trade-show-table-drapes","11":"first","12":"instock","13":"shipping-taxable","14":"product-type-simple","15":"entry","16":"content-bg","17":"loop-entry"},"_links":{"self":[{"href":"https:\/\/cmykprinted.com\/hr\/wp-json\/wp\/v2\/product\/2452","targetHints":{"allow":["GET"]}}],"collection":[{"href":"https:\/\/cmykprinted.com\/hr\/wp-json\/wp\/v2\/product"}],"about":[{"href":"https:\/\/cmykprinted.com\/hr\/wp-json\/wp\/v2\/types\/product"}],"version-history":[{"count":1,"href":"https:\/\/cmykprinted.com\/hr\/wp-json\/wp\/v2\/product\/2452\/revisions"}],"predecessor-version":[{"id":2458,"href":"https:\/\/cmykprinted.com\/hr\/wp-json\/wp\/v2\/product\/2452\/revisions\/2458"}],"wp:featuredmedia":[{"embeddable":true,"href":"https:\/\/cmykprinted.com\/hr\/wp-json\/wp\/v2\/media\/2457"}],"wp:attachment":[{"href":"https:\/\/cmykprinted.com\/hr\/wp-json\/wp\/v2\/media?parent=2452"}],"wp:term":[{"taxonomy":"product_cat","embeddable":true,"href":"https:\/\/cmykprinted.com\/hr\/wp-json\/wp\/v2\/product_cat?post=2452"},{"taxonomy":"product_tag","embeddable":true,"href":"https:\/\/cmykprinted.com\/hr\/wp-json\/wp\/v2\/product_tag?post=2452"}],"curies":[{"name":"wp","href":"https:\/\/api.w.org\/{rel}","templated":true}]}}