{"id":2524,"date":"2025-05-16T07:24:19","date_gmt":"2025-05-16T07:24:19","guid":{"rendered":"https:\/\/cmykprinted.com\/?post_type=product&#038;p=2524"},"modified":"2025-05-16T07:24:19","modified_gmt":"2025-05-16T07:24:19","slug":"custom-table-cloths-for-6-foot-table","status":"publish","type":"product","link":"https:\/\/cmykprinted.com\/hr\/proizvod\/prilagodeni-stolnjaci-za-stol-od-6-stopa\/","title":{"rendered":"Stolnjaci po mjeri za stol od 6 stopa"},"content":{"rendered":"","protected":false},"excerpt":{"rendered":"<p>Stolnjaci po mjeri za stol od 1,8 m \u2013 Personalizirana elegancija i funkcionalnost<\/p>\n<p>Preobrazite bilo koji doga\u0111aj, sajam ili blagovaonicu uz na\u0161e vrhunske stolnjake po mjeri za stolove od 1,8 m. Dizajnirani da savr\u0161eno odgovaraju standardnim pravokutnim stolovima od 1,8 m (obi\u010dno duljine 183 cm, \u0161irine 76 cm i visine 75-76 cm), na\u0161i stolnjaci nude idealnu kombinaciju prilago\u0111enog dizajna, visokokvalitetne tkanine i personaliziranog stila. Bez obzira brendirate li svoje poslovanje ili pobolj\u0161avate ure\u0111enje doma, ovi stolnjaci po mjeri pru\u017eaju i ljepotu i prakti\u010dnost.<\/p>\n<p>Prilago\u0111eno za profesionalni izgled<br \/>\nNa\u0161i stolnjaci po mjeri izra\u0111eni su s precizno\u0161\u0107u kako bi osigurali \u010dvrsto i elegantno pristajanje na stol od 1,8 metara. Proporcije su dizajnirane da se glatko spu\u0161taju sa svih strana, pru\u017eaju\u0107i \u010dist izgled bez nabora koji pobolj\u0161ava estetiku va\u0161e prezentacije ili doga\u0111aja. Bilo da se koriste za formalne bankete, izlo\u017ebe ili le\u017eerna okupljanja, pripijeni stil dodaje da\u0161ak profesionalnosti i sofisticiranosti.<\/p>\n<div style=\"width: 1280px;\" class=\"wp-video\"><!--[if lt IE 9]><script>document.createElement('video');<\/script><![endif]--><br \/>\n<video class=\"wp-video-shortcode\" id=\"video-2524-1\" width=\"1280\" height=\"720\" preload=\"metadata\" controls=\"controls\"><source type=\"video\/mp4\" src=\"https:\/\/cmykprinted.com\/wp-content\/uploads\/2025\/05\/Logo-Table-Covers-for-Trade-Shows-01.mp4?_=1\" \/><a href=\"https:\/\/cmykprinted.com\/wp-content\/uploads\/2025\/05\/Logo-Table-Covers-for-Trade-Shows-01.mp4\">https:\/\/cmykprinted.com\/wp-content\/uploads\/2025\/05\/Logo-Table-Covers-for-Trade-Shows-01.mp4<\/a><\/video><\/div>","protected":false},"featured_media":2527,"template":"","meta":{"_kad_post_transparent":"default","_kad_post_title":"hide","_kad_post_layout":"fullwidth","_kad_post_sidebar_id":"","_kad_post_content_style":"unboxed","_kad_post_vertical_padding":"hide","_kad_post_feature":"hide","_kad_post_feature_position":"","_kad_post_header":false,"_kad_post_footer":false},"product_cat":[80,81],"product_tag":[563,158,562],"class_list":{"0":"post-2524","1":"product","2":"type-product","3":"status-publish","4":"has-post-thumbnail","6":"product_cat-custom-tablecloth","7":"product_cat-custom-stretch-tablecloth","8":"product_tag-custom-table-cloths","9":"product_tag-custom-tablecloth","10":"product_tag-tablecloth-for-6-foot-table","12":"first","13":"instock","14":"shipping-taxable","15":"product-type-simple","16":"entry","17":"content-bg","18":"loop-entry"},"_links":{"self":[{"href":"https:\/\/cmykprinted.com\/hr\/wp-json\/wp\/v2\/product\/2524","targetHints":{"allow":["GET"]}}],"collection":[{"href":"https:\/\/cmykprinted.com\/hr\/wp-json\/wp\/v2\/product"}],"about":[{"href":"https:\/\/cmykprinted.com\/hr\/wp-json\/wp\/v2\/types\/product"}],"version-history":[{"count":2,"href":"https:\/\/cmykprinted.com\/hr\/wp-json\/wp\/v2\/product\/2524\/revisions"}],"predecessor-version":[{"id":2530,"href":"https:\/\/cmykprinted.com\/hr\/wp-json\/wp\/v2\/product\/2524\/revisions\/2530"}],"wp:featuredmedia":[{"embeddable":true,"href":"https:\/\/cmykprinted.com\/hr\/wp-json\/wp\/v2\/media\/2527"}],"wp:attachment":[{"href":"https:\/\/cmykprinted.com\/hr\/wp-json\/wp\/v2\/media?parent=2524"}],"wp:term":[{"taxonomy":"product_cat","embeddable":true,"href":"https:\/\/cmykprinted.com\/hr\/wp-json\/wp\/v2\/product_cat?post=2524"},{"taxonomy":"product_tag","embeddable":true,"href":"https:\/\/cmykprinted.com\/hr\/wp-json\/wp\/v2\/product_tag?post=2524"}],"curies":[{"name":"wp","href":"https:\/\/api.w.org\/{rel}","templated":true}]}}