{"id":2533,"date":"2025-05-19T07:28:34","date_gmt":"2025-05-19T07:28:34","guid":{"rendered":"https:\/\/cmykprinted.com\/?post_type=product&#038;p=2533"},"modified":"2025-05-19T07:28:34","modified_gmt":"2025-05-19T07:28:34","slug":"ez-tube-trade-show-tension-fabric-displays","status":"publish","type":"product","link":"https:\/\/cmykprinted.com\/hr\/proizvod\/ez-cijev-sajam-napeto-platno-zasloni\/","title":{"rendered":"Izlo\u017ebe za napete tkanine na sajmu EZ Tube"},"content":{"rendered":"","protected":false},"excerpt":{"rendered":"<p>EZ Tube Trade Show Tension Fabric Displays su lagani, prijenosni sustavi za izlaganje dizajnirani za sajmove, izlo\u017ebe i promotivne doga\u0111aje. Ovi displeji imaju izdr\u017eljiv okvir od aluminijskih cijevi koji se lako sastavlja bez potrebe za alatima. Grafika od rastezljive tkanine s tiskanim tiskom, koja se mo\u017ee rastegnuti, navla\u010di se preko okvira poput jastu\u010dnice, stvaraju\u0107i gladak izgled bez nabora. \u017divahna grafika visoke rezolucije je sublimirana bojom za dugotrajnu boju i u\u010dinak. EZ Tube displeji dostupni su u raznim veli\u010dinama i stilovima, uklju\u010duju\u0107i pozadine, tornjeve, pultove i vise\u0107e znakove. Lako ih je sastaviti, rastaviti i transportirati, \u0161to ih \u010dini popularnim izborom za tvrtke koje tra\u017ee profesionalno i prakti\u010dno rje\u0161enje za brendiranje u pokretu. Idealni za stvaranje privla\u010dne prisutnosti, EZ Tube displeji kombiniraju stil, funkcionalnost i jednostavnost kori\u0161tenja u jednom kompaktnom pakiranju.<\/p>\n<div style=\"width: 1280px;\" class=\"wp-video\"><!--[if lt IE 9]><script>document.createElement('video');<\/script><![endif]--><br \/>\n<video class=\"wp-video-shortcode\" id=\"video-2533-1\" width=\"1280\" height=\"720\" preload=\"metadata\" controls=\"controls\"><source type=\"video\/mp4\" src=\"https:\/\/cmykprinted.com\/wp-content\/uploads\/2024\/04\/custom-tension-fabric-display.mp4?_=1\" \/><a href=\"https:\/\/cmykprinted.com\/wp-content\/uploads\/2024\/04\/custom-tension-fabric-display.mp4\">https:\/\/cmykprinted.com\/wp-content\/uploads\/2024\/04\/custom-tension-fabric-display.mp4<\/a><\/video><\/div>\n<p>&nbsp;<\/p>\n<p>&nbsp;<\/p>","protected":false},"featured_media":2541,"template":"","meta":{"_kad_post_transparent":"default","_kad_post_title":"hide","_kad_post_layout":"fullwidth","_kad_post_sidebar_id":"","_kad_post_content_style":"unboxed","_kad_post_vertical_padding":"hide","_kad_post_feature":"hide","_kad_post_feature_position":"","_kad_post_header":false,"_kad_post_footer":false},"product_cat":[97,99],"product_tag":[565,134,564],"class_list":{"0":"post-2533","1":"product","2":"type-product","3":"status-publish","4":"has-post-thumbnail","6":"product_cat-tension-fabric-displays","7":"product_cat-custom-fabric-displays","8":"product_tag-ez-tube-fabric-displays","9":"product_tag-tension-fabric-displays","10":"product_tag-trade-show-tension-fabric-displays","12":"first","13":"instock","14":"shipping-taxable","15":"product-type-simple","16":"entry","17":"content-bg","18":"loop-entry"},"_links":{"self":[{"href":"https:\/\/cmykprinted.com\/hr\/wp-json\/wp\/v2\/product\/2533","targetHints":{"allow":["GET"]}}],"collection":[{"href":"https:\/\/cmykprinted.com\/hr\/wp-json\/wp\/v2\/product"}],"about":[{"href":"https:\/\/cmykprinted.com\/hr\/wp-json\/wp\/v2\/types\/product"}],"version-history":[{"count":1,"href":"https:\/\/cmykprinted.com\/hr\/wp-json\/wp\/v2\/product\/2533\/revisions"}],"predecessor-version":[{"id":2542,"href":"https:\/\/cmykprinted.com\/hr\/wp-json\/wp\/v2\/product\/2533\/revisions\/2542"}],"wp:featuredmedia":[{"embeddable":true,"href":"https:\/\/cmykprinted.com\/hr\/wp-json\/wp\/v2\/media\/2541"}],"wp:attachment":[{"href":"https:\/\/cmykprinted.com\/hr\/wp-json\/wp\/v2\/media?parent=2533"}],"wp:term":[{"taxonomy":"product_cat","embeddable":true,"href":"https:\/\/cmykprinted.com\/hr\/wp-json\/wp\/v2\/product_cat?post=2533"},{"taxonomy":"product_tag","embeddable":true,"href":"https:\/\/cmykprinted.com\/hr\/wp-json\/wp\/v2\/product_tag?post=2533"}],"curies":[{"name":"wp","href":"https:\/\/api.w.org\/{rel}","templated":true}]}}