{"id":2582,"date":"2025-05-21T06:04:22","date_gmt":"2025-05-21T06:04:22","guid":{"rendered":"https:\/\/cmykprinted.com\/?post_type=product&#038;p=2582"},"modified":"2025-05-21T06:04:22","modified_gmt":"2025-05-21T06:04:22","slug":"custom-feather-flags-australia-queensland-beach-banners","status":"publish","type":"product","link":"https:\/\/cmykprinted.com\/hr\/proizvod\/prilagodene-pernate-zastave-australija-queensland-plazni-transparenti\/","title":{"rendered":"Prilago\u0111ene zastave od perja Australija Queensland Pla\u017eni baneri"},"content":{"rendered":"","protected":false},"excerpt":{"rendered":"<p>Zastave od perja po narud\u017ebi \u017eivahan su i u\u010dinkovit na\u010din promocije va\u0161eg poslovanja, brenda ili doga\u0111aja diljem Australije. Dizajnirane za visoku vidljivost, ovi privla\u010dni transparenti savr\u0161eni su za vanjske tr\u017enice, izloge, festivale, sportske doga\u0111aje i sajmove. Bez obzira jeste li malo poduze\u0107e ili nacionalni brend, zastave od perja nude profesionalno i pristupa\u010dno rje\u0161enje za ogla\u0161avanje.<\/p>\n<p>U raznolikoj australskoj klimi, na\u0161e zastave od perja izra\u0111ene su da traju. Izra\u0111ene od izdr\u017eljive poliesterske tkanine i tiskane UV otpornim bojama, mogu izdr\u017eati jako sunce, vjetar i ki\u0161u. Lagani dizajn olak\u0161ava postavljanje, transport i premje\u0161tanje kad god je potrebno.<\/p>\n<p>Mo\u017eete birati izme\u0111u jednostranog ili dvostranog tiska, ovisno o va\u0161im potrebama za vidljivo\u0161\u0107u. Svaka zastava mo\u017ee se u potpunosti prilagoditi va\u0161im logotipom, bojama i porukom, \u0161to \u0107e vam pomo\u0107i da se istaknete na bilo kojoj lokaciji. Dostupne su razli\u010dite veli\u010dine i opcije podno\u017eja koje odgovaraju razli\u010ditim povr\u0161inama - bilo da vam trebaju \u0161iljci za zemlju za pla\u017ee i polja ili kri\u017ene podloge s vre\u0107ama za vodu za beton ili unutarnje prostore.<\/p>\n<p>Od Melbournea do Brisbanea, od Sydneya do Pertha, opskrbljujemo tvrtke diljem zemlje prilago\u0111enim zastavama od perja koje se brzo izra\u0111uju i jednostavno postavljaju. Na\u0161 tim je tu da vam pomogne s dizajnom, tiskom i dostavom, osiguravaju\u0107i glatko i pouzdano iskustvo svaki put.<\/p>\n<p>Odaberite zastave od perja po narud\u017ebi iz Australije kako biste pobolj\u0161ali prisutnost svog brenda i privukli pozornost gdje god da krenete.<\/p>","protected":false},"featured_media":2584,"template":"","meta":{"_kad_post_transparent":"default","_kad_post_title":"hide","_kad_post_layout":"fullwidth","_kad_post_sidebar_id":"","_kad_post_content_style":"unboxed","_kad_post_vertical_padding":"hide","_kad_post_feature":"hide","_kad_post_feature_position":"","_kad_post_header":false,"_kad_post_footer":false},"product_cat":[64,65,66,67],"product_tag":[321,573,574,575],"class_list":{"0":"post-2582","1":"product","2":"type-product","3":"status-publish","4":"has-post-thumbnail","6":"product_cat-beach-flags","7":"product_cat-feather-flags-banners","8":"product_cat-rectangular-flags-banners","9":"product_cat-teardrop-flags-banners","10":"product_tag-custom-feather-flags","11":"product_tag-feather-flags-australia","12":"product_tag-feather-flags-queensland","13":"product_tag-queensland-beach-banners","15":"first","16":"instock","17":"shipping-taxable","18":"product-type-simple","19":"entry","20":"content-bg","21":"loop-entry"},"_links":{"self":[{"href":"https:\/\/cmykprinted.com\/hr\/wp-json\/wp\/v2\/product\/2582","targetHints":{"allow":["GET"]}}],"collection":[{"href":"https:\/\/cmykprinted.com\/hr\/wp-json\/wp\/v2\/product"}],"about":[{"href":"https:\/\/cmykprinted.com\/hr\/wp-json\/wp\/v2\/types\/product"}],"version-history":[{"count":1,"href":"https:\/\/cmykprinted.com\/hr\/wp-json\/wp\/v2\/product\/2582\/revisions"}],"predecessor-version":[{"id":2590,"href":"https:\/\/cmykprinted.com\/hr\/wp-json\/wp\/v2\/product\/2582\/revisions\/2590"}],"wp:featuredmedia":[{"embeddable":true,"href":"https:\/\/cmykprinted.com\/hr\/wp-json\/wp\/v2\/media\/2584"}],"wp:attachment":[{"href":"https:\/\/cmykprinted.com\/hr\/wp-json\/wp\/v2\/media?parent=2582"}],"wp:term":[{"taxonomy":"product_cat","embeddable":true,"href":"https:\/\/cmykprinted.com\/hr\/wp-json\/wp\/v2\/product_cat?post=2582"},{"taxonomy":"product_tag","embeddable":true,"href":"https:\/\/cmykprinted.com\/hr\/wp-json\/wp\/v2\/product_tag?post=2582"}],"curies":[{"name":"wp","href":"https:\/\/api.w.org\/{rel}","templated":true}]}}