{"id":2591,"date":"2025-05-21T09:11:06","date_gmt":"2025-05-21T09:11:06","guid":{"rendered":"https:\/\/cmykprinted.com\/?post_type=product&#038;p=2591"},"modified":"2025-05-23T14:07:36","modified_gmt":"2025-05-23T14:07:36","slug":"custom-printed-promotional-tablecloths-australia","status":"publish","type":"product","link":"https:\/\/cmykprinted.com\/hr\/proizvod\/prilagodeni-tiskani-promotivni-stolnjaci-australija\/","title":{"rendered":"Promotivni stolnjaci s tiskom po narud\u017ebi u Australiji"},"content":{"rendered":"","protected":false},"excerpt":{"rendered":"<p data-start=\"197\" data-end=\"540\">Promocijski stolnjaci s tiskom po narud\u017ebi klju\u010dni su alat za brendiranje tvrtki i organizacija koje \u017eele stvoriti profesionalan i privla\u010dan izlo\u017ebeni prostor na sajmovima, izlo\u017ebama, predstavljanju proizvoda i drugim doga\u0111ajima diljem Australije. Dizajnirani za pobolj\u0161anje vidljivosti i prisutnosti brenda, ovi stolnjaci nude i funkcionalnost i stil.<\/p>\n<p data-start=\"542\" data-end=\"865\">Na\u0161i stolnjaci izra\u0111eni su od visokokvalitetne poliesterske tkanine, poznate po svojoj izdr\u017eljivosti, otpornosti na gu\u017evanje i \u017eivopisnoj reprodukciji boja. Kori\u0161tenjem naprednog sublimacijskog tiska, mo\u017eemo u potpunosti prilagoditi va\u0161 stolnjak logotipima, sloganima, grafikom ili dizajnom cijele povr\u0161ine - osiguravaju\u0107i da se va\u0161 brend primijeti iz svakog kuta.<\/p>\n<p data-start=\"867\" data-end=\"931\">Nudimo razne stilove koji odgovaraju razli\u010ditim potrebama, uklju\u010duju\u0107i:<\/p>\n<ul data-start=\"932\" data-end=\"1201\">\n<li data-start=\"932\" data-end=\"1022\">\n<p data-start=\"934\" data-end=\"1022\"><strong data-start=\"934\" data-end=\"961\">Labavi\/Drapirani stolnjaci<\/strong> \u2013 Svestrana opcija koja odgovara ve\u0107ini standardnih stolova s \u200b\u200bnogama.<\/p>\n<\/li>\n<li data-start=\"1023\" data-end=\"1105\">\n<p data-start=\"1025\" data-end=\"1105\"><strong data-start=\"1025\" data-end=\"1048\">Navlake za stolove po mjeri<\/strong> \u2013 Pru\u017eaju \u010dist, prilago\u0111en izgled s o\u0161trim linijama.<\/p>\n<\/li>\n<li data-start=\"1106\" data-end=\"1201\">\n<p data-start=\"1108\" data-end=\"1201\"><strong data-start=\"1108\" data-end=\"1132\">Rastezljive navlake za stol<\/strong> \u2013 Moderne i elegantne, nude usko prianjanje i izgled bez bora.<\/p>\n<\/li>\n<\/ul>\n<p data-start=\"1203\" data-end=\"1377\">Dostupne su veli\u010dine za stolove od 1,2 m, 1,8 m i 2,4 m, a prilago\u0111ene veli\u010dine dostupne su na zahtjev. Mogu\u0107nosti uklju\u010duju dizajn s otvorenim naslonom (za sjede\u0107e osoblje ili pristup skladi\u0161tu) ili zatvorenim naslonom.<\/p>\n<p data-start=\"1379\" data-end=\"1529\">Savr\u0161eni za unutarnju i vanjsku upotrebu, ovi promotivni stolnjaci se mogu prati u perilici rublja i ponovno koristiti, \u0161to ih \u010dini isplativom marketin\u0161kom investicijom.<\/p>\n<p data-start=\"1531\" data-end=\"1673\">Bez obzira izla\u017eete li u Sydneyu, Melbourneu, Brisbaneu ili Perthu, na\u0161i stolnjaci s prilago\u0111enim printom pomo\u0107i \u0107e vam da ostavite sna\u017ean i trajan dojam.<\/p>\n<div style=\"width: 1280px;\" class=\"wp-video\"><!--[if lt IE 9]><script>document.createElement('video');<\/script><![endif]--><br \/>\n<video class=\"wp-video-shortcode\" id=\"video-2591-1\" width=\"1280\" height=\"720\" preload=\"metadata\" controls=\"controls\"><source type=\"video\/mp4\" src=\"https:\/\/cmykprinted.com\/wp-content\/uploads\/2025\/05\/Promotional-Tablecloths-Australia.mp4?_=1\" \/><a href=\"https:\/\/cmykprinted.com\/wp-content\/uploads\/2025\/05\/Promotional-Tablecloths-Australia.mp4\">https:\/\/cmykprinted.com\/wp-content\/uploads\/2025\/05\/Promotional-Tablecloths-Australia.mp4<\/a><\/video><\/div>","protected":false},"featured_media":2610,"template":"","meta":{"_kad_post_transparent":"default","_kad_post_title":"hide","_kad_post_layout":"fullwidth","_kad_post_sidebar_id":"","_kad_post_content_style":"unboxed","_kad_post_vertical_padding":"hide","_kad_post_feature":"hide","_kad_post_feature_position":"","_kad_post_header":false,"_kad_post_footer":false},"product_cat":[80,81],"product_tag":[577,579,578,576],"class_list":{"0":"post-2591","1":"product","2":"type-product","3":"status-publish","4":"has-post-thumbnail","6":"product_cat-custom-tablecloth","7":"product_cat-custom-stretch-tablecloth","8":"product_tag-custom-printed-promotional-tablecloths","9":"product_tag-custom-printed-tablecloths","10":"product_tag-printed-promotional-tablecloths","11":"product_tag-promotional-tablecloths-australia","13":"first","14":"instock","15":"shipping-taxable","16":"product-type-simple","17":"entry","18":"content-bg","19":"loop-entry"},"_links":{"self":[{"href":"https:\/\/cmykprinted.com\/hr\/wp-json\/wp\/v2\/product\/2591","targetHints":{"allow":["GET"]}}],"collection":[{"href":"https:\/\/cmykprinted.com\/hr\/wp-json\/wp\/v2\/product"}],"about":[{"href":"https:\/\/cmykprinted.com\/hr\/wp-json\/wp\/v2\/types\/product"}],"version-history":[{"count":2,"href":"https:\/\/cmykprinted.com\/hr\/wp-json\/wp\/v2\/product\/2591\/revisions"}],"predecessor-version":[{"id":2611,"href":"https:\/\/cmykprinted.com\/hr\/wp-json\/wp\/v2\/product\/2591\/revisions\/2611"}],"wp:featuredmedia":[{"embeddable":true,"href":"https:\/\/cmykprinted.com\/hr\/wp-json\/wp\/v2\/media\/2610"}],"wp:attachment":[{"href":"https:\/\/cmykprinted.com\/hr\/wp-json\/wp\/v2\/media?parent=2591"}],"wp:term":[{"taxonomy":"product_cat","embeddable":true,"href":"https:\/\/cmykprinted.com\/hr\/wp-json\/wp\/v2\/product_cat?post=2591"},{"taxonomy":"product_tag","embeddable":true,"href":"https:\/\/cmykprinted.com\/hr\/wp-json\/wp\/v2\/product_tag?post=2591"}],"curies":[{"name":"wp","href":"https:\/\/api.w.org\/{rel}","templated":true}]}}