{"id":2602,"date":"2025-05-23T13:50:03","date_gmt":"2025-05-23T13:50:03","guid":{"rendered":"https:\/\/cmykprinted.com\/?post_type=product&#038;p=2602"},"modified":"2025-05-23T13:56:32","modified_gmt":"2025-05-23T13:56:32","slug":"custom-fitted-table-cloth-with-zipper-back-australia","status":"publish","type":"product","link":"https:\/\/cmykprinted.com\/hr\/proizvod\/stolnjak-po-mjeri-s-patentnim-zatvaracem-na-straznjoj-strani-australija\/","title":{"rendered":"Stolnjak po mjeri s patentnim zatvara\u010dem na le\u0111ima, Australija"},"content":{"rendered":"","protected":false},"excerpt":{"rendered":"<p>Podignite prisutnost svog brenda na doga\u0111ajima, sajmovima i izlo\u017ebama uz na\u0161 vrhunski stolnjak po mjeri s patentnim zatvara\u010dem na pole\u0111ini \u2013 posebno prilago\u0111en australskim tvrtkama. Izra\u0111en od visokokvalitetne rastezljive poliesterske tkanine, ovaj stolnjak dizajniran je da se besprijekorno uklapa u va\u0161 stol, stvaraju\u0107i elegantan, profesionalan izgled koji se isti\u010de.<\/p>\n<p>Stra\u017enji patentni zatvara\u010d omogu\u0107uje prakti\u010dan pristup pohrani ispod stola, skrivaju\u0107i nered, a istovremeno osigurava jednostavan pristup marketin\u0161kim materijalima, osobnim predmetima ili zalihama. Dostupan za standardne stolove od 1,2 m, 1,8 m i 2,4 m, svaki stolnjak je u potpunosti prilago\u0111en va\u0161im logotipom, bojama i grafikom kori\u0161tenjem \u017eivopisnog sublimacijskog tiska u punoj boji.<\/p>\n<p>Idealan za konferencije, sajmove, maloprodaju i promotivne doga\u0111aje, ovaj stolnjak otporan je na gu\u017evanje, periv u perilici rublja i ponovno upotrebljiv \u2013 nude\u0107i dugoro\u010dnu vrijednost i vidljivost brenda. Dizajniran i tiskan u Australiji, s brzom isporukom i dostavom diljem zemlje.<\/p>\n<p>Istaknite se iz mase i u\u010dinite svoj izlo\u017ebeni prostor nezaboravnim uz na\u0161e profesionalne stolnjake sa zatvara\u010dem.<\/p>\n<div style=\"width: 1280px;\" class=\"wp-video\"><!--[if lt IE 9]><script>document.createElement('video');<\/script><![endif]--><br \/>\n<video class=\"wp-video-shortcode\" id=\"video-2602-1\" width=\"1280\" height=\"720\" preload=\"metadata\" controls=\"controls\"><source type=\"video\/mp4\" src=\"https:\/\/cmykprinted.com\/wp-content\/uploads\/2025\/05\/Promotional-Tablecloths-Australia.mp4?_=1\" \/><a href=\"https:\/\/cmykprinted.com\/wp-content\/uploads\/2025\/05\/Promotional-Tablecloths-Australia.mp4\">https:\/\/cmykprinted.com\/wp-content\/uploads\/2025\/05\/Promotional-Tablecloths-Australia.mp4<\/a><\/video><\/div>","protected":false},"featured_media":2609,"template":"","meta":{"_kad_post_transparent":"default","_kad_post_title":"hide","_kad_post_layout":"fullwidth","_kad_post_sidebar_id":"","_kad_post_content_style":"unboxed","_kad_post_vertical_padding":"hide","_kad_post_feature":"hide","_kad_post_feature_position":"","_kad_post_header":false,"_kad_post_footer":false},"product_cat":[80,81],"product_tag":[535,580,581,582],"class_list":{"0":"post-2602","1":"product","2":"type-product","3":"status-publish","4":"has-post-thumbnail","6":"product_cat-custom-tablecloth","7":"product_cat-custom-stretch-tablecloth","8":"product_tag-custom-fitted-table-cloth","9":"product_tag-fitted-table-cloth","10":"product_tag-fitted-table-cloth-with-zipper-back","11":"product_tag-fitted-table-cloth-with-zipper-back-australia","13":"first","14":"instock","15":"shipping-taxable","16":"product-type-simple","17":"entry","18":"content-bg","19":"loop-entry"},"_links":{"self":[{"href":"https:\/\/cmykprinted.com\/hr\/wp-json\/wp\/v2\/product\/2602","targetHints":{"allow":["GET"]}}],"collection":[{"href":"https:\/\/cmykprinted.com\/hr\/wp-json\/wp\/v2\/product"}],"about":[{"href":"https:\/\/cmykprinted.com\/hr\/wp-json\/wp\/v2\/types\/product"}],"version-history":[{"count":1,"href":"https:\/\/cmykprinted.com\/hr\/wp-json\/wp\/v2\/product\/2602\/revisions"}],"predecessor-version":[{"id":2607,"href":"https:\/\/cmykprinted.com\/hr\/wp-json\/wp\/v2\/product\/2602\/revisions\/2607"}],"wp:featuredmedia":[{"embeddable":true,"href":"https:\/\/cmykprinted.com\/hr\/wp-json\/wp\/v2\/media\/2609"}],"wp:attachment":[{"href":"https:\/\/cmykprinted.com\/hr\/wp-json\/wp\/v2\/media?parent=2602"}],"wp:term":[{"taxonomy":"product_cat","embeddable":true,"href":"https:\/\/cmykprinted.com\/hr\/wp-json\/wp\/v2\/product_cat?post=2602"},{"taxonomy":"product_tag","embeddable":true,"href":"https:\/\/cmykprinted.com\/hr\/wp-json\/wp\/v2\/product_tag?post=2602"}],"curies":[{"name":"wp","href":"https:\/\/api.w.org\/{rel}","templated":true}]}}