{"id":2627,"date":"2025-05-28T03:20:18","date_gmt":"2025-05-28T03:20:18","guid":{"rendered":"https:\/\/cmykprinted.com\/?post_type=product&#038;p=2627"},"modified":"2025-05-28T03:22:18","modified_gmt":"2025-05-28T03:22:18","slug":"custom-branded-table-cloth-with-bottom-price","status":"publish","type":"product","link":"https:\/\/cmykprinted.com\/hr\/proizvod\/prilagodeni-brendirani-stolnjak-po-najnizoj-cijeni\/","title":{"rendered":"Stolnjak s prilago\u0111enim brendiranjem po najni\u017eoj cijeni"},"content":{"rendered":"","protected":false},"excerpt":{"rendered":"<p data-start=\"235\" data-end=\"483\">Tra\u017eite isplativ na\u010din za predstavljanje svog brenda na doga\u0111ajima bez kompromisa u kvaliteti? <strong data-start=\"335\" data-end=\"376\">Stolnjak s robnom markom po najni\u017eoj cijeni<\/strong> je savr\u0161eno rje\u0161enje za tvrtke koje imaju ograni\u010den bud\u017eet, a ipak \u017eele ostaviti profesionalan dojam.<\/p>\n<p data-start=\"485\" data-end=\"818\">Bez obzira izla\u017eete li na sajmovima, posje\u0107ujete poslovne sajmove ili vodite privremeno ure\u0111enje, ovaj stolnjak va\u0161oj postavci dodaje \u010dist, kohezivan i brendirani izgled. Izra\u0111en od izdr\u017eljive poliesterske tkanine, lagan je, otporan na gu\u017evanje i jednostavan za odr\u017eavanje - idealan za tvrtke koje \u010desto putuju ili se postavljaju na vi\u0161e doga\u0111aja.<\/p>\n<p data-start=\"820\" data-end=\"1149\">Otisnuti visokokvalitetnom tehnologijom sublimacije, va\u0161 logotip i boje brenda izgledaju o\u0161tro i \u017eivopisno, poma\u017eu\u0107i vam da se istaknete iz mase. Tinta je ugra\u0111ena u tkaninu, tako da se dizajn ne\u0107e lju\u0161titi ili blijedjeti nakon pranja. Dobivate dugotrajan promotivni materijal po znatno ni\u017eoj cijeni od ostalih brendiranih materijala za izlaganje.<\/p>\n<p data-start=\"1151\" data-end=\"1429\">Ovaj stolnjak dostupan je u vi\u0161e veli\u010dina (1,2 m, 1,8 m, 2,4 m) i stilova (pripijeni, drapirani ili rastezljivi) kako bi odgovarao va\u0161im potrebama. Tako\u0111er se kompaktno sklapa radi lak\u0161eg transporta i skladi\u0161tenja, \u0161to ga \u010dini savr\u0161enim za mala poduze\u0107a, startupove i marketin\u0161ke timove koji rade s ograni\u010denim prora\u010dunom.<\/p>\n<p data-start=\"1431\" data-end=\"1712\">Ukratko, ovo je jeftina investicija koja pru\u017ea visokou\u010dinkovit brending. Postignite izgled vrhunskog zaslona bez premium cijene. Ako tra\u017eite <strong data-start=\"1588\" data-end=\"1648\">izvrsna vrijednost, pouzdana kvaliteta i sna\u017ena prisutnost brenda<\/strong>, na\u0161 brendirani stolnjak s najni\u017eom cijenom je pametan izbor.<\/p>\n<div style=\"width: 1280px;\" class=\"wp-video\"><!--[if lt IE 9]><script>document.createElement('video');<\/script><![endif]--><br \/>\n<video class=\"wp-video-shortcode\" id=\"video-2627-1\" width=\"1280\" height=\"720\" preload=\"metadata\" controls=\"controls\"><source type=\"video\/mp4\" src=\"https:\/\/cmykprinted.com\/wp-content\/uploads\/2025\/05\/Printed-Branded-Tablecloth-for-Events.mp4?_=1\" \/><a href=\"https:\/\/cmykprinted.com\/wp-content\/uploads\/2025\/05\/Printed-Branded-Tablecloth-for-Events.mp4\">https:\/\/cmykprinted.com\/wp-content\/uploads\/2025\/05\/Printed-Branded-Tablecloth-for-Events.mp4<\/a><\/video><\/div>","protected":false},"featured_media":2630,"template":"","meta":{"_kad_post_transparent":"default","_kad_post_title":"hide","_kad_post_layout":"fullwidth","_kad_post_sidebar_id":"","_kad_post_content_style":"unboxed","_kad_post_vertical_padding":"hide","_kad_post_feature":"hide","_kad_post_feature_position":"","_kad_post_header":false,"_kad_post_footer":false},"product_cat":[80,81,83],"product_tag":[592,591,593],"class_list":{"0":"post-2627","1":"product","2":"type-product","3":"status-publish","4":"has-post-thumbnail","6":"product_cat-custom-tablecloth","7":"product_cat-custom-stretch-tablecloth","8":"product_cat-fitted-table-cover","9":"product_tag-branded-table-cloth","10":"product_tag-branded-table-cloth-price","11":"product_tag-custom-branded-table-cloth","13":"first","14":"instock","15":"shipping-taxable","16":"product-type-simple","17":"entry","18":"content-bg","19":"loop-entry"},"_links":{"self":[{"href":"https:\/\/cmykprinted.com\/hr\/wp-json\/wp\/v2\/product\/2627","targetHints":{"allow":["GET"]}}],"collection":[{"href":"https:\/\/cmykprinted.com\/hr\/wp-json\/wp\/v2\/product"}],"about":[{"href":"https:\/\/cmykprinted.com\/hr\/wp-json\/wp\/v2\/types\/product"}],"version-history":[{"count":2,"href":"https:\/\/cmykprinted.com\/hr\/wp-json\/wp\/v2\/product\/2627\/revisions"}],"predecessor-version":[{"id":2633,"href":"https:\/\/cmykprinted.com\/hr\/wp-json\/wp\/v2\/product\/2627\/revisions\/2633"}],"wp:featuredmedia":[{"embeddable":true,"href":"https:\/\/cmykprinted.com\/hr\/wp-json\/wp\/v2\/media\/2630"}],"wp:attachment":[{"href":"https:\/\/cmykprinted.com\/hr\/wp-json\/wp\/v2\/media?parent=2627"}],"wp:term":[{"taxonomy":"product_cat","embeddable":true,"href":"https:\/\/cmykprinted.com\/hr\/wp-json\/wp\/v2\/product_cat?post=2627"},{"taxonomy":"product_tag","embeddable":true,"href":"https:\/\/cmykprinted.com\/hr\/wp-json\/wp\/v2\/product_tag?post=2627"}],"curies":[{"name":"wp","href":"https:\/\/api.w.org\/{rel}","templated":true}]}}