{"id":2634,"date":"2025-05-28T05:01:54","date_gmt":"2025-05-28T05:01:54","guid":{"rendered":"https:\/\/cmykprinted.com\/?post_type=product&#038;p=2634"},"modified":"2025-05-28T05:01:54","modified_gmt":"2025-05-28T05:01:54","slug":"custom-metal-transfer-logo-stickers-for-perfume-bottle","status":"publish","type":"product","link":"https:\/\/cmykprinted.com\/hr\/proizvod\/prilagodene-metalne-transfer-naljepnice-s-logom-za-bocicu-parfema\/","title":{"rendered":"Naljepnice s logotipom za prijenos metala s prilago\u0111enim logotipom za bo\u010dicu parfema"},"content":{"rendered":"","protected":false},"excerpt":{"rendered":"<p>Pobolj\u0161ajte eleganciju i identitet svog proizvoda na\u0161im vrhunskim metalnim naljepnicama s logotipom po narud\u017ebi, posebno dizajniranim za bo\u010dice parfema. Ove vrhunske metalne naljepnice nude luksuzan i profesionalan izgled koji odmah podi\u017ee va\u0161u ambala\u017eu i odra\u017eava kvalitetu va\u0161eg brenda.<\/p>\n<p>Izra\u0111ene naprednom tehnologijom transfera, ove naljepnice imaju elegantnu metalnu povr\u0161inu s preciznim detaljima, \u0161to ih \u010dini idealnim za logotipe, nazive robnih marki ili ukrasne elemente. Transfer aplikacija osigurava da se samo metalni dio prilijepi za povr\u0161inu, bez pozadine ili ljepljivih rubova - stvaraju\u0107i besprijekoran, graviran izgled izravno na staklenoj ili plasti\u010dnoj boci.<\/p>\n<p>Dostupne u raznim zavr\u0161nim obradama kao \u0161to su zlatna, srebrna, ru\u017ei\u010dasto zlatna, mat crna i kromirana, na\u0161e metalne naljepnice s logotipom mogu se prilagoditi estetici va\u0161eg brenda. Bilo da preferirate minimalisti\u010dki monogram ili zamr\u0161eni dizajn logotipa, nudimo prilago\u0111ena rje\u0161enja koja \u0107e zadovoljiti va\u0161e specifi\u010dne potrebe.<\/p>\n<p>Ove naljepnice nisu samo vizualno privla\u010dne, ve\u0107 su i izdr\u017eljive - otporne na vodu, ulje i parfeme, osiguravaju\u0107i da va\u0161 brend ostane netaknut tijekom vremena. Savr\u0161ene su za luksuzne parfemske linije, kozmeti\u010dke proizvode ili vrhunske promotivne artikle.<\/p>\n<p>Na\u0161 dizajnerski tim blisko \u0107e sura\u0111ivati \u200b\u200bs vama kako bi stvorio savr\u0161enu naljepnicu s logotipom koja odra\u017eava identitet va\u0161eg brenda. Za veleprodajne narud\u017ebe dostupne su MOQ i veleprodajne cijene.<\/p>\n<p>Pobolj\u0161ajte svoju ambala\u017eu elegancijom i prepoznatljivo\u0161\u0107u \u2014 odaberite na\u0161e naljepnice s metalnim logotipom po narud\u017ebi za sofisticirani zavr\u0161ni dodir.<\/p>\n<div style=\"width: 480px;\" class=\"wp-video\"><!--[if lt IE 9]><script>document.createElement('video');<\/script><![endif]--><br \/>\n<video class=\"wp-video-shortcode\" id=\"video-2634-1\" width=\"480\" height=\"480\" preload=\"metadata\" controls=\"controls\"><source type=\"video\/mp4\" src=\"https:\/\/cmykprinted.com\/wp-content\/uploads\/2025\/05\/Metal-Transfer-Logo-Stickers-For-Perfume-Bottle.mp4?_=1\" \/><a href=\"https:\/\/cmykprinted.com\/wp-content\/uploads\/2025\/05\/Metal-Transfer-Logo-Stickers-For-Perfume-Bottle.mp4\">https:\/\/cmykprinted.com\/wp-content\/uploads\/2025\/05\/Metal-Transfer-Logo-Stickers-For-Perfume-Bottle.mp4<\/a><\/video><\/div>","protected":false},"featured_media":2635,"template":"","meta":{"_kad_post_transparent":"default","_kad_post_title":"hide","_kad_post_layout":"fullwidth","_kad_post_sidebar_id":"","_kad_post_content_style":"unboxed","_kad_post_vertical_padding":"hide","_kad_post_feature":"hide","_kad_post_feature_position":"","_kad_post_header":false,"_kad_post_footer":false},"product_cat":[101,102],"product_tag":[596,594,595,597],"class_list":{"0":"post-2634","1":"product","2":"type-product","3":"status-publish","4":"has-post-thumbnail","6":"product_cat-transfer-stickers","7":"product_cat-metal-transfer-stickers","8":"product_tag-custom-metal-transfer-logo-stickers","9":"product_tag-logo-stickers-for-perfume-bottle","10":"product_tag-metal-transfer-logo-stickers","11":"product_tag-transfer-logo-stickers-for-perfume-bottle","13":"first","14":"instock","15":"shipping-taxable","16":"product-type-simple","17":"entry","18":"content-bg","19":"loop-entry"},"_links":{"self":[{"href":"https:\/\/cmykprinted.com\/hr\/wp-json\/wp\/v2\/product\/2634","targetHints":{"allow":["GET"]}}],"collection":[{"href":"https:\/\/cmykprinted.com\/hr\/wp-json\/wp\/v2\/product"}],"about":[{"href":"https:\/\/cmykprinted.com\/hr\/wp-json\/wp\/v2\/types\/product"}],"version-history":[{"count":1,"href":"https:\/\/cmykprinted.com\/hr\/wp-json\/wp\/v2\/product\/2634\/revisions"}],"predecessor-version":[{"id":2640,"href":"https:\/\/cmykprinted.com\/hr\/wp-json\/wp\/v2\/product\/2634\/revisions\/2640"}],"wp:featuredmedia":[{"embeddable":true,"href":"https:\/\/cmykprinted.com\/hr\/wp-json\/wp\/v2\/media\/2635"}],"wp:attachment":[{"href":"https:\/\/cmykprinted.com\/hr\/wp-json\/wp\/v2\/media?parent=2634"}],"wp:term":[{"taxonomy":"product_cat","embeddable":true,"href":"https:\/\/cmykprinted.com\/hr\/wp-json\/wp\/v2\/product_cat?post=2634"},{"taxonomy":"product_tag","embeddable":true,"href":"https:\/\/cmykprinted.com\/hr\/wp-json\/wp\/v2\/product_tag?post=2634"}],"curies":[{"name":"wp","href":"https:\/\/api.w.org\/{rel}","templated":true}]}}