{"id":2668,"date":"2025-06-06T04:34:33","date_gmt":"2025-06-06T04:34:33","guid":{"rendered":"https:\/\/cmykprinted.com\/?post_type=product&#038;p=2668"},"modified":"2025-06-06T05:55:38","modified_gmt":"2025-06-06T05:55:38","slug":"custom-made-canopy-tents-with-your-logo-printed","status":"publish","type":"product","link":"https:\/\/cmykprinted.com\/hr\/proizvod\/satori-po-mjeri-s-tiskanim-logotipom\/","title":{"rendered":"\u0160atori s nadstre\u0161nicama izra\u0111eni po mjeri s va\u0161im logotipom"},"content":{"rendered":"","protected":false},"excerpt":{"rendered":"<p>Istaknite se na svakom doga\u0111aju s na\u0161im visokokvalitetnim \u0161atorima s nadstre\u0161nicama po narud\u017ebi. Dizajnirani za isticanje va\u0161eg brenda, na\u0161i \u0161atori imaju tisak u punoj boji va\u0161eg logotipa, slogana ili umjetni\u010dkog djela sa svih strana. Bez obzira prisustvujete li sajmu, festivalu, tr\u017enici ili sportskom doga\u0111aju, na\u0161i personalizirani \u0161atori osiguravaju maksimalnu vidljivost i profesionalnu prisutnost.<\/p>\n<p>Svaki je \u0161ator izra\u0111en od izdr\u017eljivih, vremenski otpornih materijala, konstruiranih da izdr\u017ee australsku klimu. Birajte izme\u0111u raznih veli\u010dina, \u010dvrsto\u0107a okvira i opcija tiska kako biste odgovarali svojim potrebama. Dizajn s mogu\u0107no\u0161\u0107u otvaranja omogu\u0107uje brzo i jednostavno postavljanje, \u0161to ga \u010dini savr\u0161enim za unutarnju i vanjsku upotrebu.<\/p>\n<p>Koristimo najsuvremeniju tehnologiju tiska kako bismo osigurali \u017eive, dugotrajne boje koje ne\u0107e izblijedjeti. Dodatni materijali uklju\u010duju zidove, transparente, zastave i torbe za no\u0161enje \u2014 sve u potpunosti prilago\u0111eno.<\/p>\n<p>Savr\u0161eni za tvrtke, \u0161kole, neprofitne organizacije i organizatore doga\u0111aja, na\u0161i brendirani \u0161atori s nadstre\u0161nicama poma\u017eu vam da stvorite nezaboravan prvi dojam.<\/p>\n<p>Neka va\u0161 brend zablista \u2014 kontaktirajte nas jo\u0161 danas za ponudu ili besplatnu maketu.<\/p>\n<div style=\"width: 960px;\" class=\"wp-video\"><!--[if lt IE 9]><script>document.createElement('video');<\/script><![endif]--><br \/>\n<video class=\"wp-video-shortcode\" id=\"video-2668-1\" width=\"960\" height=\"544\" preload=\"metadata\" controls=\"controls\"><source type=\"video\/mp4\" src=\"https:\/\/cmykprinted.com\/wp-content\/uploads\/2024\/04\/digicel-tents.mp4?_=1\" \/><a href=\"https:\/\/cmykprinted.com\/wp-content\/uploads\/2024\/04\/digicel-tents.mp4\">https:\/\/cmykprinted.com\/wp-content\/uploads\/2024\/04\/digicel-tents.mp4<\/a><\/video><\/div>","protected":false},"featured_media":2677,"template":"","meta":{"_kad_post_transparent":"default","_kad_post_title":"hide","_kad_post_layout":"normal","_kad_post_sidebar_id":"","_kad_post_content_style":"unboxed","_kad_post_vertical_padding":"hide","_kad_post_feature":"hide","_kad_post_feature_position":"","_kad_post_header":false,"_kad_post_footer":false},"product_cat":[68,76,74],"product_tag":[605,604,606],"class_list":{"0":"post-2668","1":"product","2":"type-product","3":"status-publish","4":"has-post-thumbnail","6":"product_cat-custom-canopy-tents","7":"product_cat-10x15ft-pop-up-tents-50mm-heavy-duty-hexagon-aluminum-tents-custom-canopy-tents","8":"product_cat-50mm-heavy-duty-hexagon-aluminum-tents","9":"product_tag-custom-canopy-tents-with-logo","10":"product_tag-custom-made-canopy-tents","11":"product_tag-custom-printed-canopy-tents","13":"first","14":"instock","15":"shipping-taxable","16":"product-type-simple","17":"entry","18":"content-bg","19":"loop-entry"},"_links":{"self":[{"href":"https:\/\/cmykprinted.com\/hr\/wp-json\/wp\/v2\/product\/2668","targetHints":{"allow":["GET"]}}],"collection":[{"href":"https:\/\/cmykprinted.com\/hr\/wp-json\/wp\/v2\/product"}],"about":[{"href":"https:\/\/cmykprinted.com\/hr\/wp-json\/wp\/v2\/types\/product"}],"version-history":[{"count":1,"href":"https:\/\/cmykprinted.com\/hr\/wp-json\/wp\/v2\/product\/2668\/revisions"}],"predecessor-version":[{"id":2671,"href":"https:\/\/cmykprinted.com\/hr\/wp-json\/wp\/v2\/product\/2668\/revisions\/2671"}],"wp:featuredmedia":[{"embeddable":true,"href":"https:\/\/cmykprinted.com\/hr\/wp-json\/wp\/v2\/media\/2677"}],"wp:attachment":[{"href":"https:\/\/cmykprinted.com\/hr\/wp-json\/wp\/v2\/media?parent=2668"}],"wp:term":[{"taxonomy":"product_cat","embeddable":true,"href":"https:\/\/cmykprinted.com\/hr\/wp-json\/wp\/v2\/product_cat?post=2668"},{"taxonomy":"product_tag","embeddable":true,"href":"https:\/\/cmykprinted.com\/hr\/wp-json\/wp\/v2\/product_tag?post=2668"}],"curies":[{"name":"wp","href":"https:\/\/api.w.org\/{rel}","templated":true}]}}