{"id":2678,"date":"2025-06-09T08:44:00","date_gmt":"2025-06-09T08:44:00","guid":{"rendered":"https:\/\/cmykprinted.com\/?post_type=product&#038;p=2678"},"modified":"2025-06-09T08:44:00","modified_gmt":"2025-06-09T08:44:00","slug":"outdoor-marketing-flags-supplier-best-price-with-48-hours-turnaround","status":"publish","type":"product","link":"https:\/\/cmykprinted.com\/hr\/proizvod\/dobavljac-zastava-za-vanjsko-oglasavanje-najbolja-cijena-s-rok-izrade-od-48-sati\/","title":{"rendered":"Dobavlja\u010d zastava za vanjski marketing po najboljoj cijeni s isporukom u roku od 48 sati"},"content":{"rendered":"","protected":false},"excerpt":{"rendered":"<p>U brzom svijetu ogla\u0161avanja, privla\u010denje pa\u017enje je sve. Bez obzira promovirate li veliko otvorenje, najavljujete rasprodaju, sudjelujete li na sajmu ili se jednostavno poku\u0161avate istaknuti na prometnoj ulici, prilago\u0111ene vanjske marketin\u0161ke zastave od perja postale su neophodan i u\u010dinkovit promotivni alat za tvrtke svih veli\u010dina. Ovi privla\u010dni transparenti lepr\u0161aju na vjetru, stvaraju\u0107i dinami\u010dno kretanje i vidljivost, osiguravaju\u0107i da se va\u0161a poruka vidi - glasno i jasno.<\/p>\n<p>U ovom vodi\u010du istra\u017eit \u0107emo sve \u0161to trebate znati o zastavama od perja za vanjski marketing: \u0161to su, za\u0161to funkcioniraju, kako ih u\u010dinkovito dizajnirati te gdje i kada ih koristiti.<\/p>\n<p>Prilago\u0111ene vanjske zastave od perja pametno su, elegantno i skalabilno rje\u0161enje za moderne marketin\u0161ke stru\u010dnjake. Njihova kombinacija pokreta, visine, boje i pristupa\u010dne cijene \u010dini ih jednim od naju\u010dinkovitijih alata za ogla\u0161avanje dostupnih danas. Bez obzira trebate li jednu zastavu za vikend rasprodaju ili flotu zastava za veliku kampanju, ulaganje u prilago\u0111ene zastave od perja dokazana je strategija za privla\u010denje pozornosti i pretvaranje prometa u kupce.<\/p>\n<p>S pravim dizajnom, kvalitetnim materijalima i strate\u0161kim postavljanjem, va\u0161a \u0107e zastava od perja naporno raditi za va\u0161e poslovanje - bez obzira na vremenske uvjete, dan za danom.<\/p>\n<p>&nbsp;<\/p>","protected":false},"featured_media":2679,"template":"","meta":{"_kad_post_transparent":"default","_kad_post_title":"hide","_kad_post_layout":"fullwidth","_kad_post_sidebar_id":"","_kad_post_content_style":"unboxed","_kad_post_vertical_padding":"hide","_kad_post_feature":"hide","_kad_post_feature_position":"","_kad_post_header":false,"_kad_post_footer":false},"product_cat":[64,65],"product_tag":[609,610,607,608],"class_list":{"0":"post-2678","1":"product","2":"type-product","3":"status-publish","4":"has-post-thumbnail","6":"product_cat-beach-flags","7":"product_cat-feather-flags-banners","8":"product_tag-outdoor-flags","9":"product_tag-outdoor-flags-with-best-price","10":"product_tag-outdoor-marketing-flags","11":"product_tag-outdoor-marketing-flags-supplier","13":"first","14":"instock","15":"shipping-taxable","16":"product-type-simple","17":"entry","18":"content-bg","19":"loop-entry"},"_links":{"self":[{"href":"https:\/\/cmykprinted.com\/hr\/wp-json\/wp\/v2\/product\/2678","targetHints":{"allow":["GET"]}}],"collection":[{"href":"https:\/\/cmykprinted.com\/hr\/wp-json\/wp\/v2\/product"}],"about":[{"href":"https:\/\/cmykprinted.com\/hr\/wp-json\/wp\/v2\/types\/product"}],"version-history":[{"count":1,"href":"https:\/\/cmykprinted.com\/hr\/wp-json\/wp\/v2\/product\/2678\/revisions"}],"predecessor-version":[{"id":2684,"href":"https:\/\/cmykprinted.com\/hr\/wp-json\/wp\/v2\/product\/2678\/revisions\/2684"}],"wp:featuredmedia":[{"embeddable":true,"href":"https:\/\/cmykprinted.com\/hr\/wp-json\/wp\/v2\/media\/2679"}],"wp:attachment":[{"href":"https:\/\/cmykprinted.com\/hr\/wp-json\/wp\/v2\/media?parent=2678"}],"wp:term":[{"taxonomy":"product_cat","embeddable":true,"href":"https:\/\/cmykprinted.com\/hr\/wp-json\/wp\/v2\/product_cat?post=2678"},{"taxonomy":"product_tag","embeddable":true,"href":"https:\/\/cmykprinted.com\/hr\/wp-json\/wp\/v2\/product_tag?post=2678"}],"curies":[{"name":"wp","href":"https:\/\/api.w.org\/{rel}","templated":true}]}}