{"id":2686,"date":"2025-06-14T12:05:03","date_gmt":"2025-06-14T12:05:03","guid":{"rendered":"https:\/\/cmykprinted.com\/?post_type=product&#038;p=2686"},"modified":"2025-06-14T12:58:32","modified_gmt":"2025-06-14T12:58:32","slug":"factory-with-best-quality-custom-canopy-tent-10x15","status":"publish","type":"product","link":"https:\/\/cmykprinted.com\/hr\/proizvod\/tvornica-s-najboljom-kvalitetom-prilagodeni-sator-10x15\/","title":{"rendered":"Tvornica s najkvalitetnijim \u0161atorom s nadstre\u0161nicom po mjeri 10\u00d715"},"content":{"rendered":"","protected":false},"excerpt":{"rendered":"<p>Tra\u017eite savr\u0161eno rje\u0161enje za vanjsku upotrebu kako biste podigli prisutnost svog brenda? Na\u0161i \u0161atori s nadstre\u0161nicama dimenzija 10\u00d715 izra\u0111eni su u na\u0161oj profesionalnoj tvornici od najkvalitetnijih materijala i precizne proizvodnje. Bez obzira predstavljate li svoje poslovanje na sajmu, tr\u017enici na otvorenom, festivalu, sportskom doga\u0111aju ili promotivnoj aktivaciji, ovaj \u0161ator pru\u017ea neusporedivu izdr\u017eljivost, funkcionalnost i stil.<\/p>\n<p>Izra\u0111ene od izdr\u017eljivog 600D poliestera s vodootpornim, UV otpornim i vatrootpornim svojstvima, na\u0161e nadstre\u0161nice dizajnirane su da izdr\u017ee sve vremenske uvjete. \u010cvrsti aluminijski ili \u010deli\u010dni okviri pru\u017eaju dugotrajnu potporu i lako se postavljaju za samo nekoliko minuta. Prilagodite svaki detalj - dodajte svoj logotip u punoj boji, poruku robne marke ili upe\u010datljive vizualne elemente koriste\u0107i napredni sublimacijski tisak koji osigurava \u017eivopisne rezultate otporne na blije\u0111enje.<\/p>\n<p>S cijenama izravno iz tvornice, brzim rokovima isporuke i dostavom diljem svijeta, ne dobivate samo \u0161ator - dobivate visoko vidljiv marketin\u0161ki alat izgra\u0111en za u\u010dinkovitost. Istaknite se u svakoj masi s na\u0161im najkvalitetnijim \u0161atorom s nadstre\u0161nicom po mjeri dimenzija 10\u00d715.<\/p>","protected":false},"featured_media":2690,"template":"","meta":{"_kad_post_transparent":"default","_kad_post_title":"hide","_kad_post_layout":"normal","_kad_post_sidebar_id":"","_kad_post_content_style":"unboxed","_kad_post_vertical_padding":"hide","_kad_post_feature":"hide","_kad_post_feature_position":"","_kad_post_header":false,"_kad_post_footer":false},"product_cat":[68,76,74],"product_tag":[612,613,611],"class_list":{"0":"post-2686","1":"product","2":"type-product","3":"status-publish","4":"has-post-thumbnail","6":"product_cat-custom-canopy-tents","7":"product_cat-10x15ft-pop-up-tents-50mm-heavy-duty-hexagon-aluminum-tents-custom-canopy-tents","8":"product_cat-50mm-heavy-duty-hexagon-aluminum-tents","9":"product_tag-best-quality-custom-canopy-tent","10":"product_tag-canopy-tent-10x15","11":"product_tag-custom-canopy-tent-10x15","13":"first","14":"instock","15":"shipping-taxable","16":"product-type-simple","17":"entry","18":"content-bg","19":"loop-entry"},"_links":{"self":[{"href":"https:\/\/cmykprinted.com\/hr\/wp-json\/wp\/v2\/product\/2686","targetHints":{"allow":["GET"]}}],"collection":[{"href":"https:\/\/cmykprinted.com\/hr\/wp-json\/wp\/v2\/product"}],"about":[{"href":"https:\/\/cmykprinted.com\/hr\/wp-json\/wp\/v2\/types\/product"}],"version-history":[{"count":1,"href":"https:\/\/cmykprinted.com\/hr\/wp-json\/wp\/v2\/product\/2686\/revisions"}],"predecessor-version":[{"id":2688,"href":"https:\/\/cmykprinted.com\/hr\/wp-json\/wp\/v2\/product\/2686\/revisions\/2688"}],"wp:featuredmedia":[{"embeddable":true,"href":"https:\/\/cmykprinted.com\/hr\/wp-json\/wp\/v2\/media\/2690"}],"wp:attachment":[{"href":"https:\/\/cmykprinted.com\/hr\/wp-json\/wp\/v2\/media?parent=2686"}],"wp:term":[{"taxonomy":"product_cat","embeddable":true,"href":"https:\/\/cmykprinted.com\/hr\/wp-json\/wp\/v2\/product_cat?post=2686"},{"taxonomy":"product_tag","embeddable":true,"href":"https:\/\/cmykprinted.com\/hr\/wp-json\/wp\/v2\/product_tag?post=2686"}],"curies":[{"name":"wp","href":"https:\/\/api.w.org\/{rel}","templated":true}]}}