{"id":2696,"date":"2025-06-16T04:06:39","date_gmt":"2025-06-16T04:06:39","guid":{"rendered":"https:\/\/cmykprinted.com\/?post_type=product&#038;p=2696"},"modified":"2025-06-16T04:08:43","modified_gmt":"2025-06-16T04:08:43","slug":"custom-printed-canopy-tent-10x10-with-free-mock-up","status":"publish","type":"product","link":"https:\/\/cmykprinted.com\/hr\/proizvod\/prilagodeni-otisnuti-paviljon-10x10-s-besplatnim-prikazom\/","title":{"rendered":"\u0160ator s baldahinom s tiskom po narud\u017ebi 10\u00d710 s besplatnim modelom"},"content":{"rendered":"","protected":false},"excerpt":{"rendered":"<p>Istaknite se na svakom doga\u0111aju s nadstre\u0161nicom dimenzija 300 x 300 cm (10 x 10 stopa) s prilago\u0111enim tiskom \u2013 uklju\u010dena besplatna maketa!<\/p>\n<p>U\u010dinite svoj brend nezamjenjivim uz na\u0161 \u0161ator s nadstre\u0161nicom dimenzija 10 x 10 s printom po narud\u017ebi, savr\u0161en za sajmove, festivale, tr\u017enice na otvorenom, sportske doga\u0111aje i jo\u0161 mnogo toga. Dizajniran da kombinira izdr\u017eljivost, jednostavno postavljanje i zapanjuju\u0107u grafiku u boji, ovaj \u0161ator pretvara svaki prostor u profesionalni, privla\u010dan izlog brenda.<\/p>\n<p>1. Nadstre\u0161nica s potpunim printom u bojama \u2013 Ispi\u0161ite svoj logotip, poruku ili umjetni\u010dko djelo sa svih strana kako biste maksimizirali vidljivost i utjecaj brenda.<br \/>\n2. Besplatni maketa prije kupnje \u2013 Dobijte realisti\u010dan digitalni pregled va\u0161eg dizajna prije po\u010detka proizvodnje. Nema naga\u0111anja, nema iznena\u0111enja.<br \/>\n3. Okvir za te\u0161ke uvjete rada + vatrootporna tkanina 600 D otporna na vremenske uvjete \u2013 Izra\u0111ena da izdr\u017ei vjetar, ki\u0161u i sunce, a istovremeno \u0107e va\u0161 \u0161tand izgledati elegantno.<br \/>\n4. Brzo postavljanje bez alata \u2013 Postavite svoj \u0161ator za nekoliko minuta pomo\u0107u na\u0161eg jednostavnog sklopivog okvira.<br \/>\n5. Idealna veli\u010dina 10 x 10 \u2013 Savr\u0161eno za stvaranje profesionalne prisutnosti, a udobno se uklapa u standardne prostore \u0161tandova.<\/p>\n<p>Bez obzira promovirate li proizvod, podi\u017eete svijest ili jednostavno privla\u010dite vi\u0161e posjetitelja, na\u0161i \u0161atori s nadstre\u0161nicama s prilago\u0111enim printom stavljaju va\u0161 brend u sredi\u0161te pozornosti - bez rizika dizajna zahvaljuju\u0107i na\u0161oj besplatnoj usluzi izrade maketa!<\/p>\n<p><strong>\u00a0Naru\u010dite danas i pustite da va\u0161 \u0161ator govori za vas!<\/strong><\/p>","protected":false},"featured_media":2704,"template":"","meta":{"_kad_post_transparent":"default","_kad_post_title":"hide","_kad_post_layout":"normal","_kad_post_sidebar_id":"","_kad_post_content_style":"unboxed","_kad_post_vertical_padding":"hide","_kad_post_feature":"hide","_kad_post_feature_position":"","_kad_post_header":false,"_kad_post_footer":false},"product_cat":[68,76,74],"product_tag":[615,614],"class_list":{"0":"post-2696","1":"product","2":"type-product","3":"status-publish","4":"has-post-thumbnail","6":"product_cat-custom-canopy-tents","7":"product_cat-10x15ft-pop-up-tents-50mm-heavy-duty-hexagon-aluminum-tents-custom-canopy-tents","8":"product_cat-50mm-heavy-duty-hexagon-aluminum-tents","9":"product_tag-custom-printed-canopy-tent","10":"product_tag-custom-printed-canopy-tent-10x10","12":"first","13":"instock","14":"shipping-taxable","15":"product-type-simple","16":"entry","17":"content-bg","18":"loop-entry"},"_links":{"self":[{"href":"https:\/\/cmykprinted.com\/hr\/wp-json\/wp\/v2\/product\/2696","targetHints":{"allow":["GET"]}}],"collection":[{"href":"https:\/\/cmykprinted.com\/hr\/wp-json\/wp\/v2\/product"}],"about":[{"href":"https:\/\/cmykprinted.com\/hr\/wp-json\/wp\/v2\/types\/product"}],"version-history":[{"count":1,"href":"https:\/\/cmykprinted.com\/hr\/wp-json\/wp\/v2\/product\/2696\/revisions"}],"predecessor-version":[{"id":2703,"href":"https:\/\/cmykprinted.com\/hr\/wp-json\/wp\/v2\/product\/2696\/revisions\/2703"}],"wp:featuredmedia":[{"embeddable":true,"href":"https:\/\/cmykprinted.com\/hr\/wp-json\/wp\/v2\/media\/2704"}],"wp:attachment":[{"href":"https:\/\/cmykprinted.com\/hr\/wp-json\/wp\/v2\/media?parent=2696"}],"wp:term":[{"taxonomy":"product_cat","embeddable":true,"href":"https:\/\/cmykprinted.com\/hr\/wp-json\/wp\/v2\/product_cat?post=2696"},{"taxonomy":"product_tag","embeddable":true,"href":"https:\/\/cmykprinted.com\/hr\/wp-json\/wp\/v2\/product_tag?post=2696"}],"curies":[{"name":"wp","href":"https:\/\/api.w.org\/{rel}","templated":true}]}}