{"id":2705,"date":"2025-06-18T08:15:16","date_gmt":"2025-06-18T08:15:16","guid":{"rendered":"https:\/\/cmykprinted.com\/?post_type=product&#038;p=2705"},"modified":"2025-06-23T02:43:20","modified_gmt":"2025-06-23T02:43:20","slug":"3d-metal-transfer-stickers","status":"publish","type":"product","link":"https:\/\/cmykprinted.com\/hr\/proizvod\/prilagodene-3d-metalne-prijenosne-naljepnice-s-vlastitim-umjetnickim-djelom\/","title":{"rendered":"Prilago\u0111ene-3D-metalne-prijenosne-naljepnice-s-vlastitim-umjetni\u010dkim-djelom"},"content":{"rendered":"","protected":false},"excerpt":{"rendered":"<p>Istaknite svoj brend uz prilago\u0111ene 3D metalne naljepnice za transfer \u2013 dizajnirane od vas, izra\u0111ene da impresioniraju<\/p>\n<p>Dodajte vrhunski, privla\u010dan zavr\u0161etak svojim proizvodima, ambala\u017ei ili promotivnim artiklima s prilago\u0111enim 3D metalnim transfer naljepnicama s va\u0161im vlastitim umjetni\u010dkim djelima. Ovi elegantni, metalni amblemi nude vrhunski, profesionalni izgled koji odmah podi\u017ee va\u0161 brend. Bez obzira na to nanosite li ih na prijenosna ra\u010dunala, elektroniku, automobilske dijelove ili maloprodajnu robu, ove metalne naljepnice stvaraju smjelu izjavu o kvaliteti i dizajnu.<\/p>\n<p>Izra\u0111ene od izdr\u017eljivih, vremenski otpornih materijala poput kroma, bru\u0161enog aluminija ili nehr\u0111aju\u0107eg \u010delika, na\u0161e 3D naljepnice nisu samo za izgled - one su napravljene da traju. Svaki komad je precizno izrezan i dolazi s jakim ljepilom i lako odljepljivom folijom za prijenos, \u0161to osigurava nano\u0161enje bez mjehuri\u0107a i nereda svaki put.<\/p>\n<p>Nema minimalne narud\u017ebe. Brza isporuka. Besplatni digitalni maketi. Po\u0161aljite svoj logotip ili prilago\u0111eni dizajn ve\u0107 danas i pretvorite svoju kreativnu viziju u utjecajnu metalnu stvarnost.<\/p>\n<div style=\"width: 726px;\" class=\"wp-video\"><!--[if lt IE 9]><script>document.createElement('video');<\/script><![endif]--><br \/>\n<video class=\"wp-video-shortcode\" id=\"video-2705-1\" width=\"726\" height=\"720\" preload=\"metadata\" controls=\"controls\"><source type=\"video\/mp4\" src=\"https:\/\/cmykprinted.com\/wp-content\/uploads\/2025\/06\/3d-Metal-Transfer-Stickers.mp4?_=1\" \/><a href=\"https:\/\/cmykprinted.com\/wp-content\/uploads\/2025\/06\/3d-Metal-Transfer-Stickers.mp4\">https:\/\/cmykprinted.com\/wp-content\/uploads\/2025\/06\/3d-Metal-Transfer-Stickers.mp4<\/a><\/video><\/div>","protected":false},"featured_media":2711,"template":"","meta":{"_kad_post_transparent":"default","_kad_post_title":"hide","_kad_post_layout":"fullwidth","_kad_post_sidebar_id":"","_kad_post_content_style":"unboxed","_kad_post_vertical_padding":"hide","_kad_post_feature":"hide","_kad_post_feature_position":"","_kad_post_header":false,"_kad_post_footer":false},"product_cat":[101,102],"product_tag":[299,618,617,616],"class_list":{"0":"post-2705","1":"product","2":"type-product","3":"status-publish","4":"has-post-thumbnail","6":"product_cat-transfer-stickers","7":"product_cat-metal-transfer-stickers","8":"product_tag-3d-metal-transfer-stickers","9":"product_tag-custom-3d-metal-transfer-stickers","10":"product_tag-metallic-transfer-sticker","11":"product_tag-transfer-sticker","13":"first","14":"instock","15":"shipping-taxable","16":"product-type-simple","17":"entry","18":"content-bg","19":"loop-entry"},"_links":{"self":[{"href":"https:\/\/cmykprinted.com\/hr\/wp-json\/wp\/v2\/product\/2705","targetHints":{"allow":["GET"]}}],"collection":[{"href":"https:\/\/cmykprinted.com\/hr\/wp-json\/wp\/v2\/product"}],"about":[{"href":"https:\/\/cmykprinted.com\/hr\/wp-json\/wp\/v2\/types\/product"}],"version-history":[{"count":1,"href":"https:\/\/cmykprinted.com\/hr\/wp-json\/wp\/v2\/product\/2705\/revisions"}],"predecessor-version":[{"id":2714,"href":"https:\/\/cmykprinted.com\/hr\/wp-json\/wp\/v2\/product\/2705\/revisions\/2714"}],"wp:featuredmedia":[{"embeddable":true,"href":"https:\/\/cmykprinted.com\/hr\/wp-json\/wp\/v2\/media\/2711"}],"wp:attachment":[{"href":"https:\/\/cmykprinted.com\/hr\/wp-json\/wp\/v2\/media?parent=2705"}],"wp:term":[{"taxonomy":"product_cat","embeddable":true,"href":"https:\/\/cmykprinted.com\/hr\/wp-json\/wp\/v2\/product_cat?post=2705"},{"taxonomy":"product_tag","embeddable":true,"href":"https:\/\/cmykprinted.com\/hr\/wp-json\/wp\/v2\/product_tag?post=2705"}],"curies":[{"name":"wp","href":"https:\/\/api.w.org\/{rel}","templated":true}]}}