{"id":2716,"date":"2025-06-23T02:33:41","date_gmt":"2025-06-23T02:33:41","guid":{"rendered":"https:\/\/cmykprinted.com\/?post_type=product&#038;p=2716"},"modified":"2025-06-23T02:33:41","modified_gmt":"2025-06-23T02:33:41","slug":"logo-transfer-stickers","status":"publish","type":"product","link":"https:\/\/cmykprinted.com\/hr\/proizvod\/naljepnice-za-prijenos-logotipa\/","title":{"rendered":"Naljepnice za prijenos logotipa s metalnim niklom, proizvedene u Kini po narud\u017ebi"},"content":{"rendered":"","protected":false},"excerpt":{"rendered":"<p>\u017delite li istaknuti svoj brend elegantnom, vrhunskom zavr\u0161nom obradom? Na\u0161e naljepnice s metalnim niklom za prijenos logotipa po narud\u017ebi savr\u0161eno su rje\u0161enje za tvrtke koje zahtijevaju kvalitetu, trajnost i vizualni dojam. Proizvedene u Kini naprednom tehnologijom elektroformiranja, ove naljepnice izra\u0111ene su od ultra tankog, laganog nikla sa zapanjuju\u0107om metalnom zavr\u0161nom obradom - dostupne u srebrnoj, zlatnoj, mat, sjajnoj ili bru\u0161enoj teksturi.<\/p>\n<p>Idealne za prijenosna ra\u010dunala, elektroniku, ambala\u017eu, ure\u0111aje, promotivne artikle, bo\u010dice za kozmeti\u010dku ambala\u017eu, bo\u010dice parfema, kutije za pakiranje svije\u0107a i jo\u0161 mnogo toga, ove naljepnice za prijenos lako se nanose zahvaljuju\u0107i jakoj ljepljivoj podlozi i bez neurednih ostataka. Svaki logotip je izrezan po narud\u017ebi s o\u0161trim detaljima, \u0161to osigurava \u010dist i profesionalan izgled na bilo kojoj glatkoj povr\u0161ini.<\/p>\n<p>Minimalne koli\u010dine narud\u017ebe su niske, dostupni su veleprodajni popusti, a brza globalna dostava osigurava pravovremenu dostavu. Bez obzira jeste li startup ili etablirani brend, odaberite kvalitetu proizvedenu u Kini kojoj mo\u017eete vjerovati - profinjena, pristupa\u010dna i napravljena da impresionira.<\/p>\n<div style=\"width: 726px;\" class=\"wp-video\"><!--[if lt IE 9]><script>document.createElement('video');<\/script><![endif]--><br \/>\n<video class=\"wp-video-shortcode\" id=\"video-2716-1\" width=\"726\" height=\"720\" preload=\"metadata\" controls=\"controls\"><source type=\"video\/mp4\" src=\"https:\/\/cmykprinted.com\/wp-content\/uploads\/2025\/06\/3d-Metal-Transfer-Stickers.mp4?_=1\" \/><a href=\"https:\/\/cmykprinted.com\/wp-content\/uploads\/2025\/06\/3d-Metal-Transfer-Stickers.mp4\">https:\/\/cmykprinted.com\/wp-content\/uploads\/2025\/06\/3d-Metal-Transfer-Stickers.mp4<\/a><\/video><\/div>","protected":false},"featured_media":2717,"template":"","meta":{"_kad_post_transparent":"default","_kad_post_title":"hide","_kad_post_layout":"fullwidth","_kad_post_sidebar_id":"","_kad_post_content_style":"unboxed","_kad_post_vertical_padding":"hide","_kad_post_feature":"hide","_kad_post_feature_position":"","_kad_post_header":false,"_kad_post_footer":false},"product_cat":[101,102],"product_tag":[620,619,621],"class_list":{"0":"post-2716","1":"product","2":"type-product","3":"status-publish","4":"has-post-thumbnail","6":"product_cat-transfer-stickers","7":"product_cat-metal-transfer-stickers","8":"product_tag-custom-logo-transfer-stickers","9":"product_tag-logo-transfer-stickers","10":"product_tag-metal-nickle-logo-transfer-stickers","12":"first","13":"instock","14":"shipping-taxable","15":"product-type-simple","16":"entry","17":"content-bg","18":"loop-entry"},"_links":{"self":[{"href":"https:\/\/cmykprinted.com\/hr\/wp-json\/wp\/v2\/product\/2716","targetHints":{"allow":["GET"]}}],"collection":[{"href":"https:\/\/cmykprinted.com\/hr\/wp-json\/wp\/v2\/product"}],"about":[{"href":"https:\/\/cmykprinted.com\/hr\/wp-json\/wp\/v2\/types\/product"}],"version-history":[{"count":1,"href":"https:\/\/cmykprinted.com\/hr\/wp-json\/wp\/v2\/product\/2716\/revisions"}],"predecessor-version":[{"id":2722,"href":"https:\/\/cmykprinted.com\/hr\/wp-json\/wp\/v2\/product\/2716\/revisions\/2722"}],"wp:featuredmedia":[{"embeddable":true,"href":"https:\/\/cmykprinted.com\/hr\/wp-json\/wp\/v2\/media\/2717"}],"wp:attachment":[{"href":"https:\/\/cmykprinted.com\/hr\/wp-json\/wp\/v2\/media?parent=2716"}],"wp:term":[{"taxonomy":"product_cat","embeddable":true,"href":"https:\/\/cmykprinted.com\/hr\/wp-json\/wp\/v2\/product_cat?post=2716"},{"taxonomy":"product_tag","embeddable":true,"href":"https:\/\/cmykprinted.com\/hr\/wp-json\/wp\/v2\/product_tag?post=2716"}],"curies":[{"name":"wp","href":"https:\/\/api.w.org\/{rel}","templated":true}]}}