{"id":2723,"date":"2025-06-27T03:53:26","date_gmt":"2025-06-27T03:53:26","guid":{"rendered":"https:\/\/cmykprinted.com\/?post_type=product&#038;p=2723"},"modified":"2025-06-27T06:33:48","modified_gmt":"2025-06-27T06:33:48","slug":"custom-made-football-flags","status":"publish","type":"product","link":"https:\/\/cmykprinted.com\/hr\/proizvod\/po-mjeri-izradene-nogometne-zastave\/","title":{"rendered":"Veliki nogometni baneri po narud\u017ebi s povoljnim cijenama"},"content":{"rendered":"","protected":false},"excerpt":{"rendered":"<p>\u017delite li na veliki na\u010din pokazati svoj nogometni ponos? Na\u0161i veliki nogometni transparenti po narud\u017ebi savr\u0161eno su rje\u0161enje za strastvene navija\u010de, klubove ili organizatore doga\u0111aja koji \u017eele ostaviti sna\u017ean dojam. Izra\u0111eni od vrhunske, izdr\u017eljive poliesterske tkanine, ovi transparenti otporni su na vanjske uvjete i ostaju \u017eivopisni sezonu za sezonom.<\/p>\n<p>Nudimo potpunu prilagodbu - odaberite boje svog tima, logotipe, slogane i bilo koji jedinstveni dizajn kako biste stvorili zastave koje istinski odra\u017eavaju va\u0161 nogometni duh. Bez obzira ukra\u0161avate li stadione, zone za navija\u010de, sportske barove ili doga\u0111aje na otvorenom, na\u0161 tisak visoke rezolucije osigurava o\u0161tru grafiku i upe\u010datljive boje koje se isti\u010du iz mase.<\/p>\n<p>Unato\u010d impresivnoj veli\u010dini i kvaliteti, jam\u010dimo vrlo konkurentne cijene koje odgovaraju svim bud\u017eetima, \u0161to olak\u0161ava naru\u010divanje na veliko za turnire, lige ili promotivne kampanje. Brza isporuka i dostava diljem svijeta zna\u010de da \u0107ete svoje banere dobiti na vrijeme, gdje god se nalazili.<\/p>\n<p>Ne zadovoljavajte se obi\u010dnim. Poka\u017eite strast svog tima glasno i ponosno uz na\u0161e velike nogometne sportske zastave izra\u0111ene po narud\u017ebi - vrhunska kvaliteta po premium cijeni!<\/p>\n<div style=\"width: 854px;\" class=\"wp-video\"><!--[if lt IE 9]><script>document.createElement('video');<\/script><![endif]--><br \/>\n<video class=\"wp-video-shortcode\" id=\"video-2723-1\" width=\"854\" height=\"480\" preload=\"metadata\" controls=\"controls\"><source type=\"video\/mp4\" src=\"https:\/\/cmykprinted.com\/wp-content\/uploads\/2025\/06\/Large-Flag-Banner-for-Football-Events.mp4?_=1\" \/><a href=\"https:\/\/cmykprinted.com\/wp-content\/uploads\/2025\/06\/Large-Flag-Banner-for-Football-Events.mp4\">https:\/\/cmykprinted.com\/wp-content\/uploads\/2025\/06\/Large-Flag-Banner-for-Football-Events.mp4<\/a><\/video><\/div>","protected":false},"featured_media":2724,"template":"","meta":{"_kad_post_transparent":"default","_kad_post_title":"hide","_kad_post_layout":"fullwidth","_kad_post_sidebar_id":"","_kad_post_content_style":"unboxed","_kad_post_vertical_padding":"hide","_kad_post_feature":"hide","_kad_post_feature_position":"","_kad_post_header":false,"_kad_post_footer":false},"product_cat":[79],"product_tag":[625,622,626,624,623],"class_list":{"0":"post-2723","1":"product","2":"type-product","3":"status-publish","4":"has-post-thumbnail","6":"product_cat-custom-flags","7":"product_tag-custom-football-flags","8":"product_tag-custom-made-football-flags","9":"product_tag-custom-made-sports-flags","10":"product_tag-large-size-flags","11":"product_tag-sports-flags-banners","13":"first","14":"instock","15":"shipping-taxable","16":"product-type-simple","17":"entry","18":"content-bg","19":"loop-entry"},"_links":{"self":[{"href":"https:\/\/cmykprinted.com\/hr\/wp-json\/wp\/v2\/product\/2723","targetHints":{"allow":["GET"]}}],"collection":[{"href":"https:\/\/cmykprinted.com\/hr\/wp-json\/wp\/v2\/product"}],"about":[{"href":"https:\/\/cmykprinted.com\/hr\/wp-json\/wp\/v2\/types\/product"}],"version-history":[{"count":5,"href":"https:\/\/cmykprinted.com\/hr\/wp-json\/wp\/v2\/product\/2723\/revisions"}],"predecessor-version":[{"id":2743,"href":"https:\/\/cmykprinted.com\/hr\/wp-json\/wp\/v2\/product\/2723\/revisions\/2743"}],"wp:featuredmedia":[{"embeddable":true,"href":"https:\/\/cmykprinted.com\/hr\/wp-json\/wp\/v2\/media\/2724"}],"wp:attachment":[{"href":"https:\/\/cmykprinted.com\/hr\/wp-json\/wp\/v2\/media?parent=2723"}],"wp:term":[{"taxonomy":"product_cat","embeddable":true,"href":"https:\/\/cmykprinted.com\/hr\/wp-json\/wp\/v2\/product_cat?post=2723"},{"taxonomy":"product_tag","embeddable":true,"href":"https:\/\/cmykprinted.com\/hr\/wp-json\/wp\/v2\/product_tag?post=2723"}],"curies":[{"name":"wp","href":"https:\/\/api.w.org\/{rel}","templated":true}]}}