{"id":2738,"date":"2025-06-27T06:28:32","date_gmt":"2025-06-27T06:28:32","guid":{"rendered":"https:\/\/cmykprinted.com\/?post_type=product&#038;p=2738"},"modified":"2025-06-27T06:28:33","modified_gmt":"2025-06-27T06:28:33","slug":"business-flags","status":"publish","type":"product","link":"https:\/\/cmykprinted.com\/hr\/proizvod\/poslovne-zastave\/","title":{"rendered":"Poslovne zastave u obliku suze s isporukom u roku od 24 sata"},"content":{"rendered":"","protected":false},"excerpt":{"rendered":"<p><strong>Istaknite se odmah s prilago\u0111enim poslovnim zastavama u obliku suze \u2013 isporu\u010dene za samo 24 sata!<\/strong><\/p>\n<p>\u017delite li da va\u0161e poslovanje brzo privu\u010de pozornost? Na\u0161e prilago\u0111ene poslovne zastave u obliku suze savr\u0161eno su rje\u0161enje za predstavljanje va\u0161eg brenda, promocija ili doga\u0111aja. Dizajnirane za maksimalnu vidljivost, ove zastave imaju elegantan, moderan oblik koji se prekrasno vijori, privla\u010de\u0107i poglede iz svih smjerova.<\/p>\n<p>Nudimo tisak u punom koloru, visoke rezolucije na vrhunskoj poliesterskoj tkanini, osiguravaju\u0107i da va\u0161i logotipi, slogani i grafika izgledaju \u017eivopisno i profesionalno. S dostupnim vi\u0161e veli\u010dina, mo\u017eete odabrati savr\u0161enu visinu i \u0161irinu koja odgovara va\u0161em izlogu, \u0161tandu na sajmovima, vanjskom doga\u0111aju ili izlo\u017ebi uz cestu.<\/p>\n<p>Najbolje od svega je \u0161to nudimo nenadma\u0161nu 24-satnu uslugu isporuke, tako da mo\u017eete ispuniti kratke rokove bez \u017ertvovanja kvalitete. Od odobrenja dizajna do proizvodnje, na\u0161 pojednostavljeni proces osigurava brzu dostavu va\u0161ih zastava, poma\u017eu\u0107i vam da iskoristite prilike bez odlaganja.<\/p>\n<p>Pristupa\u010dne cijene, izdr\u017eljivi materijali i jednostavna monta\u017ea \u010dine na\u0161e prilago\u0111ene poslovne zastave u obliku suze ultimativnim marketin\u0161kim alatom za svako poduze\u0107e spremno ostaviti sna\u017ean dojam - brzo!<\/p>\n<div style=\"width: 1290px;\" class=\"wp-video\"><!--[if lt IE 9]><script>document.createElement('video');<\/script><![endif]--><br \/>\n<video class=\"wp-video-shortcode\" id=\"video-2738-1\" width=\"1290\" height=\"726\" poster=\"https:\/\/cmykprinted.com\/wp-content\/uploads\/2023\/10\/Wholesale-Teardrop-Flags-1026002.jpg\" preload=\"metadata\" controls=\"controls\"><source type=\"video\/mp4\" src=\"https:\/\/cmykprinted.com\/wp-content\/uploads\/2023\/10\/Wholesale-Teardrop-Flags.mp4?_=1\" \/><a href=\"https:\/\/cmykprinted.com\/wp-content\/uploads\/2023\/10\/Wholesale-Teardrop-Flags.mp4\">https:\/\/cmykprinted.com\/wp-content\/uploads\/2023\/10\/Wholesale-Teardrop-Flags.mp4<\/a><\/video><\/div>","protected":false},"featured_media":2741,"template":"","meta":{"_kad_post_transparent":"default","_kad_post_title":"hide","_kad_post_layout":"fullwidth","_kad_post_sidebar_id":"","_kad_post_content_style":"unboxed","_kad_post_vertical_padding":"hide","_kad_post_feature":"hide","_kad_post_feature_position":"","_kad_post_header":false,"_kad_post_footer":false},"product_cat":[64,67],"product_tag":[627,629,628],"class_list":{"0":"post-2738","1":"product","2":"type-product","3":"status-publish","4":"has-post-thumbnail","6":"product_cat-beach-flags","7":"product_cat-teardrop-flags-banners","8":"product_tag-business-flags","9":"product_tag-custom-business-flags","10":"product_tag-teardrop-business-flags","12":"first","13":"instock","14":"shipping-taxable","15":"product-type-simple","16":"entry","17":"content-bg","18":"loop-entry"},"_links":{"self":[{"href":"https:\/\/cmykprinted.com\/hr\/wp-json\/wp\/v2\/product\/2738","targetHints":{"allow":["GET"]}}],"collection":[{"href":"https:\/\/cmykprinted.com\/hr\/wp-json\/wp\/v2\/product"}],"about":[{"href":"https:\/\/cmykprinted.com\/hr\/wp-json\/wp\/v2\/types\/product"}],"version-history":[{"count":1,"href":"https:\/\/cmykprinted.com\/hr\/wp-json\/wp\/v2\/product\/2738\/revisions"}],"predecessor-version":[{"id":2742,"href":"https:\/\/cmykprinted.com\/hr\/wp-json\/wp\/v2\/product\/2738\/revisions\/2742"}],"wp:featuredmedia":[{"embeddable":true,"href":"https:\/\/cmykprinted.com\/hr\/wp-json\/wp\/v2\/media\/2741"}],"wp:attachment":[{"href":"https:\/\/cmykprinted.com\/hr\/wp-json\/wp\/v2\/media?parent=2738"}],"wp:term":[{"taxonomy":"product_cat","embeddable":true,"href":"https:\/\/cmykprinted.com\/hr\/wp-json\/wp\/v2\/product_cat?post=2738"},{"taxonomy":"product_tag","embeddable":true,"href":"https:\/\/cmykprinted.com\/hr\/wp-json\/wp\/v2\/product_tag?post=2738"}],"curies":[{"name":"wp","href":"https:\/\/api.w.org\/{rel}","templated":true}]}}