{"id":2745,"date":"2025-07-01T12:15:17","date_gmt":"2025-07-01T12:15:17","guid":{"rendered":"https:\/\/cmykprinted.com\/?post_type=product&#038;p=2745"},"modified":"2025-07-01T12:35:43","modified_gmt":"2025-07-01T12:35:43","slug":"display-signs-for-trade-shows","status":"publish","type":"product","link":"https:\/\/cmykprinted.com\/hr\/proizvod\/izlozbeni-natpisi-za-sajmove\/","title":{"rendered":"Izrada reklamnih natpisa od tkanine po narud\u017ebi za sajmove s rokom isporuke od 48 sati"},"content":{"rendered":"","protected":false},"excerpt":{"rendered":"<p>Istaknite svoj brend na sajmovima uz na\u0161e prilago\u0111ene platnene natpise, izra\u0111ene za \u017eivopisne vizualne efekte i profesionalni dojam. Proizvedeni u na\u0161em naprednom proizvodnom pogonu, ovi natpisi imaju visokorezolucijski sublimacijski tisak na vrhunskim tkaninama poput poliestera od 250 g\/m\u00b2, \u0161to osigurava briljantne boje i otpornost na gu\u017evanje.<\/p>\n<p>Od prilago\u0111enih platnenih natpisa za sajmove do vise\u0107ih banera i stolnih displeja, nudimo \u0161irok raspon prilagodljivih veli\u010dina i oblika koji odgovaraju dizajnu va\u0161eg \u0161tanda. Na\u0161i platneni natpisi lagani su i jednostavni za sastavljanje, idealni su za brzo postavljanje i transport, \u0161tede\u0107i vam vrijeme i trud tijekom prometnih doga\u0111anja.<\/p>\n<p>U\u017eivajte u pravim cijenama izravno iz tvornice bez \u017ertvovanja kvalitete. Bez obzira trebate li pojedina\u010dni izlo\u017ebeni prostor ili masovnu proizvodnju, jam\u010dimo konkurentne cijene, brzo vrijeme isporuke i dostavu diljem svijeta. Promovirajte svoj brend uz prilago\u0111ene tekstilne izlo\u017ebene natpise koji privla\u010de pa\u017enju i ostavljaju trajan dojam na svakom sajmu!<\/p>\n<div style=\"width: 720px;\" class=\"wp-video\"><!--[if lt IE 9]><script>document.createElement('video');<\/script><![endif]--><br \/>\n<video class=\"wp-video-shortcode\" id=\"video-2745-1\" width=\"720\" height=\"1280\" preload=\"metadata\" controls=\"controls\"><source type=\"video\/mp4\" src=\"https:\/\/cmykprinted.com\/wp-content\/uploads\/2025\/07\/Instruction-Installation-Custom-Pillowcase-Backdrop.mp4?_=1\" \/><a href=\"https:\/\/cmykprinted.com\/wp-content\/uploads\/2025\/07\/Instruction-Installation-Custom-Pillowcase-Backdrop.mp4\">https:\/\/cmykprinted.com\/wp-content\/uploads\/2025\/07\/Instruction-Installation-Custom-Pillowcase-Backdrop.mp4<\/a><\/video><\/div>\n<p>&nbsp;<\/p>","protected":false},"featured_media":2751,"template":"","meta":{"_kad_post_transparent":"default","_kad_post_title":"hide","_kad_post_layout":"fullwidth","_kad_post_sidebar_id":"","_kad_post_content_style":"unboxed","_kad_post_vertical_padding":"hide","_kad_post_feature":"hide","_kad_post_feature_position":"","_kad_post_header":false,"_kad_post_footer":false},"product_cat":[97,99],"product_tag":[632,630,631],"class_list":{"0":"post-2745","1":"product","2":"type-product","3":"status-publish","4":"has-post-thumbnail","6":"product_cat-tension-fabric-displays","7":"product_cat-custom-fabric-displays","8":"product_tag-custom-fabric-display-signs","9":"product_tag-display-signs-for-trade-shows","10":"product_tag-fabric-display-signs","12":"first","13":"instock","14":"shipping-taxable","15":"product-type-simple","16":"entry","17":"content-bg","18":"loop-entry"},"_links":{"self":[{"href":"https:\/\/cmykprinted.com\/hr\/wp-json\/wp\/v2\/product\/2745","targetHints":{"allow":["GET"]}}],"collection":[{"href":"https:\/\/cmykprinted.com\/hr\/wp-json\/wp\/v2\/product"}],"about":[{"href":"https:\/\/cmykprinted.com\/hr\/wp-json\/wp\/v2\/types\/product"}],"version-history":[{"count":1,"href":"https:\/\/cmykprinted.com\/hr\/wp-json\/wp\/v2\/product\/2745\/revisions"}],"predecessor-version":[{"id":2756,"href":"https:\/\/cmykprinted.com\/hr\/wp-json\/wp\/v2\/product\/2745\/revisions\/2756"}],"wp:featuredmedia":[{"embeddable":true,"href":"https:\/\/cmykprinted.com\/hr\/wp-json\/wp\/v2\/media\/2751"}],"wp:attachment":[{"href":"https:\/\/cmykprinted.com\/hr\/wp-json\/wp\/v2\/media?parent=2745"}],"wp:term":[{"taxonomy":"product_cat","embeddable":true,"href":"https:\/\/cmykprinted.com\/hr\/wp-json\/wp\/v2\/product_cat?post=2745"},{"taxonomy":"product_tag","embeddable":true,"href":"https:\/\/cmykprinted.com\/hr\/wp-json\/wp\/v2\/product_tag?post=2745"}],"curies":[{"name":"wp","href":"https:\/\/api.w.org\/{rel}","templated":true}]}}