{"id":2776,"date":"2025-07-03T08:36:07","date_gmt":"2025-07-03T08:36:07","guid":{"rendered":"https:\/\/cmykprinted.com\/?post_type=product&#038;p=2776"},"modified":"2025-07-03T08:41:55","modified_gmt":"2025-07-03T08:41:55","slug":"street-pole-banners","status":"publish","type":"product","link":"https:\/\/cmykprinted.com\/hr\/proizvod\/banneri-za-ulicne-stupove\/","title":{"rendered":"Visokokvalitetni uli\u010dni banneri s povoljnim tvorni\u010dkim cijenama"},"content":{"rendered":"","protected":false},"excerpt":{"rendered":"<p>U\u010dinite svoje ulice \u017eivopisnima, a svoju poruku istaknutom uz na\u0161e visokokvalitetne uli\u010dne bannere koje nudimo po nenadma\u0161noj tvorni\u010dkoj cijeni! Izra\u0111eni od izdr\u017eljivih, vremenski otpornih materijala poput vinila ili poliesterske tkanine, ovi banneri dizajnirani su da izdr\u017ee sunce, vjetar, ki\u0161u i snijeg, osiguravaju\u0107i dugotrajnu izvedbu na otvorenom.<\/p>\n<p>Tiskani u \u017eivim bojama visoke rezolucije, privla\u010de pa\u017enju i o\u017eivljavaju va\u0161e dizajne, logotipe ili promotivne poruke. Svaki banner izra\u0111uje se po mjeri u \u017eeljenoj veli\u010dini i obliku, s oja\u010danim rubovima i d\u017eepovima za jarbole za sigurnu ugradnju na uli\u010dne svjetiljke, uli\u010dne stupove ili rasvjetne stupove. Savr\u0161eni za uljep\u0161avanje grada, sezonske ukrase, poslovne promocije ili ogla\u0161avanje doga\u0111aja, na\u0161i uli\u010dni banneri kombiniraju vrhunsku kvalitetu s pristupa\u010dnim cijenama izravno iz tvornice. Pobolj\u0161ajte izgled svoje zajednice ili pove\u0107ajte vidljivost svog brenda bez iscrpljivanja prora\u010duna.<\/p>\n<p>Vjerujte nam za visokokvalitetne uli\u010dne banere koji pru\u017eaju maksimalan u\u010dinak po niskoj cijeni!<\/p>\n<p>&nbsp;<\/p>\n<p>&nbsp;<\/p>","protected":false},"featured_media":2782,"template":"","meta":{"_kad_post_transparent":"default","_kad_post_title":"hide","_kad_post_layout":"fullwidth","_kad_post_sidebar_id":"","_kad_post_content_style":"unboxed","_kad_post_vertical_padding":"hide","_kad_post_feature":"hide","_kad_post_feature_position":"","_kad_post_header":false,"_kad_post_footer":false},"product_cat":[85,90,91,89],"product_tag":[640,639],"class_list":{"0":"post-2776","1":"product","2":"type-product","3":"status-publish","4":"has-post-thumbnail","6":"product_cat-outdoor-vinyl-banners","7":"product_cat-glossy-pvc-banners","8":"product_cat-matte-vinyl-banners","9":"product_cat-pvc-banners","10":"product_tag-pole-banners","11":"product_tag-street-pole-banners","13":"first","14":"instock","15":"shipping-taxable","16":"product-type-simple","17":"entry","18":"content-bg","19":"loop-entry"},"_links":{"self":[{"href":"https:\/\/cmykprinted.com\/hr\/wp-json\/wp\/v2\/product\/2776","targetHints":{"allow":["GET"]}}],"collection":[{"href":"https:\/\/cmykprinted.com\/hr\/wp-json\/wp\/v2\/product"}],"about":[{"href":"https:\/\/cmykprinted.com\/hr\/wp-json\/wp\/v2\/types\/product"}],"version-history":[{"count":1,"href":"https:\/\/cmykprinted.com\/hr\/wp-json\/wp\/v2\/product\/2776\/revisions"}],"predecessor-version":[{"id":2783,"href":"https:\/\/cmykprinted.com\/hr\/wp-json\/wp\/v2\/product\/2776\/revisions\/2783"}],"wp:featuredmedia":[{"embeddable":true,"href":"https:\/\/cmykprinted.com\/hr\/wp-json\/wp\/v2\/media\/2782"}],"wp:attachment":[{"href":"https:\/\/cmykprinted.com\/hr\/wp-json\/wp\/v2\/media?parent=2776"}],"wp:term":[{"taxonomy":"product_cat","embeddable":true,"href":"https:\/\/cmykprinted.com\/hr\/wp-json\/wp\/v2\/product_cat?post=2776"},{"taxonomy":"product_tag","embeddable":true,"href":"https:\/\/cmykprinted.com\/hr\/wp-json\/wp\/v2\/product_tag?post=2776"}],"curies":[{"name":"wp","href":"https:\/\/api.w.org\/{rel}","templated":true}]}}