{"id":2784,"date":"2025-07-07T02:32:54","date_gmt":"2025-07-07T02:32:54","guid":{"rendered":"https:\/\/cmykprinted.com\/?post_type=product&#038;p=2784"},"modified":"2025-07-07T02:35:29","modified_gmt":"2025-07-07T02:35:29","slug":"street-light-pole-banner","status":"publish","type":"product","link":"https:\/\/cmykprinted.com\/hr\/proizvod\/banner-za-stup-ulicne-rasvjete\/","title":{"rendered":"Jeftina cijena uli\u010dne rasvjete s nosa\u010dima"},"content":{"rendered":"","protected":false},"excerpt":{"rendered":"<p>Tra\u017eite li povoljan, a opet u\u010dinkovit na\u010din za predstavljanje svog brenda, promociju doga\u0111aja ili ukra\u0161avanje gradskih ulica? Na\u0161i povoljni baneri za uli\u010dne svjetiljke s nosa\u010dima savr\u0161eno su rje\u0161enje.<\/p>\n<p>Izra\u0111eni od izdr\u017eljivih, vremenski otpornih materijala poput te\u0161kog vinila ili poliesterske tkanine, ovi baneri osiguravaju \u017eivopisne, dugotrajne otiske koji su otporni na sunce, ki\u0161u i vjetar. Svaki set dolazi s \u010dvrstim nosa\u010dima za sigurnu i jednostavnu ugradnju na stupove razli\u010ditih veli\u010dina, \u0161to ih \u010dini idealnim za ulice, parkirali\u0161ta, kampuse, trgova\u010dke \u010detvrti i jo\u0161 mnogo toga.<\/p>\n<p>Klju\u010dne zna\u010dajke:<br \/>\n1. Isplativ marketing \u2013 Visoka vidljivost po pristupa\u010dnoj cijeni.<\/p>\n<p>2. Prilago\u0111eni tisak \u2013 Grafike u punom koloru za isticanje va\u0161e jedinstvene poruke ili brenda.<\/p>\n<p>3. Izdr\u017eljivi materijali \u2013 Dizajnirani za dugotrajnu upotrebu u vanjskim uvjetima.<\/p>\n<p>4. Jednostavna instalacija \u2013 Uklju\u010duje pouzdane nosa\u010de za brzu monta\u017eu.<\/p>\n<p>5. Svestrana primjena \u2013 Savr\u0161eno za sezonske promocije, festivale, gra\u0111anski ponos i poslovno ogla\u0161avanje.<\/p>\n<p>Ne dopustite da vam prora\u010dunska ograni\u010denja ograni\u010de vidljivost. S na\u0161im povoljnim bannerima za uli\u010dne svjetiljke s nosa\u010dima mo\u017eete privu\u0107i pozornost i istaknuti svoju poruku bez prekomjernog tro\u0161enja. Kontaktirajte nas jo\u0161 danas za prilago\u0111ene veli\u010dine, dizajne i besplatnu ponudu!<\/p>\n<figure id=\"attachment_2785\" aria-describedby=\"caption-attachment-2785\" style=\"width: 1000px\" class=\"wp-caption alignnone\"><img fetchpriority=\"high\" decoding=\"async\" class=\"size-full wp-image-2785\" src=\"https:\/\/cmykprinted.com\/wp-content\/uploads\/2025\/07\/Street-Light-Pole-Banner.jpg\" alt=\"Banner na stupu uli\u010dne rasvjete\" width=\"1000\" height=\"560\" srcset=\"https:\/\/cmykprinted.com\/wp-content\/uploads\/2025\/07\/Street-Light-Pole-Banner.jpg 1000w, https:\/\/cmykprinted.com\/wp-content\/uploads\/2025\/07\/Street-Light-Pole-Banner-300x168.jpg 300w, https:\/\/cmykprinted.com\/wp-content\/uploads\/2025\/07\/Street-Light-Pole-Banner-768x430.jpg 768w, https:\/\/cmykprinted.com\/wp-content\/uploads\/2025\/07\/Street-Light-Pole-Banner-18x10.jpg 18w, https:\/\/cmykprinted.com\/wp-content\/uploads\/2025\/07\/Street-Light-Pole-Banner-600x336.jpg 600w\" sizes=\"(max-width: 1000px) 100vw, 1000px\" \/><figcaption id=\"caption-attachment-2785\" class=\"wp-caption-text\">Banner na stupu uli\u010dne rasvjete<\/figcaption><\/figure>\n<p>&nbsp;<\/p>","protected":false},"featured_media":2786,"template":"","meta":{"_kad_post_transparent":"default","_kad_post_title":"hide","_kad_post_layout":"fullwidth","_kad_post_sidebar_id":"","_kad_post_content_style":"unboxed","_kad_post_vertical_padding":"hide","_kad_post_feature":"hide","_kad_post_feature_position":"","_kad_post_header":false,"_kad_post_footer":false},"product_cat":[85,90,91,89],"product_tag":[642,641],"class_list":{"0":"post-2784","1":"product","2":"type-product","3":"status-publish","4":"has-post-thumbnail","6":"product_cat-outdoor-vinyl-banners","7":"product_cat-glossy-pvc-banners","8":"product_cat-matte-vinyl-banners","9":"product_cat-pvc-banners","10":"product_tag-light-pole-banner-with-brackets","11":"product_tag-street-light-pole-banner","13":"first","14":"instock","15":"shipping-taxable","16":"product-type-simple","17":"entry","18":"content-bg","19":"loop-entry"},"_links":{"self":[{"href":"https:\/\/cmykprinted.com\/hr\/wp-json\/wp\/v2\/product\/2784","targetHints":{"allow":["GET"]}}],"collection":[{"href":"https:\/\/cmykprinted.com\/hr\/wp-json\/wp\/v2\/product"}],"about":[{"href":"https:\/\/cmykprinted.com\/hr\/wp-json\/wp\/v2\/types\/product"}],"version-history":[{"count":1,"href":"https:\/\/cmykprinted.com\/hr\/wp-json\/wp\/v2\/product\/2784\/revisions"}],"predecessor-version":[{"id":2789,"href":"https:\/\/cmykprinted.com\/hr\/wp-json\/wp\/v2\/product\/2784\/revisions\/2789"}],"wp:featuredmedia":[{"embeddable":true,"href":"https:\/\/cmykprinted.com\/hr\/wp-json\/wp\/v2\/media\/2786"}],"wp:attachment":[{"href":"https:\/\/cmykprinted.com\/hr\/wp-json\/wp\/v2\/media?parent=2784"}],"wp:term":[{"taxonomy":"product_cat","embeddable":true,"href":"https:\/\/cmykprinted.com\/hr\/wp-json\/wp\/v2\/product_cat?post=2784"},{"taxonomy":"product_tag","embeddable":true,"href":"https:\/\/cmykprinted.com\/hr\/wp-json\/wp\/v2\/product_tag?post=2784"}],"curies":[{"name":"wp","href":"https:\/\/api.w.org\/{rel}","templated":true}]}}