{"id":2799,"date":"2025-07-08T08:16:30","date_gmt":"2025-07-08T08:16:30","guid":{"rendered":"https:\/\/cmykprinted.com\/?post_type=product&#038;p=2799"},"modified":"2025-07-08T08:16:30","modified_gmt":"2025-07-08T08:16:30","slug":"custom-fabric-banners","status":"publish","type":"product","link":"https:\/\/cmykprinted.com\/hr\/proizvod\/prilagodeni-tekstili-platneni-transparenti\/","title":{"rendered":"Transparenti od tkanine po narud\u017ebi za sajmove\/sport\/doga\u0111aje s 20% popusta"},"content":{"rendered":"","protected":false},"excerpt":{"rendered":"<p>Ostavite sna\u017ean dojam na sajmovima, sportskim doga\u0111ajima ili bilo kojoj posebnoj prigodi s na\u0161im vrhunskim bannerima od tkanine po narud\u017ebi. Izra\u0111eni od visokokvalitetnih, izdr\u017eljivih materijala, ovi baneri pru\u017eaju \u017eivopisnu, o\u0161tru grafiku koja privla\u010di svaku pa\u017enju i podi\u017ee prisutnost va\u0161eg brenda. Lagani, a opet \u010dvrsti, jednostavni su za transport, postavljanje i ponovnu upotrebu, \u0161tede\u0107i vam vrijeme i novac.<\/p>\n<p>Bez obzira predstavljate li svoje poslovanje na izlo\u017ebi, navijate za svoj tim ili stvarate prekrasnu kulisu za doga\u0111aj, na\u0161i platneni baneri nude svestrana rje\u0161enja prilago\u0111ena va\u0161im jedinstvenim potrebama. U\u017eivajte u \u017eivim bojama zahvaljuju\u0107i naprednom sublimacijskom tisku, osiguravaju\u0107i da va\u0161a poruka ostane odva\u017ena i profesionalna.<\/p>\n<p>Ne propustite na\u0161u vremenski ograni\u010denu ponudu: ostvarite 20% popusta na svoje tkanine po narud\u017ebi ve\u0107 danas i u\u010dinite da va\u0161 brend zablista ja\u010de nego ikad. Kontaktirajte nas odmah kako biste unaprijedili svoju prezentacijsku igru \u200b\u200bi istaknuli se me\u0111u konkurencijom!<\/p>\n<div style=\"width: 854px;\" class=\"wp-video\"><!--[if lt IE 9]><script>document.createElement('video');<\/script><![endif]--><br \/>\n<video class=\"wp-video-shortcode\" id=\"video-2799-1\" width=\"854\" height=\"480\" preload=\"metadata\" controls=\"controls\"><source type=\"video\/mp4\" src=\"https:\/\/cmykprinted.com\/wp-content\/uploads\/2025\/06\/Large-Flag-Banner-for-Football-Events.mp4?_=1\" \/><a href=\"https:\/\/cmykprinted.com\/wp-content\/uploads\/2025\/06\/Large-Flag-Banner-for-Football-Events.mp4\">https:\/\/cmykprinted.com\/wp-content\/uploads\/2025\/06\/Large-Flag-Banner-for-Football-Events.mp4<\/a><\/video><\/div>","protected":false},"featured_media":2807,"template":"","meta":{"_kad_post_transparent":"default","_kad_post_title":"hide","_kad_post_layout":"fullwidth","_kad_post_sidebar_id":"","_kad_post_content_style":"unboxed","_kad_post_vertical_padding":"hide","_kad_post_feature":"hide","_kad_post_feature_position":"","_kad_post_header":false,"_kad_post_footer":false},"product_cat":[79],"product_tag":[646,408,648,647],"class_list":{"0":"post-2799","1":"product","2":"type-product","3":"status-publish","4":"has-post-thumbnail","6":"product_cat-custom-flags","7":"product_tag-custom-fabric-banners","8":"product_tag-fabric-banners","9":"product_tag-fabric-banners-for-events","10":"product_tag-fabric-banners-for-trade-show","12":"first","13":"instock","14":"shipping-taxable","15":"product-type-simple","16":"entry","17":"content-bg","18":"loop-entry"},"_links":{"self":[{"href":"https:\/\/cmykprinted.com\/hr\/wp-json\/wp\/v2\/product\/2799","targetHints":{"allow":["GET"]}}],"collection":[{"href":"https:\/\/cmykprinted.com\/hr\/wp-json\/wp\/v2\/product"}],"about":[{"href":"https:\/\/cmykprinted.com\/hr\/wp-json\/wp\/v2\/types\/product"}],"version-history":[{"count":1,"href":"https:\/\/cmykprinted.com\/hr\/wp-json\/wp\/v2\/product\/2799\/revisions"}],"predecessor-version":[{"id":2808,"href":"https:\/\/cmykprinted.com\/hr\/wp-json\/wp\/v2\/product\/2799\/revisions\/2808"}],"wp:featuredmedia":[{"embeddable":true,"href":"https:\/\/cmykprinted.com\/hr\/wp-json\/wp\/v2\/media\/2807"}],"wp:attachment":[{"href":"https:\/\/cmykprinted.com\/hr\/wp-json\/wp\/v2\/media?parent=2799"}],"wp:term":[{"taxonomy":"product_cat","embeddable":true,"href":"https:\/\/cmykprinted.com\/hr\/wp-json\/wp\/v2\/product_cat?post=2799"},{"taxonomy":"product_tag","embeddable":true,"href":"https:\/\/cmykprinted.com\/hr\/wp-json\/wp\/v2\/product_tag?post=2799"}],"curies":[{"name":"wp","href":"https:\/\/api.w.org\/{rel}","templated":true}]}}