{"id":2810,"date":"2025-07-10T09:30:52","date_gmt":"2025-07-10T09:30:52","guid":{"rendered":"https:\/\/cmykprinted.com\/?post_type=product&#038;p=2810"},"modified":"2025-07-10T09:30:52","modified_gmt":"2025-07-10T09:30:52","slug":"breakaway-banner-for-football","status":"publish","type":"product","link":"https:\/\/cmykprinted.com\/hr\/proizvod\/probijajuci-banner-za-nogomet-2\/","title":{"rendered":"Odvojivi baner za nogomet po konkurentnoj cijeni"},"content":{"rendered":"","protected":false},"excerpt":{"rendered":"<p>\u017delite li unijeti neusporedivo uzbu\u0111enje i timski duh u svoje nogometne utakmice bez prevelikog ulaganja? Na\u0161 Breakaway banner za nogomet nudi savr\u0161eno rje\u0161enje po konkurentnoj cijeni. Dizajnirani za dramati\u010dne ulaske igra\u010da, ovi baneri stvaraju uzbudljiv spektakl koji energizira sporta\u0161e i navija\u010de.<\/p>\n<p>Stvorite zapanjuju\u0107e trenutke na dan utakmice<\/p>\n<p>Na\u0161i nogometni transparenti za odvajanje izra\u0111eni su od visokokvalitetne, izdr\u017eljive tkanine koja mo\u017ee izdr\u017eati ponovljenu upotrebu, utakmicu za utakmicom. Transparent se sastoji od dva panela koji se pri\u010dvr\u0161\u0107uju \u010di\u010dak trakama, omogu\u0107uju\u0107i igra\u010dima da probiju kroz sredinu i eksplozivno u\u0111u na teren. To je nezaboravan na\u010din da poka\u017eete timski ponos i potaknete publiku.<\/p>\n<p>Jednostavno postavljanje i ponovna upotreba<\/p>\n<p>Svaki odvojivi transparent za nogomet ima d\u017eepove sa svake strane za dr\u017eanje potpornih stupova. Stupovi se mogu usidriti u tlo radi stabilnosti, dok u\u017ead koju dr\u017ee navija\u010dice ili osoblje dr\u017ei gornji dio sigurnim. Postavljanje je brzo i jednostavno, osiguravaju\u0107i da ste spremni za po\u010detak utakmice za nekoliko minuta. Nakon utakmice, jednostavno ponovno pri\u010dvrstite panele i smotajte transparent za kompaktno skladi\u0161tenje.<\/p>\n<p>\u017divahni prilago\u0111eni tisak<\/p>\n<p>Nudimo tisak u punom koloru i visoke rezolucije kako biste mogli personalizirati svoj banner logotipima timova, imenima \u0161kola, maskotama, sloganima ili grafikom sponzora. \u017divopisni otisci ostaju svijetli i privla\u010dni \u010dak i nakon vi\u0161ekratne upotrebe, poma\u017eu\u0107i va\u0161em timu da se istakne na terenu.<\/p>\n<div style=\"width: 960px;\" class=\"wp-video\"><!--[if lt IE 9]><script>document.createElement('video');<\/script><![endif]--><br \/>\n<video class=\"wp-video-shortcode\" id=\"video-2810-1\" width=\"960\" height=\"540\" preload=\"metadata\" controls=\"controls\"><source type=\"video\/mp4\" src=\"https:\/\/cmykprinted.com\/wp-content\/uploads\/2025\/07\/Breakaway-Banners.mp4?_=1\" \/><a href=\"https:\/\/cmykprinted.com\/wp-content\/uploads\/2025\/07\/Breakaway-Banners.mp4\">https:\/\/cmykprinted.com\/wp-content\/uploads\/2025\/07\/Breakaway-Banners.mp4<\/a><\/video><\/div>","protected":false},"featured_media":2816,"template":"","meta":{"_kad_post_transparent":"default","_kad_post_title":"hide","_kad_post_layout":"fullwidth","_kad_post_sidebar_id":"","_kad_post_content_style":"unboxed","_kad_post_vertical_padding":"hide","_kad_post_feature":"hide","_kad_post_feature_position":"","_kad_post_header":false,"_kad_post_footer":false},"product_cat":[79],"product_tag":[650,649],"class_list":{"0":"post-2810","1":"product","2":"type-product","3":"status-publish","4":"has-post-thumbnail","6":"product_cat-custom-flags","7":"product_tag-breakaway-banner","8":"product_tag-breakaway-banner-for-football","10":"first","11":"instock","12":"shipping-taxable","13":"product-type-simple","14":"entry","15":"content-bg","16":"loop-entry"},"_links":{"self":[{"href":"https:\/\/cmykprinted.com\/hr\/wp-json\/wp\/v2\/product\/2810","targetHints":{"allow":["GET"]}}],"collection":[{"href":"https:\/\/cmykprinted.com\/hr\/wp-json\/wp\/v2\/product"}],"about":[{"href":"https:\/\/cmykprinted.com\/hr\/wp-json\/wp\/v2\/types\/product"}],"version-history":[{"count":1,"href":"https:\/\/cmykprinted.com\/hr\/wp-json\/wp\/v2\/product\/2810\/revisions"}],"predecessor-version":[{"id":2820,"href":"https:\/\/cmykprinted.com\/hr\/wp-json\/wp\/v2\/product\/2810\/revisions\/2820"}],"wp:featuredmedia":[{"embeddable":true,"href":"https:\/\/cmykprinted.com\/hr\/wp-json\/wp\/v2\/media\/2816"}],"wp:attachment":[{"href":"https:\/\/cmykprinted.com\/hr\/wp-json\/wp\/v2\/media?parent=2810"}],"wp:term":[{"taxonomy":"product_cat","embeddable":true,"href":"https:\/\/cmykprinted.com\/hr\/wp-json\/wp\/v2\/product_cat?post=2810"},{"taxonomy":"product_tag","embeddable":true,"href":"https:\/\/cmykprinted.com\/hr\/wp-json\/wp\/v2\/product_tag?post=2810"}],"curies":[{"name":"wp","href":"https:\/\/api.w.org\/{rel}","templated":true}]}}