{"id":2821,"date":"2025-07-16T07:13:11","date_gmt":"2025-07-16T07:13:11","guid":{"rendered":"https:\/\/cmykprinted.com\/?post_type=product&#038;p=2821"},"modified":"2025-07-16T07:13:11","modified_gmt":"2025-07-16T07:13:11","slug":"branded-backdrops","status":"publish","type":"product","link":"https:\/\/cmykprinted.com\/hr\/proizvod\/brendirane-pozadine\/","title":{"rendered":"Jeftine pozadine s prilago\u0111enim brendiranjem za sportske doga\u0111aje"},"content":{"rendered":"","protected":false},"excerpt":{"rendered":"<p>Pozadine s brendiranjem po narud\u017ebi za sportske doga\u0111aje savr\u0161eno su rje\u0161enje za pobolj\u0161anje vidljivosti va\u0161eg brenda i stvaranje profesionalne atmosfere na bilo kojem sportskom mjestu. Dizajnirane od visokokvalitetne tkanine i sublimacijskog tiska u punoj boji, ove pozadine \u017eivopisno prikazuju logotipe, sponzore, imena timova i promotivne poruke.<\/p>\n<p>Bilo da se koriste iza podija, prostora za konferencije za novinare, foto zona ili ulaza, poma\u017eu u privla\u010denju pa\u017enje i pru\u017eaju idealno okru\u017eenje za medije.<\/p>\n<p>Na\u0161e pozadine dostupne su u raznim veli\u010dinama i mogu se prilagoditi specifi\u010dnim potrebama va\u0161eg doga\u0111aja. Lagane, prenosive i jednostavne za postavljanje, dolaze s aluminijskim okvirima ili sustavima zatezne tkanine za brzu ugradnju i zavr\u0161nu obradu bez nabora. Idealne za sportske doga\u0111aje u zatvorenom i na otvorenom, ove prilago\u0111ene pozadine su izdr\u017eljive i mogu se ponovno koristiti.<\/p>\n<p>Poja\u010dajte utjecaj svog brenda i stvorite kohezivan vizualni identitet s na\u0161im prilago\u0111enim pozadinama za sportske doga\u0111aje.<\/p>\n<div style=\"width: 720px;\" class=\"wp-video\"><!--[if lt IE 9]><script>document.createElement('video');<\/script><![endif]--><br \/>\n<video class=\"wp-video-shortcode\" id=\"video-2821-1\" width=\"720\" height=\"1280\" preload=\"metadata\" controls=\"controls\"><source type=\"video\/mp4\" src=\"https:\/\/cmykprinted.com\/wp-content\/uploads\/2025\/07\/Branded-Backdrops.mp4?_=1\" \/><a href=\"https:\/\/cmykprinted.com\/wp-content\/uploads\/2025\/07\/Branded-Backdrops.mp4\">https:\/\/cmykprinted.com\/wp-content\/uploads\/2025\/07\/Branded-Backdrops.mp4<\/a><\/video><\/div>","protected":false},"featured_media":2825,"template":"","meta":{"_kad_post_transparent":"default","_kad_post_title":"hide","_kad_post_layout":"fullwidth","_kad_post_sidebar_id":"","_kad_post_content_style":"unboxed","_kad_post_vertical_padding":"hide","_kad_post_feature":"hide","_kad_post_feature_position":"","_kad_post_header":false,"_kad_post_footer":false},"product_cat":[97,100],"product_tag":[651,653,654,652],"class_list":{"0":"post-2821","1":"product","2":"type-product","3":"status-publish","4":"has-post-thumbnail","6":"product_cat-tension-fabric-displays","7":"product_cat-straight-tension-fabric-backdrop","8":"product_tag-branded-backdrops","9":"product_tag-branded-backdrops-for-sports-event","10":"product_tag-cheap-custom-branded-backdrops","11":"product_tag-custom-branded-backdrops","13":"first","14":"instock","15":"shipping-taxable","16":"product-type-simple","17":"entry","18":"content-bg","19":"loop-entry"},"_links":{"self":[{"href":"https:\/\/cmykprinted.com\/hr\/wp-json\/wp\/v2\/product\/2821","targetHints":{"allow":["GET"]}}],"collection":[{"href":"https:\/\/cmykprinted.com\/hr\/wp-json\/wp\/v2\/product"}],"about":[{"href":"https:\/\/cmykprinted.com\/hr\/wp-json\/wp\/v2\/types\/product"}],"version-history":[{"count":2,"href":"https:\/\/cmykprinted.com\/hr\/wp-json\/wp\/v2\/product\/2821\/revisions"}],"predecessor-version":[{"id":2829,"href":"https:\/\/cmykprinted.com\/hr\/wp-json\/wp\/v2\/product\/2821\/revisions\/2829"}],"wp:featuredmedia":[{"embeddable":true,"href":"https:\/\/cmykprinted.com\/hr\/wp-json\/wp\/v2\/media\/2825"}],"wp:attachment":[{"href":"https:\/\/cmykprinted.com\/hr\/wp-json\/wp\/v2\/media?parent=2821"}],"wp:term":[{"taxonomy":"product_cat","embeddable":true,"href":"https:\/\/cmykprinted.com\/hr\/wp-json\/wp\/v2\/product_cat?post=2821"},{"taxonomy":"product_tag","embeddable":true,"href":"https:\/\/cmykprinted.com\/hr\/wp-json\/wp\/v2\/product_tag?post=2821"}],"curies":[{"name":"wp","href":"https:\/\/api.w.org\/{rel}","templated":true}]}}