{"id":2831,"date":"2025-07-19T07:54:12","date_gmt":"2025-07-19T07:54:12","guid":{"rendered":"https:\/\/cmykprinted.com\/?post_type=product&#038;p=2831"},"modified":"2025-07-19T07:54:12","modified_gmt":"2025-07-19T07:54:12","slug":"champagne-metallic-transfer-stickers","status":"publish","type":"product","link":"https:\/\/cmykprinted.com\/hr\/proizvod\/sampanjac-metalne-prijenosne-naljepnice\/","title":{"rendered":"Jeftine metalik naljepnice za prijenos \u0161ampanjca za boce"},"content":{"rendered":"","protected":false},"excerpt":{"rendered":"<p>Pobolj\u0161ajte ambala\u017eu za svoje boce na\u0161im pristupa\u010dnim metalik naljepnicama za \u0161ampanjac. Ove privla\u010dne naljepnice dizajnirane su kako bi dodale vrhunski, elegantan zavr\u0161etak vinu, \u0161ampanjcu ili drugim proizvodima u bocama.<\/p>\n<p>Izra\u0111ene od visokokvalitetnog nikla, imaju sjajnu nijansu \u0161ampanjca koja prekrasno reflektira svjetlost i pobolj\u0161ava prezentaciju brenda. Idealne za etikete proizvoda, poklone za doga\u0111aje ili promotivnu ambala\u017eu, ove naljepnice za prijenos glatko se lijepe na staklene, plasti\u010dne ili metalne povr\u0161ine. Jednostavne su za nano\u0161enje i dugotrajne, nude isplativo rje\u0161enje za postizanje luksuznog izgleda s prilago\u0111enim brendiranjem bez o\u0161te\u0107ivanja prora\u010duna. Savr\u0161ene za vinarije, zabave ili mala poduze\u0107a.<\/p>\n<div style=\"width: 1280px;\" class=\"wp-video\"><!--[if lt IE 9]><script>document.createElement('video');<\/script><![endif]--><br \/>\n<video class=\"wp-video-shortcode\" id=\"video-2831-1\" width=\"1280\" height=\"720\" preload=\"metadata\" controls=\"controls\"><source type=\"video\/mp4\" src=\"https:\/\/cmykprinted.com\/wp-content\/uploads\/2024\/05\/champagne-metal-transfer-label-1.mp4?_=1\" \/><a href=\"https:\/\/cmykprinted.com\/wp-content\/uploads\/2024\/05\/champagne-metal-transfer-label-1.mp4\">https:\/\/cmykprinted.com\/wp-content\/uploads\/2024\/05\/champagne-metal-transfer-label-1.mp4<\/a><\/video><\/div>","protected":false},"featured_media":2832,"template":"","meta":{"_kad_post_transparent":"default","_kad_post_title":"hide","_kad_post_layout":"fullwidth","_kad_post_sidebar_id":"","_kad_post_content_style":"unboxed","_kad_post_vertical_padding":"hide","_kad_post_feature":"hide","_kad_post_feature_position":"","_kad_post_header":false,"_kad_post_footer":false},"product_cat":[101,102],"product_tag":[655,447,656],"class_list":{"0":"post-2831","1":"product","2":"type-product","3":"status-publish","4":"has-post-thumbnail","6":"product_cat-transfer-stickers","7":"product_cat-metal-transfer-stickers","8":"product_tag-champagne-metallic-transfer-stickers","9":"product_tag-metallic-transfer-stickers","10":"product_tag-transfer-stickers-for-bottles","12":"first","13":"instock","14":"shipping-taxable","15":"product-type-simple","16":"entry","17":"content-bg","18":"loop-entry"},"_links":{"self":[{"href":"https:\/\/cmykprinted.com\/hr\/wp-json\/wp\/v2\/product\/2831","targetHints":{"allow":["GET"]}}],"collection":[{"href":"https:\/\/cmykprinted.com\/hr\/wp-json\/wp\/v2\/product"}],"about":[{"href":"https:\/\/cmykprinted.com\/hr\/wp-json\/wp\/v2\/types\/product"}],"version-history":[{"count":1,"href":"https:\/\/cmykprinted.com\/hr\/wp-json\/wp\/v2\/product\/2831\/revisions"}],"predecessor-version":[{"id":2836,"href":"https:\/\/cmykprinted.com\/hr\/wp-json\/wp\/v2\/product\/2831\/revisions\/2836"}],"wp:featuredmedia":[{"embeddable":true,"href":"https:\/\/cmykprinted.com\/hr\/wp-json\/wp\/v2\/media\/2832"}],"wp:attachment":[{"href":"https:\/\/cmykprinted.com\/hr\/wp-json\/wp\/v2\/media?parent=2831"}],"wp:term":[{"taxonomy":"product_cat","embeddable":true,"href":"https:\/\/cmykprinted.com\/hr\/wp-json\/wp\/v2\/product_cat?post=2831"},{"taxonomy":"product_tag","embeddable":true,"href":"https:\/\/cmykprinted.com\/hr\/wp-json\/wp\/v2\/product_tag?post=2831"}],"curies":[{"name":"wp","href":"https:\/\/api.w.org\/{rel}","templated":true}]}}