{"id":2837,"date":"2025-07-19T09:37:38","date_gmt":"2025-07-19T09:37:38","guid":{"rendered":"https:\/\/cmykprinted.com\/?post_type=product&#038;p=2837"},"modified":"2025-07-19T09:37:39","modified_gmt":"2025-07-19T09:37:39","slug":"transfer-stickers-for-metal","status":"publish","type":"product","link":"https:\/\/cmykprinted.com\/hr\/proizvod\/prijenosne-naljepnice-za-metal\/","title":{"rendered":"Prilago\u0111ene naljepnice za metal od kineskog proizvo\u0111a\u010da"},"content":{"rendered":"","protected":false},"excerpt":{"rendered":"<p>Otkrijte visokokvalitetne naljepnice za metal od pouzdanog kineskog proizvo\u0111a\u010da, dizajnirane za \u010distu, profesionalnu zavr\u0161nu obradu za va\u0161e potrebe brendiranja i dekoracije. Ove naljepnice su posebno dizajnirane za sigurno prianjanje na metalne povr\u0161ine poput nehr\u0111aju\u0107eg \u010delika, aluminija i premazanih metala, \u0161to ih \u010dini idealnim za upotrebu na ure\u0111ajima, strojevima, alatima, natpisnim plo\u010dicama, elektronici i jo\u0161 mnogo toga.<\/p>\n<p>Na\u0161e naljepnice za transfer izra\u0111ene su s precizno\u0161\u0107u i nemaju pozadinu, ostavljaju\u0107i samo logotip, dizajn ili tekst izravno na povr\u0161ini. To osigurava elegantan, besprijekoran izgled koji opona\u0161a izgled prilago\u0111enog tiska ili graviranja po puno ni\u017eoj cijeni. Izra\u0111ene su od izdr\u017eljivih materijala koji su otporni na blije\u0111enje, ogrebotine i vremenske uvjete, pru\u017eaju\u0107i dugotrajne rezultate u zatvorenom i na otvorenom prostoru.<\/p>\n<p>Kao vode\u0107i dobavlja\u010d u Kini, nudimo konkurentne cijene, brzu proizvodnju i fleksibilne mogu\u0107nosti prilagodbe, uklju\u010duju\u0107i metalik, mat, sjajne i prozirne zavr\u0161ne obrade. Bez obzira trebate li male serije za butik brendiranje ili velike narud\u017ebe za industrijsku upotrebu, na\u0161a tvornica mo\u017ee ispuniti va\u0161e to\u010dne specifikacije s pouzdanim DDP opcijama dostave diljem svijeta.<\/p>\n<p>Idealne za ozna\u010davanje proizvoda, korporativne poklone, promotivno brendiranje i jo\u0161 mnogo toga - na\u0161e naljepnice za metal nude pametno i elegantno rje\u0161enje po pristupa\u010dnoj cijeni.<\/p>\n<figure id=\"attachment_2838\" aria-describedby=\"caption-attachment-2838\" style=\"width: 500px\" class=\"wp-caption alignnone\"><img fetchpriority=\"high\" decoding=\"async\" class=\"size-full wp-image-2838\" src=\"https:\/\/cmykprinted.com\/wp-content\/uploads\/2025\/07\/Transfer-Stickers-for-Metal.jpg\" alt=\"Transfer naljepnice za metal\" width=\"500\" height=\"500\" srcset=\"https:\/\/cmykprinted.com\/wp-content\/uploads\/2025\/07\/Transfer-Stickers-for-Metal.jpg 500w, https:\/\/cmykprinted.com\/wp-content\/uploads\/2025\/07\/Transfer-Stickers-for-Metal-300x300.jpg 300w, https:\/\/cmykprinted.com\/wp-content\/uploads\/2025\/07\/Transfer-Stickers-for-Metal-150x150.jpg 150w, https:\/\/cmykprinted.com\/wp-content\/uploads\/2025\/07\/Transfer-Stickers-for-Metal-12x12.jpg 12w, https:\/\/cmykprinted.com\/wp-content\/uploads\/2025\/07\/Transfer-Stickers-for-Metal-100x100.jpg 100w\" sizes=\"(max-width: 500px) 100vw, 500px\" \/><figcaption id=\"caption-attachment-2838\" class=\"wp-caption-text\">Transfer naljepnice za metal<\/figcaption><\/figure>","protected":false},"featured_media":2839,"template":"","meta":{"_kad_post_transparent":"default","_kad_post_title":"hide","_kad_post_layout":"fullwidth","_kad_post_sidebar_id":"","_kad_post_content_style":"unboxed","_kad_post_vertical_padding":"hide","_kad_post_feature":"hide","_kad_post_feature_position":"","_kad_post_header":false,"_kad_post_footer":false},"product_cat":[101,102],"product_tag":[454,657,658],"class_list":{"0":"post-2837","1":"product","2":"type-product","3":"status-publish","4":"has-post-thumbnail","6":"product_cat-transfer-stickers","7":"product_cat-metal-transfer-stickers","8":"product_tag-custom-transfer-stickers","9":"product_tag-transfer-stickers","10":"product_tag-transfer-stickers-for-metal","12":"first","13":"instock","14":"shipping-taxable","15":"product-type-simple","16":"entry","17":"content-bg","18":"loop-entry"},"_links":{"self":[{"href":"https:\/\/cmykprinted.com\/hr\/wp-json\/wp\/v2\/product\/2837","targetHints":{"allow":["GET"]}}],"collection":[{"href":"https:\/\/cmykprinted.com\/hr\/wp-json\/wp\/v2\/product"}],"about":[{"href":"https:\/\/cmykprinted.com\/hr\/wp-json\/wp\/v2\/types\/product"}],"version-history":[{"count":1,"href":"https:\/\/cmykprinted.com\/hr\/wp-json\/wp\/v2\/product\/2837\/revisions"}],"predecessor-version":[{"id":2844,"href":"https:\/\/cmykprinted.com\/hr\/wp-json\/wp\/v2\/product\/2837\/revisions\/2844"}],"wp:featuredmedia":[{"embeddable":true,"href":"https:\/\/cmykprinted.com\/hr\/wp-json\/wp\/v2\/media\/2839"}],"wp:attachment":[{"href":"https:\/\/cmykprinted.com\/hr\/wp-json\/wp\/v2\/media?parent=2837"}],"wp:term":[{"taxonomy":"product_cat","embeddable":true,"href":"https:\/\/cmykprinted.com\/hr\/wp-json\/wp\/v2\/product_cat?post=2837"},{"taxonomy":"product_tag","embeddable":true,"href":"https:\/\/cmykprinted.com\/hr\/wp-json\/wp\/v2\/product_tag?post=2837"}],"curies":[{"name":"wp","href":"https:\/\/api.w.org\/{rel}","templated":true}]}}