{"id":2856,"date":"2025-10-17T08:07:33","date_gmt":"2025-10-17T08:07:33","guid":{"rendered":"https:\/\/cmykprinted.com\/?post_type=product&#038;p=2856"},"modified":"2025-10-17T08:07:33","modified_gmt":"2025-10-17T08:07:33","slug":"ez-tube-display","status":"publish","type":"product","link":"https:\/\/cmykprinted.com\/hr\/proizvod\/ez-cijev-prikaz\/","title":{"rendered":"Jeftina prilago\u0111ena EZ Tube Display Banner ravna napetost tkanina pozadina"},"content":{"rendered":"","protected":false},"excerpt":{"rendered":"<p>Kada je u pitanju profesionalno, privla\u010dno i u\u010dinkovito predstavljanje va\u0161eg brenda, ni\u0161ta se ne mo\u017ee usporediti s EZ Tube Displayom. Dizajniran s elegantnim stilom i jednostavnom monta\u017eom, ovaj prijenosni sustav prikaza omiljen je me\u0111u izlaga\u010dima, organizatorima doga\u0111aja i marketin\u0161kim stru\u010dnjacima koji cijene prakti\u010dnost i utjecaj. Bilo da se radi o sajmovima, lansiranjima proizvoda, izlo\u017ebama ili korporativnim doga\u0111ajima, EZ Tube Display va\u0161em brendu daje ugla\u0111en, vrhunski izgled koji odmah privla\u010di pa\u017enju.<\/p>\n<p>U dana\u0161njem konkurentnom marketin\u0161kom okru\u017eenju, EZ Tube Display isti\u010de se kao svestrano, izdr\u017eljivo i vizualno zapanjuju\u0107e rje\u0161enje za tvrtke koje \u017eele ostaviti trajan dojam. Zahvaljuju\u0107i postavljanju bez alata, \u017eivopisnoj kvaliteti ispisa i strukturi za vi\u0161ekratnu upotrebu, nudi neusporedivu vrijednost i prakti\u010dnost za profesionalni marketing doga\u0111aja. Podignite svoj sljede\u0107i sajam ili promotivni doga\u0111aj na vi\u0161u razinu s EZ Tube Displayom - gdje se jednostavnost susre\u0107e sa sofisticirano\u0161\u0107u, a va\u0161 brend zauzima sredi\u0161nje mjesto.<\/p>\n<div style=\"width: 720px;\" class=\"wp-video\"><!--[if lt IE 9]><script>document.createElement('video');<\/script><![endif]--><br \/>\n<video class=\"wp-video-shortcode\" id=\"video-2856-1\" width=\"720\" height=\"1280\" preload=\"metadata\" controls=\"controls\"><source type=\"video\/mp4\" src=\"https:\/\/cmykprinted.com\/wp-content\/uploads\/2025\/07\/Branded-Backdrops.mp4?_=1\" \/><a href=\"https:\/\/cmykprinted.com\/wp-content\/uploads\/2025\/07\/Branded-Backdrops.mp4\">https:\/\/cmykprinted.com\/wp-content\/uploads\/2025\/07\/Branded-Backdrops.mp4<\/a><\/video><\/div>","protected":false},"featured_media":2857,"template":"","meta":{"_kad_post_transparent":"default","_kad_post_title":"hide","_kad_post_layout":"fullwidth","_kad_post_sidebar_id":"","_kad_post_content_style":"unboxed","_kad_post_vertical_padding":"hide","_kad_post_feature":"hide","_kad_post_feature_position":"","_kad_post_header":false,"_kad_post_footer":false},"product_cat":[97,100],"product_tag":[664,662,663,197],"class_list":{"0":"post-2856","1":"product","2":"type-product","3":"status-publish","4":"has-post-thumbnail","6":"product_cat-tension-fabric-displays","7":"product_cat-straight-tension-fabric-backdrop","8":"product_tag-custom-straight-tension-fabric-backdrop","9":"product_tag-ez-tube-display","10":"product_tag-ez-tube-display-banner","11":"product_tag-tension-fabric-backdrop","13":"first","14":"instock","15":"shipping-taxable","16":"product-type-simple","17":"entry","18":"content-bg","19":"loop-entry"},"_links":{"self":[{"href":"https:\/\/cmykprinted.com\/hr\/wp-json\/wp\/v2\/product\/2856","targetHints":{"allow":["GET"]}}],"collection":[{"href":"https:\/\/cmykprinted.com\/hr\/wp-json\/wp\/v2\/product"}],"about":[{"href":"https:\/\/cmykprinted.com\/hr\/wp-json\/wp\/v2\/types\/product"}],"version-history":[{"count":1,"href":"https:\/\/cmykprinted.com\/hr\/wp-json\/wp\/v2\/product\/2856\/revisions"}],"predecessor-version":[{"id":2863,"href":"https:\/\/cmykprinted.com\/hr\/wp-json\/wp\/v2\/product\/2856\/revisions\/2863"}],"wp:featuredmedia":[{"embeddable":true,"href":"https:\/\/cmykprinted.com\/hr\/wp-json\/wp\/v2\/media\/2857"}],"wp:attachment":[{"href":"https:\/\/cmykprinted.com\/hr\/wp-json\/wp\/v2\/media?parent=2856"}],"wp:term":[{"taxonomy":"product_cat","embeddable":true,"href":"https:\/\/cmykprinted.com\/hr\/wp-json\/wp\/v2\/product_cat?post=2856"},{"taxonomy":"product_tag","embeddable":true,"href":"https:\/\/cmykprinted.com\/hr\/wp-json\/wp\/v2\/product_tag?post=2856"}],"curies":[{"name":"wp","href":"https:\/\/api.w.org\/{rel}","templated":true}]}}