{"id":2866,"date":"2025-10-30T09:12:11","date_gmt":"2025-10-30T09:12:11","guid":{"rendered":"https:\/\/cmykprinted.com\/?post_type=product&#038;p=2866"},"modified":"2025-10-30T09:12:11","modified_gmt":"2025-10-30T09:12:11","slug":"collapsible-trade-show-displays","status":"publish","type":"product","link":"https:\/\/cmykprinted.com\/hr\/proizvod\/sklopivi-izlozbeni-zasloni\/","title":{"rendered":"Vrhunski sklopivi izlo\u017ebeni displeji s LED svjetlom"},"content":{"rendered":"","protected":false},"excerpt":{"rendered":"<p>Neka va\u0161 brend zablista na svakoj izlo\u017ebi s na\u0161im vrhunskim sklopivim sajamskim displejima s LED svjetlom - savr\u0161enom kombinacijom prenosivosti, profesionalnosti i vizualnog dojma. Dizajnirani za moderne marketin\u0161ke stru\u010dnjake koji trebaju brzo postavljanje i trenutno isticanje, ovi displeji imaju lagane aluminijske okvire i vrhunsku grafiku od zategnute tkanine koja pru\u017ea zapanjuju\u0107e vizualne efekte bez nabora.<\/p>\n<p>S inovativnom sklopivom strukturom, postavljanje i rastavljanje traje samo nekoliko minuta - bez potrebe za alatima. Nakon sastavljanja, izdr\u017eljivi okvir pru\u017ea \u010dvrstu podlogu, dok integrirani LED sustav rasvjete osigurava da su grafika va\u0161eg brenda briljantno osvijetljena, privla\u010de\u0107i pozornost \u010dak i u najprometnijim sajmovima.<\/p>\n<p>Idealni za sajmove, izlo\u017ebe, konvencije i promocije u maloprodaji, ovi se displeji lako pakiraju, transportiraju i ponovno koriste, \u0161to ih \u010dini isplativom dugoro\u010dnom investicijom. Mogu\u0107nosti prilago\u0111enog tiska omogu\u0107uju vam da prika\u017eete boje, logotipe i marketin\u0161ke poruke va\u0161e tvrtke u \u017eivopisnoj kvaliteti visoke razlu\u010divosti.<\/p>\n<p>Bez obzira lansirate li novi proizvod, gradite prepoznatljivost brenda ili komunicirate s kupcima licem u lice, na\u0161i sklopivi LED sajamski zasloni pru\u017eaju maksimalan u\u010dinak uz minimalan napor. Impresionirajte svoju publiku, pove\u0107ajte vidljivost svog brenda i stvorite profesionalnu prezentaciju koja se zaista isti\u010de - bilo kada i bilo gdje.<\/p>\n<div style=\"width: 720px;\" class=\"wp-video\"><!--[if lt IE 9]><script>document.createElement('video');<\/script><![endif]--><br \/>\n<video class=\"wp-video-shortcode\" id=\"video-2866-1\" width=\"720\" height=\"1280\" preload=\"metadata\" controls=\"controls\"><source type=\"video\/mp4\" src=\"https:\/\/cmykprinted.com\/wp-content\/uploads\/2025\/10\/Collapsible-Trade-Show-Displays.mp4?_=1\" \/><a href=\"https:\/\/cmykprinted.com\/wp-content\/uploads\/2025\/10\/Collapsible-Trade-Show-Displays.mp4\">https:\/\/cmykprinted.com\/wp-content\/uploads\/2025\/10\/Collapsible-Trade-Show-Displays.mp4<\/a><\/video><\/div>","protected":false},"featured_media":2868,"template":"","meta":{"_kad_post_transparent":"default","_kad_post_title":"hide","_kad_post_layout":"fullwidth","_kad_post_sidebar_id":"","_kad_post_content_style":"unboxed","_kad_post_vertical_padding":"hide","_kad_post_feature":"hide","_kad_post_feature_position":"","_kad_post_header":false,"_kad_post_footer":false},"product_cat":[97,99],"product_tag":[665,667,668,666],"class_list":{"0":"post-2866","1":"product","2":"type-product","3":"status-publish","4":"has-post-thumbnail","6":"product_cat-tension-fabric-displays","7":"product_cat-custom-fabric-displays","8":"product_tag-collapsible-trade-show-displays","9":"product_tag-top-quality-collapsible-trade-show-displays","10":"product_tag-trade-show-displays","11":"product_tag-trade-show-displays-with-led-light","13":"first","14":"instock","15":"shipping-taxable","16":"product-type-simple","17":"entry","18":"content-bg","19":"loop-entry"},"_links":{"self":[{"href":"https:\/\/cmykprinted.com\/hr\/wp-json\/wp\/v2\/product\/2866","targetHints":{"allow":["GET"]}}],"collection":[{"href":"https:\/\/cmykprinted.com\/hr\/wp-json\/wp\/v2\/product"}],"about":[{"href":"https:\/\/cmykprinted.com\/hr\/wp-json\/wp\/v2\/types\/product"}],"version-history":[{"count":1,"href":"https:\/\/cmykprinted.com\/hr\/wp-json\/wp\/v2\/product\/2866\/revisions"}],"predecessor-version":[{"id":2875,"href":"https:\/\/cmykprinted.com\/hr\/wp-json\/wp\/v2\/product\/2866\/revisions\/2875"}],"wp:featuredmedia":[{"embeddable":true,"href":"https:\/\/cmykprinted.com\/hr\/wp-json\/wp\/v2\/media\/2868"}],"wp:attachment":[{"href":"https:\/\/cmykprinted.com\/hr\/wp-json\/wp\/v2\/media?parent=2866"}],"wp:term":[{"taxonomy":"product_cat","embeddable":true,"href":"https:\/\/cmykprinted.com\/hr\/wp-json\/wp\/v2\/product_cat?post=2866"},{"taxonomy":"product_tag","embeddable":true,"href":"https:\/\/cmykprinted.com\/hr\/wp-json\/wp\/v2\/product_tag?post=2866"}],"curies":[{"name":"wp","href":"https:\/\/api.w.org\/{rel}","templated":true}]}}