{"id":2883,"date":"2025-11-03T04:08:00","date_gmt":"2025-11-03T04:08:00","guid":{"rendered":"https:\/\/cmykprinted.com\/?post_type=product&#038;p=2883"},"modified":"2025-11-03T04:08:00","modified_gmt":"2025-11-03T04:08:00","slug":"custom-trade-show-table-runner","status":"publish","type":"product","link":"https:\/\/cmykprinted.com\/hr\/proizvod\/prilagodeni-sajamski-stolni-trkac\/","title":{"rendered":"Jeftini veleprodajni stolnjak za sajmove po narud\u017ebi s rokom isporuke od 48 sati"},"content":{"rendered":"","protected":false},"excerpt":{"rendered":"<p data-start=\"1431\" data-end=\"1712\">Istaknite se na svakom doga\u0111aju s na\u0161im jeftinim veleprodajnim nadstolnjacima za sajmove po narud\u017ebi - pametnim i pristupa\u010dnim na\u010dinom predstavljanja va\u0161eg brenda. Na\u0161i nadstolnjaci za sajmove izra\u0111eni su od izdr\u017eljive tkanine otporne na gu\u017evanje i otisnuti su u \u017eivim bojama kako bi va\u0161 logotip zablistao.<\/p>\n<p data-start=\"1431\" data-end=\"1712\">Savr\u0161eni za sajmove, konvencije i promotivne doga\u0111aje, ovi stolnjaci za sajmove dodaju trenutni profesionalizam svakom izlo\u017ebi. Prilagodite veli\u010dinu, dizajn i logotip kako bi savr\u0161eno odgovarali va\u0161em brendu.<\/p>\n<p data-start=\"1431\" data-end=\"1712\">S na\u0161om isporukom u roku od 48 sati, dobit \u0107ete visokokvalitetne sajamske stolove isporu\u010dene brzo - idealno za uske rasporede i doga\u0111aje u zadnji \u010das. Bez obzira naru\u010dujete li jedan ili stotine, nudimo nenadma\u0161ne veleprodajne cijene i pouzdanu uslugu. U\u010dinite svoj \u0161tand nezaboravnim s prilago\u0111enim sajamskim stolovima koji kombiniraju kvalitetu, brzinu i vrijednost.<\/p>\n<div style=\"width: 1280px;\" class=\"wp-video\"><!--[if lt IE 9]><script>document.createElement('video');<\/script><![endif]--><br \/>\n<video class=\"wp-video-shortcode\" id=\"video-2883-1\" width=\"1280\" height=\"720\" preload=\"metadata\" controls=\"controls\"><source type=\"video\/mp4\" src=\"https:\/\/cmykprinted.com\/wp-content\/uploads\/2025\/11\/Custom-Trade-Show-Table-Runner.mp4?_=1\" \/><a href=\"https:\/\/cmykprinted.com\/wp-content\/uploads\/2025\/11\/Custom-Trade-Show-Table-Runner.mp4\">https:\/\/cmykprinted.com\/wp-content\/uploads\/2025\/11\/Custom-Trade-Show-Table-Runner.mp4<\/a><\/video><\/div>","protected":false},"featured_media":2884,"template":"","meta":{"_kad_post_transparent":"default","_kad_post_title":"hide","_kad_post_layout":"fullwidth","_kad_post_sidebar_id":"","_kad_post_content_style":"unboxed","_kad_post_vertical_padding":"hide","_kad_post_feature":"hide","_kad_post_feature_position":"","_kad_post_header":false,"_kad_post_footer":false},"product_cat":[80,81],"product_tag":[244,672,671],"class_list":{"0":"post-2883","1":"product","2":"type-product","3":"status-publish","4":"has-post-thumbnail","6":"product_cat-custom-tablecloth","7":"product_cat-custom-stretch-tablecloth","8":"product_tag-custom-table-runner","9":"product_tag-custom-trade-show-table-runner","10":"product_tag-trade-show-table-runner","12":"first","13":"instock","14":"shipping-taxable","15":"product-type-simple","16":"entry","17":"content-bg","18":"loop-entry"},"_links":{"self":[{"href":"https:\/\/cmykprinted.com\/hr\/wp-json\/wp\/v2\/product\/2883","targetHints":{"allow":["GET"]}}],"collection":[{"href":"https:\/\/cmykprinted.com\/hr\/wp-json\/wp\/v2\/product"}],"about":[{"href":"https:\/\/cmykprinted.com\/hr\/wp-json\/wp\/v2\/types\/product"}],"version-history":[{"count":1,"href":"https:\/\/cmykprinted.com\/hr\/wp-json\/wp\/v2\/product\/2883\/revisions"}],"predecessor-version":[{"id":2890,"href":"https:\/\/cmykprinted.com\/hr\/wp-json\/wp\/v2\/product\/2883\/revisions\/2890"}],"wp:featuredmedia":[{"embeddable":true,"href":"https:\/\/cmykprinted.com\/hr\/wp-json\/wp\/v2\/media\/2884"}],"wp:attachment":[{"href":"https:\/\/cmykprinted.com\/hr\/wp-json\/wp\/v2\/media?parent=2883"}],"wp:term":[{"taxonomy":"product_cat","embeddable":true,"href":"https:\/\/cmykprinted.com\/hr\/wp-json\/wp\/v2\/product_cat?post=2883"},{"taxonomy":"product_tag","embeddable":true,"href":"https:\/\/cmykprinted.com\/hr\/wp-json\/wp\/v2\/product_tag?post=2883"}],"curies":[{"name":"wp","href":"https:\/\/api.w.org\/{rel}","templated":true}]}}