{"id":2891,"date":"2025-11-03T07:59:54","date_gmt":"2025-11-03T07:59:54","guid":{"rendered":"https:\/\/cmykprinted.com\/?post_type=product&#038;p=2891"},"modified":"2025-11-03T07:59:54","modified_gmt":"2025-11-03T07:59:54","slug":"printed-table-runners-trade-show","status":"publish","type":"product","link":"https:\/\/cmykprinted.com\/hr\/proizvod\/tiskani-stolni-trkaci-sajam\/","title":{"rendered":"Sajam stolnjaka s grafi\u010dkim tiskom u punom koloru s niskim MOQ-om i najboljom cijenom"},"content":{"rendered":"<p>U\u010dinite svoj \u0161tand nezaboravnim s na\u0161om kolekcijom nadstolnjaka za sajmove s niskim MOQ-om i najboljom cijenom. Dizajnirani za tvrtke koje \u017eele kvalitetu i vrijednost, na\u0161i tiskani nadstolnjaci za sajmove pru\u017eaju \u017eivopisnu, visokodefiniranu grafiku koja o\u017eivljava va\u0161 brend. Bez obzira prisustvujete li izlo\u017ebama, konferencijama ili korporativnim doga\u0111ajima, na\u0161i tiskani nadstolnjaci za sajmove osiguravaju da va\u0161 stol izgleda profesionalno i privla\u010dno iz svakog kuta.<\/p>\n<p>Koristimo vrhunski poliester otporan na gu\u017evanje i napredni sublimacijski tisak kako bismo izradili otisnute nadstolnjake za sajmove koji prikazuju va\u0161 logotip, slogan i umjetni\u010dko djelo u zapanjuju\u0107oj punoj boji. S niskim minimalnim koli\u010dinama narud\u017ebe (MOQ) i nenadma\u0161nim cijenama izravno iz tvornice, \u010dak i mala poduze\u0107a mogu u\u017eivati \u200b\u200bu prilago\u0111enom brendiranju bez prekomjernog tro\u0161enja. Birajte izme\u0111u razli\u010ditih veli\u010dina i stilova kako biste savr\u0161eno odgovarali svakom izlo\u017ebenom stolu.<\/p>\n<p>Brza proizvodnja, pouzdana kvaliteta i konkurentne cijene \u010dine na\u0161e tiskane stolnjake za sajam najboljim izborom za promociju va\u0161eg brenda s utjecajem i stilom.<\/p>\n<div style=\"width: 1280px;\" class=\"wp-video\"><!--[if lt IE 9]><script>document.createElement('video');<\/script><![endif]-->\n<video class=\"wp-video-shortcode\" id=\"video-2891-1\" width=\"1280\" height=\"720\" preload=\"metadata\" controls=\"controls\"><source type=\"video\/mp4\" src=\"https:\/\/cmykprinted.com\/wp-content\/uploads\/2025\/11\/Printed-Table-Runners-Trade-Show.mp4?_=1\" \/><a href=\"https:\/\/cmykprinted.com\/wp-content\/uploads\/2025\/11\/Printed-Table-Runners-Trade-Show.mp4\">https:\/\/cmykprinted.com\/wp-content\/uploads\/2025\/11\/Printed-Table-Runners-Trade-Show.mp4<\/a><\/video><\/div>","protected":false},"excerpt":{"rendered":"<p>Make your booth unforgettable with our Low MOQ Best Price Full Color Graphic Printed Table Runners Trade Show collection. Designed for businesses that want quality and value, our printed table covers trade show products deliver vibrant, high-definition graphics that bring your brand to life. Whether you\u2019re attending exhibitions, conferences, or corporate events, our printed table&#8230;<\/p>","protected":false},"featured_media":2895,"template":"","meta":{"_kad_post_transparent":"default","_kad_post_title":"hide","_kad_post_layout":"fullwidth","_kad_post_sidebar_id":"","_kad_post_content_style":"unboxed","_kad_post_vertical_padding":"hide","_kad_post_feature":"hide","_kad_post_feature_position":"","_kad_post_header":false,"_kad_post_footer":false},"product_cat":[80,81],"product_tag":[674,673],"class_list":{"0":"post-2891","1":"product","2":"type-product","3":"status-publish","4":"has-post-thumbnail","6":"product_cat-custom-tablecloth","7":"product_cat-custom-stretch-tablecloth","8":"product_tag-full-color-graphic-printed-table-runners","9":"product_tag-printed-table-runners-trade-show","11":"first","12":"instock","13":"shipping-taxable","14":"product-type-simple","15":"entry","16":"content-bg","17":"loop-entry"},"_links":{"self":[{"href":"https:\/\/cmykprinted.com\/hr\/wp-json\/wp\/v2\/product\/2891","targetHints":{"allow":["GET"]}}],"collection":[{"href":"https:\/\/cmykprinted.com\/hr\/wp-json\/wp\/v2\/product"}],"about":[{"href":"https:\/\/cmykprinted.com\/hr\/wp-json\/wp\/v2\/types\/product"}],"version-history":[{"count":1,"href":"https:\/\/cmykprinted.com\/hr\/wp-json\/wp\/v2\/product\/2891\/revisions"}],"predecessor-version":[{"id":2900,"href":"https:\/\/cmykprinted.com\/hr\/wp-json\/wp\/v2\/product\/2891\/revisions\/2900"}],"wp:featuredmedia":[{"embeddable":true,"href":"https:\/\/cmykprinted.com\/hr\/wp-json\/wp\/v2\/media\/2895"}],"wp:attachment":[{"href":"https:\/\/cmykprinted.com\/hr\/wp-json\/wp\/v2\/media?parent=2891"}],"wp:term":[{"taxonomy":"product_cat","embeddable":true,"href":"https:\/\/cmykprinted.com\/hr\/wp-json\/wp\/v2\/product_cat?post=2891"},{"taxonomy":"product_tag","embeddable":true,"href":"https:\/\/cmykprinted.com\/hr\/wp-json\/wp\/v2\/product_tag?post=2891"}],"curies":[{"name":"wp","href":"https:\/\/api.w.org\/{rel}","templated":true}]}}