{"id":2901,"date":"2025-11-07T02:21:11","date_gmt":"2025-11-07T02:21:11","guid":{"rendered":"https:\/\/cmykprinted.com\/?post_type=product&#038;p=2901"},"modified":"2025-11-07T02:21:11","modified_gmt":"2025-11-07T02:21:11","slug":"trade-show-table-covers-with-logo","status":"publish","type":"product","link":"https:\/\/cmykprinted.com\/hr\/proizvod\/sajamski-stolnjaci-s-logotipom\/","title":{"rendered":"Navlake za sajmove s logotipom, rok isporuke 48 sati"},"content":{"rendered":"","protected":false},"excerpt":{"rendered":"<p>Trenuta\u010dno poja\u010dajte prisutnost na svom doga\u0111aju uz na\u0161e sajamske nadstolnjake s logotipom, osmi\u0161ljene za tvrtke kojima je potrebno brzo profesionalno brendiranje.<\/p>\n<p>Ovi vrhunski stolovi za sajmove u potpunosti su prilago\u0111eni visokorezolucijskim tiskom u punoj boji kako bi istaknuli va\u0161 logotip, poruku i vizualne elemente s maksimalnim u\u010dinkom.<\/p>\n<p>Dizajnirane da uljep\u0161aju svaki izlo\u017ebeni \u0161tand, na\u0161e natpisne stolnjake za sajmove pretvaraju obi\u010dne stolove u atraktivne izloge brendova.<\/p>\n<p>S na\u0161im zajam\u010denim rokom isporuke od 48 sati, mo\u017eete se s pouzdanjem pripremiti za sajmove, konferencije i marketin\u0161ke doga\u0111aje u zadnji \u010das bez \u017ertvovanja kvalitete. Izra\u0111eni od izdr\u017eljive tkanine otporne na gu\u017evanje, na\u0161i navlake za sajmove dolaze u uskim, rastezljivim i drapiranim stilovima kako bi odgovarali svakom rasporedu \u0161tanda.<\/p>\n<p>Jednostavni su za kori\u0161tenje, mogu se ponovno koristiti i idealni su za tvrtke koje \u017eele dosljednu i profesionalnu prezentaciju na svakom doga\u0111aju.<\/p>\n<p>Odaberite na\u0161e brze, pouzdane i visokokvalitetne nadstolnjake za sajmove kako biste se istaknuli i privukli vi\u0161e posjetitelja na svom sljede\u0107em sajmu.<\/p>\n<div style=\"width: 1280px;\" class=\"wp-video\"><!--[if lt IE 9]><script>document.createElement('video');<\/script><![endif]--><br \/>\n<video class=\"wp-video-shortcode\" id=\"video-2901-1\" width=\"1280\" height=\"720\" preload=\"metadata\" controls=\"controls\"><source type=\"video\/mp4\" src=\"https:\/\/cmykprinted.com\/wp-content\/uploads\/2025\/11\/Trade-Show-Table-Covers-with-Logo.mp4?_=1\" \/><a href=\"https:\/\/cmykprinted.com\/wp-content\/uploads\/2025\/11\/Trade-Show-Table-Covers-with-Logo.mp4\">https:\/\/cmykprinted.com\/wp-content\/uploads\/2025\/11\/Trade-Show-Table-Covers-with-Logo.mp4<\/a><\/video><\/div>","protected":false},"featured_media":2903,"template":"","meta":{"_kad_post_transparent":"default","_kad_post_title":"hide","_kad_post_layout":"fullwidth","_kad_post_sidebar_id":"","_kad_post_content_style":"unboxed","_kad_post_vertical_padding":"hide","_kad_post_feature":"hide","_kad_post_feature_position":"","_kad_post_header":false,"_kad_post_footer":false},"product_cat":[80,81],"product_tag":[676,675,677],"class_list":{"0":"post-2901","1":"product","2":"type-product","3":"status-publish","4":"has-post-thumbnail","6":"product_cat-custom-tablecloth","7":"product_cat-custom-stretch-tablecloth","8":"product_tag-table-covers","9":"product_tag-trade-show-table-covers","10":"product_tag-trade-show-table-covers-with-logo","12":"first","13":"instock","14":"shipping-taxable","15":"product-type-simple","16":"entry","17":"content-bg","18":"loop-entry"},"_links":{"self":[{"href":"https:\/\/cmykprinted.com\/hr\/wp-json\/wp\/v2\/product\/2901","targetHints":{"allow":["GET"]}}],"collection":[{"href":"https:\/\/cmykprinted.com\/hr\/wp-json\/wp\/v2\/product"}],"about":[{"href":"https:\/\/cmykprinted.com\/hr\/wp-json\/wp\/v2\/types\/product"}],"version-history":[{"count":1,"href":"https:\/\/cmykprinted.com\/hr\/wp-json\/wp\/v2\/product\/2901\/revisions"}],"predecessor-version":[{"id":2907,"href":"https:\/\/cmykprinted.com\/hr\/wp-json\/wp\/v2\/product\/2901\/revisions\/2907"}],"wp:featuredmedia":[{"embeddable":true,"href":"https:\/\/cmykprinted.com\/hr\/wp-json\/wp\/v2\/media\/2903"}],"wp:attachment":[{"href":"https:\/\/cmykprinted.com\/hr\/wp-json\/wp\/v2\/media?parent=2901"}],"wp:term":[{"taxonomy":"product_cat","embeddable":true,"href":"https:\/\/cmykprinted.com\/hr\/wp-json\/wp\/v2\/product_cat?post=2901"},{"taxonomy":"product_tag","embeddable":true,"href":"https:\/\/cmykprinted.com\/hr\/wp-json\/wp\/v2\/product_tag?post=2901"}],"curies":[{"name":"wp","href":"https:\/\/api.w.org\/{rel}","templated":true}]}}