{"id":450,"date":"2022-12-15T14:11:51","date_gmt":"2022-12-15T14:11:51","guid":{"rendered":"https:\/\/cmykprinted.com\/?post_type=product&#038;p=450"},"modified":"2022-12-16T15:45:11","modified_gmt":"2022-12-16T15:45:11","slug":"10x10-waterproof-40mm-hexagon-frame-outdoor-trade-canopy-tent","status":"publish","type":"product","link":"https:\/\/cmykprinted.com\/hr\/proizvod\/10x10-waterproof-40mm-hexagon-frame-outdoor-trade-canopy-tent\/","title":{"rendered":"10\u00d710 Vodootporni \u0161ator za vanjsku trgovinu sa \u0161esterokutnim okvirom od 40 mm"},"content":{"rendered":"","protected":false},"excerpt":{"rendered":"<p>Ovaj visokokvalitetni \u0161ator za trgovinu na otvorenom pogodan je za razli\u010dite namjene. Vodootporan okvir u obliku \u0161esterokuta i podesiva visina \u010dine ga svestranim, dok vam mogu\u0107nosti ispisa u punoj boji omogu\u0107uju da prilagodite izgled \u0161atora. Uklju\u010divanje kofera na kota\u010di\u0107ima, stupova za tlo i u\u017eeta olak\u0161ava postavljanje i u\u010dvr\u0161\u0107ivanje \u0161atora na raznim mjestima. Ovaj \u0161ator bio bi prikladan za kori\u0161tenje na sajmovima, doga\u0111anjima na otvorenom i kao privremeno skloni\u0161te za aktivnosti na otvorenom poput kampiranja ili piknika.<\/p>\n<div style=\"width: 1290px;\" class=\"wp-video\"><!--[if lt IE 9]><script>document.createElement('video');<\/script><![endif]--><br \/>\n<video class=\"wp-video-shortcode\" id=\"video-450-1\" width=\"1290\" height=\"726\" loop autoplay preload=\"auto\" controls=\"controls\"><source type=\"video\/mp4\" src=\"http:\/\/cmykprinted.com\/wp-content\/uploads\/2022\/12\/Custom-Canopy-Tents.mp4?_=1\" \/><a href=\"http:\/\/cmykprinted.com\/wp-content\/uploads\/2022\/12\/Custom-Canopy-Tents.mp4\">http:\/\/cmykprinted.com\/wp-content\/uploads\/2022\/12\/Custom-Canopy-Tents.mp4<\/a><\/video><\/div>","protected":false},"featured_media":457,"template":"","meta":{"_kad_post_transparent":"default","_kad_post_title":"hide","_kad_post_layout":"fullwidth","_kad_post_sidebar_id":"","_kad_post_content_style":"unboxed","_kad_post_vertical_padding":"hide","_kad_post_feature":"hide","_kad_post_feature_position":"","_kad_post_header":false,"_kad_post_footer":false},"product_cat":[68,70,69],"product_tag":[112,113,114],"class_list":{"0":"post-450","1":"product","2":"type-product","3":"status-publish","4":"has-post-thumbnail","6":"product_cat-custom-canopy-tents","7":"product_cat-10x10ft-custom-branded-canopy-tents","8":"product_cat-40mm-hexagon-aluminum-tents","9":"product_tag-40mm-hexagon-canopy-tent","10":"product_tag-outdoor-trade-canopy","11":"product_tag-outdoor-trade-tent","13":"first","14":"instock","15":"shipping-taxable","16":"product-type-simple","17":"entry","18":"content-bg","19":"loop-entry"},"_links":{"self":[{"href":"https:\/\/cmykprinted.com\/hr\/wp-json\/wp\/v2\/product\/450","targetHints":{"allow":["GET"]}}],"collection":[{"href":"https:\/\/cmykprinted.com\/hr\/wp-json\/wp\/v2\/product"}],"about":[{"href":"https:\/\/cmykprinted.com\/hr\/wp-json\/wp\/v2\/types\/product"}],"version-history":[{"count":3,"href":"https:\/\/cmykprinted.com\/hr\/wp-json\/wp\/v2\/product\/450\/revisions"}],"predecessor-version":[{"id":475,"href":"https:\/\/cmykprinted.com\/hr\/wp-json\/wp\/v2\/product\/450\/revisions\/475"}],"wp:featuredmedia":[{"embeddable":true,"href":"https:\/\/cmykprinted.com\/hr\/wp-json\/wp\/v2\/media\/457"}],"wp:attachment":[{"href":"https:\/\/cmykprinted.com\/hr\/wp-json\/wp\/v2\/media?parent=450"}],"wp:term":[{"taxonomy":"product_cat","embeddable":true,"href":"https:\/\/cmykprinted.com\/hr\/wp-json\/wp\/v2\/product_cat?post=450"},{"taxonomy":"product_tag","embeddable":true,"href":"https:\/\/cmykprinted.com\/hr\/wp-json\/wp\/v2\/product_tag?post=450"}],"curies":[{"name":"wp","href":"https:\/\/api.w.org\/{rel}","templated":true}]}}