{"id":488,"date":"2022-12-17T05:59:50","date_gmt":"2022-12-17T05:59:50","guid":{"rendered":"https:\/\/cmykprinted.com\/?post_type=product&#038;p=488"},"modified":"2023-03-31T01:41:05","modified_gmt":"2023-03-31T01:41:05","slug":"wholesale-custom-printed-outdoor-polyester-stretch-tablecloth","status":"publish","type":"product","link":"https:\/\/cmykprinted.com\/hr\/proizvod\/wholesale-custom-printed-outdoor-polyester-stretch-tablecloth\/","title":{"rendered":"Veleprodaja vanjskog rastezljivog poliesterskog stolnjaka s tiskanim prizvodom"},"content":{"rendered":"","protected":false},"excerpt":{"rendered":"<p>Ovaj visokokvalitetni \u0161ator za trgovinu na otvorenom pogodan je za razli\u010dite namjene. Vodootporan okvir u obliku \u0161esterokuta i podesiva visina \u010dine ga svestranim, dok vam mogu\u0107nosti ispisa u punoj boji omogu\u0107uju da prilagodite izgled \u0161atora. Uklju\u010divanje kofera na kota\u010di\u0107ima, stupova za tlo i u\u017eeta olak\u0161ava postavljanje i u\u010dvr\u0161\u0107ivanje \u0161atora na raznim mjestima. Ovaj \u0161ator bio bi prikladan za kori\u0161tenje na sajmovima, doga\u0111anjima na otvorenom i kao privremeno skloni\u0161te za aktivnosti na otvorenom poput kampiranja ili piknika.<\/p>\n<div style=\"width: 1290px;\" class=\"wp-video\"><!--[if lt IE 9]><script>document.createElement('video');<\/script><![endif]--><br \/>\n<video class=\"wp-video-shortcode\" id=\"video-488-1\" width=\"1290\" height=\"726\" loop autoplay preload=\"auto\" controls=\"controls\"><source type=\"video\/mp4\" src=\"http:\/\/cmykprinted.com\/wp-content\/uploads\/2022\/12\/Custom-Stretch-Tablecloth.mp4?_=1\" \/><a href=\"http:\/\/cmykprinted.com\/wp-content\/uploads\/2022\/12\/Custom-Stretch-Tablecloth.mp4\">http:\/\/cmykprinted.com\/wp-content\/uploads\/2022\/12\/Custom-Stretch-Tablecloth.mp4<\/a><\/video><\/div>","protected":false},"featured_media":489,"template":"","meta":{"_kad_post_transparent":"default","_kad_post_title":"hide","_kad_post_layout":"fullwidth","_kad_post_sidebar_id":"","_kad_post_content_style":"unboxed","_kad_post_vertical_padding":"hide","_kad_post_feature":"hide","_kad_post_feature_position":"","_kad_post_header":false,"_kad_post_footer":false},"product_cat":[80,81],"product_tag":[116,117,119,118,120],"class_list":{"0":"post-488","1":"product","2":"type-product","3":"status-publish","4":"has-post-thumbnail","6":"product_cat-custom-tablecloth","7":"product_cat-custom-stretch-tablecloth","8":"product_tag-custom-printed-tablecloth","9":"product_tag-custom-stretch-tablecloth","10":"product_tag-outdoor-stretch-tablecloth","11":"product_tag-polyester-stretch-tablecloth","12":"product_tag-wholesale-stretch-tablecloth","14":"first","15":"instock","16":"shipping-taxable","17":"product-type-simple","18":"entry","19":"content-bg","20":"loop-entry"},"_links":{"self":[{"href":"https:\/\/cmykprinted.com\/hr\/wp-json\/wp\/v2\/product\/488","targetHints":{"allow":["GET"]}}],"collection":[{"href":"https:\/\/cmykprinted.com\/hr\/wp-json\/wp\/v2\/product"}],"about":[{"href":"https:\/\/cmykprinted.com\/hr\/wp-json\/wp\/v2\/types\/product"}],"version-history":[{"count":3,"href":"https:\/\/cmykprinted.com\/hr\/wp-json\/wp\/v2\/product\/488\/revisions"}],"predecessor-version":[{"id":1800,"href":"https:\/\/cmykprinted.com\/hr\/wp-json\/wp\/v2\/product\/488\/revisions\/1800"}],"wp:featuredmedia":[{"embeddable":true,"href":"https:\/\/cmykprinted.com\/hr\/wp-json\/wp\/v2\/media\/489"}],"wp:attachment":[{"href":"https:\/\/cmykprinted.com\/hr\/wp-json\/wp\/v2\/media?parent=488"}],"wp:term":[{"taxonomy":"product_cat","embeddable":true,"href":"https:\/\/cmykprinted.com\/hr\/wp-json\/wp\/v2\/product_cat?post=488"},{"taxonomy":"product_tag","embeddable":true,"href":"https:\/\/cmykprinted.com\/hr\/wp-json\/wp\/v2\/product_tag?post=488"}],"curies":[{"name":"wp","href":"https:\/\/api.w.org\/{rel}","templated":true}]}}