{"id":536,"date":"2022-12-18T04:41:34","date_gmt":"2022-12-18T04:41:34","guid":{"rendered":"https:\/\/cmykprinted.com\/?post_type=product&#038;p=536"},"modified":"2022-12-18T05:05:21","modified_gmt":"2022-12-18T05:05:21","slug":"outdoor-circle-pop-up-banner-stand-with-full-color-printing","status":"publish","type":"product","link":"https:\/\/cmykprinted.com\/hr\/proizvod\/outdoor-circle-pop-up-banner-stand-with-full-color-printing\/","title":{"rendered":"Vanjski kru\u017eni isko\u010dni stalak za transparente s ispisom u punoj boji"},"content":{"rendered":"","protected":false},"excerpt":{"rendered":"<p>Kru\u017eni sko\u010dni banner koji ste opisali zvu\u010di kao koristan alat za marketing i ogla\u0161avanje koji se mo\u017ee koristiti za prikazivanje logotipa ili robne marke tvrtke na doga\u0111ajima, sajmovima i drugim promotivnim aktivnostima. Njegov jedinstveni oblik i brzo vrijeme postavljanja \u010dine ga prikladnim za kori\u0161tenje u razli\u010ditim postavkama, a dostupnost razli\u010ditih veli\u010dina omogu\u0107uje fleksibilnost u pogledu koli\u010dine prostora dostupnog za prikaz. Izdr\u017eljivi, patentirani okvir i lagani dizajn bannera olak\u0161avaju transport i pohranu, a torba za no\u0161enje poma\u017ee da ostane za\u0161ti\u0107en tijekom transporta. Ispis u punoj boji omogu\u0107uje prilagodbu i mogu\u0107nost stvaranja vizualno privla\u010dnih prikaza koji u\u010dinkovito prikazuju robnu marku tvrtke.<\/p>\n<div style=\"width: 1290px;\" class=\"wp-video\"><!--[if lt IE 9]><script>document.createElement('video');<\/script><![endif]--><br \/>\n<video class=\"wp-video-shortcode\" id=\"video-536-1\" width=\"1290\" height=\"726\" loop autoplay preload=\"auto\" controls=\"controls\"><source type=\"video\/mp4\" src=\"http:\/\/cmykprinted.com\/wp-content\/uploads\/2022\/12\/Circle-Pop-Up-Banners.mp4?_=1\" \/><a href=\"http:\/\/cmykprinted.com\/wp-content\/uploads\/2022\/12\/Circle-Pop-Up-Banners.mp4\">http:\/\/cmykprinted.com\/wp-content\/uploads\/2022\/12\/Circle-Pop-Up-Banners.mp4<\/a><\/video><\/div>\n<p>&nbsp;<\/p>","protected":false},"featured_media":537,"template":"","meta":{"_kad_post_transparent":"default","_kad_post_title":"hide","_kad_post_layout":"fullwidth","_kad_post_sidebar_id":"","_kad_post_content_style":"unboxed","_kad_post_vertical_padding":"hide","_kad_post_feature":"hide","_kad_post_feature_position":"","_kad_post_header":false,"_kad_post_footer":false},"product_cat":[92,93],"product_tag":[125,127,126,128],"class_list":{"0":"post-536","1":"product","2":"type-product","3":"status-publish","4":"has-post-thumbnail","6":"product_cat-pop-up-banners","7":"product_cat-circle-pop-up-banners","8":"product_tag-circle-pop-up-banner","9":"product_tag-circle-pop-up-banner-stand","10":"product_tag-outdoor-pop-up-banner","11":"product_tag-pop-up-banner","13":"first","14":"instock","15":"shipping-taxable","16":"product-type-simple","17":"entry","18":"content-bg","19":"loop-entry"},"_links":{"self":[{"href":"https:\/\/cmykprinted.com\/hr\/wp-json\/wp\/v2\/product\/536","targetHints":{"allow":["GET"]}}],"collection":[{"href":"https:\/\/cmykprinted.com\/hr\/wp-json\/wp\/v2\/product"}],"about":[{"href":"https:\/\/cmykprinted.com\/hr\/wp-json\/wp\/v2\/types\/product"}],"version-history":[{"count":3,"href":"https:\/\/cmykprinted.com\/hr\/wp-json\/wp\/v2\/product\/536\/revisions"}],"predecessor-version":[{"id":548,"href":"https:\/\/cmykprinted.com\/hr\/wp-json\/wp\/v2\/product\/536\/revisions\/548"}],"wp:featuredmedia":[{"embeddable":true,"href":"https:\/\/cmykprinted.com\/hr\/wp-json\/wp\/v2\/media\/537"}],"wp:attachment":[{"href":"https:\/\/cmykprinted.com\/hr\/wp-json\/wp\/v2\/media?parent=536"}],"wp:term":[{"taxonomy":"product_cat","embeddable":true,"href":"https:\/\/cmykprinted.com\/hr\/wp-json\/wp\/v2\/product_cat?post=536"},{"taxonomy":"product_tag","embeddable":true,"href":"https:\/\/cmykprinted.com\/hr\/wp-json\/wp\/v2\/product_tag?post=536"}],"curies":[{"name":"wp","href":"https:\/\/api.w.org\/{rel}","templated":true}]}}