{"id":549,"date":"2022-12-18T09:53:56","date_gmt":"2022-12-18T09:53:56","guid":{"rendered":"https:\/\/cmykprinted.com\/?post_type=product&#038;p=549"},"modified":"2022-12-18T10:09:57","modified_gmt":"2022-12-18T10:09:57","slug":"custom-shop-front-flag-double-sided-wall-flag-banner-sign","status":"publish","type":"product","link":"https:\/\/cmykprinted.com\/hr\/proizvod\/custom-shop-front-flag-double-sided-wall-flag-banner-sign\/","title":{"rendered":"Prednja zastava po narud\u017ebi dvostrane zidne zastave"},"content":{"rendered":"","protected":false},"excerpt":{"rendered":"<p>Zastavice na prednjoj strani trgovine popularan su na\u010din na koji tvrtke mogu reklamirati svoje proizvode ili usluge prolaznicima. Obi\u010dno se postavljaju na vanjski dio trgovine ili du\u0107ana, a dizajnirani su da privla\u010de pa\u017enju i privla\u010de pa\u017enju. Dvije glavne vrste prednjih zastava trgovine su \u0161iljasti i ravni rubovi. Zastave sa \u0161iljastim rubom imaju trokutasti oblik i obi\u010dno se montiraju na stup, dok su zastave s ravnim rubom pravokutne i mogu se postaviti na zid ili objesiti na strop. Obje vrste zastava mogu se tiskati jednostrano ili obostrano, ovisno o potrebama poslovanja.<br \/>\nZastave na pro\u010delju trgovine obi\u010dno su izra\u0111ene od aluminija ili tkanine i mogu se tiskati raznim metodama, uklju\u010duju\u0107i UV digitalni tisak ili sublimaciju boje. UV digitalni tisak je proces koji koristi UV svjetlo za stvrdnjavanje tinte, \u0161to rezultira dugotrajnijom bojom i pobolj\u0161anom otporno\u0161\u0107u na blije\u0111enje i o\u0161te\u0107enje vodom. Sublimacija boje je proces koji koristi toplinu za prijenos tinte s posebnog papira na tkaninu, \u0161to rezultira \u017eivopisnim i o\u0161trim zavr\u0161etkom.<\/p>\n<p>&nbsp;<\/p>","protected":false},"featured_media":550,"template":"","meta":{"_kad_post_transparent":"default","_kad_post_title":"hide","_kad_post_layout":"fullwidth","_kad_post_sidebar_id":"","_kad_post_content_style":"unboxed","_kad_post_vertical_padding":"hide","_kad_post_feature":"hide","_kad_post_feature_position":"","_kad_post_header":false,"_kad_post_footer":false},"product_cat":[79],"product_tag":[131,133,132,129,130],"class_list":{"0":"post-549","1":"product","2":"type-product","3":"status-publish","4":"has-post-thumbnail","6":"product_cat-custom-flags","7":"product_tag-custom-flag","8":"product_tag-custom-wall-sign","9":"product_tag-double-sided-wall-flag","10":"product_tag-shop-front-flag","11":"product_tag-wall-flag","13":"first","14":"instock","15":"shipping-taxable","16":"product-type-simple","17":"entry","18":"content-bg","19":"loop-entry"},"_links":{"self":[{"href":"https:\/\/cmykprinted.com\/hr\/wp-json\/wp\/v2\/product\/549","targetHints":{"allow":["GET"]}}],"collection":[{"href":"https:\/\/cmykprinted.com\/hr\/wp-json\/wp\/v2\/product"}],"about":[{"href":"https:\/\/cmykprinted.com\/hr\/wp-json\/wp\/v2\/types\/product"}],"version-history":[{"count":2,"href":"https:\/\/cmykprinted.com\/hr\/wp-json\/wp\/v2\/product\/549\/revisions"}],"predecessor-version":[{"id":556,"href":"https:\/\/cmykprinted.com\/hr\/wp-json\/wp\/v2\/product\/549\/revisions\/556"}],"wp:featuredmedia":[{"embeddable":true,"href":"https:\/\/cmykprinted.com\/hr\/wp-json\/wp\/v2\/media\/550"}],"wp:attachment":[{"href":"https:\/\/cmykprinted.com\/hr\/wp-json\/wp\/v2\/media?parent=549"}],"wp:term":[{"taxonomy":"product_cat","embeddable":true,"href":"https:\/\/cmykprinted.com\/hr\/wp-json\/wp\/v2\/product_cat?post=549"},{"taxonomy":"product_tag","embeddable":true,"href":"https:\/\/cmykprinted.com\/hr\/wp-json\/wp\/v2\/product_tag?post=549"}],"curies":[{"name":"wp","href":"https:\/\/api.w.org\/{rel}","templated":true}]}}