{"id":612,"date":"2022-12-21T13:15:52","date_gmt":"2022-12-21T13:15:52","guid":{"rendered":"https:\/\/cmykprinted.com\/?post_type=product&#038;p=612"},"modified":"2022-12-21T14:08:22","modified_gmt":"2022-12-21T14:08:22","slug":"outdoor-folding-50mm-heavy-duty-hexagonal-aluminum-tents","status":"publish","type":"product","link":"https:\/\/cmykprinted.com\/hr\/proizvod\/outdoor-folding-50mm-heavy-duty-hexagonal-aluminum-tents\/","title":{"rendered":"Vanjski sklopivi \u0161atori od te\u0161kog \u0161esterokutnog aluminija od 50 mm"},"content":{"rendered":"","protected":false},"excerpt":{"rendered":"<p>Na\u0161i heksagonalni aluminijski \u0161atori od 50 mm za te\u0161ke uvjete rada vrhunsko su rje\u0161enje za bilo koju vrstu doga\u0111aja na otvorenom, uklju\u010duju\u0107i buvljake, zanatske izlo\u017ebe, sportske doga\u0111aje i umjetni\u010dke festivale. Tako\u0111er su prikladni za unutarnju upotrebu, \u0161to ih \u010dini nevjerojatno svestranim i prakti\u010dnim. Gornji dijelovi baldahina izra\u0111eni su od izdr\u017eljivog poliestera koji je i vodootporan i ispisan bojama sa UV za\u0161titom, \u010dime se osigurava njihova izdr\u017eljivost i izdr\u017eljivost. Osim njihove izdr\u017eljivosti i funkcionalnosti, na\u0161i prilago\u0111eni \u0161atori tako\u0111er su vrlo prenosivi, \u0161to ih \u010dini savr\u0161enim izborom za pojedince i organizacije kojima je potrebno pouzdano i jednostavno rje\u0161enje za skloni\u0161te koje mo\u017ee putovati bilo kamo. Bez obzira trebate li privremenu nadstre\u0161nicu za jednokratni doga\u0111aj ili dugoro\u010dno rje\u0161enje za skloni\u0161te za svoju tvrtku ili organizaciju, na\u0161i \u0161esterokutni aluminijski \u0161atori za te\u0161ke uvjete rada od 50 mm nude savr\u0161enu kombinaciju snage, izdr\u017eljivosti i prakti\u010dnosti.<\/p>\n<div style=\"width: 1290px;\" class=\"wp-video\"><!--[if lt IE 9]><script>document.createElement('video');<\/script><![endif]--><br \/>\n<video class=\"wp-video-shortcode\" id=\"video-612-1\" width=\"1290\" height=\"726\" loop autoplay preload=\"auto\" controls=\"controls\"><source type=\"video\/mp4\" src=\"http:\/\/cmykprinted.com\/wp-content\/uploads\/2022\/12\/50mm-Heavy-Duty-Hexagon-Aluminum-Tents.mp4?_=1\" \/><a href=\"http:\/\/cmykprinted.com\/wp-content\/uploads\/2022\/12\/50mm-Heavy-Duty-Hexagon-Aluminum-Tents.mp4\">http:\/\/cmykprinted.com\/wp-content\/uploads\/2022\/12\/50mm-Heavy-Duty-Hexagon-Aluminum-Tents.mp4<\/a><\/video><\/div>","protected":false},"featured_media":613,"template":"","meta":{"_kad_post_transparent":"default","_kad_post_title":"hide","_kad_post_layout":"fullwidth","_kad_post_sidebar_id":"","_kad_post_content_style":"unboxed","_kad_post_vertical_padding":"hide","_kad_post_feature":"hide","_kad_post_feature_position":"","_kad_post_header":false,"_kad_post_footer":false},"product_cat":[68,75,74],"product_tag":[147,151,149,148,150],"class_list":{"0":"post-612","1":"product","2":"type-product","3":"status-publish","4":"has-post-thumbnail","6":"product_cat-custom-canopy-tents","7":"product_cat-10x10-custom-branded-canopy-tents","8":"product_cat-50mm-heavy-duty-hexagon-aluminum-tents","9":"product_tag-50mm-heavy-duty-hexagonal-aluminum-tents","10":"product_tag-folding-aluminum-tents","11":"product_tag-heavy-duty-aluminum-tents","12":"product_tag-hexagonal-aluminum-tents","13":"product_tag-outdoor-aluminum-tents","15":"first","16":"instock","17":"shipping-taxable","18":"product-type-simple","19":"entry","20":"content-bg","21":"loop-entry"},"_links":{"self":[{"href":"https:\/\/cmykprinted.com\/hr\/wp-json\/wp\/v2\/product\/612","targetHints":{"allow":["GET"]}}],"collection":[{"href":"https:\/\/cmykprinted.com\/hr\/wp-json\/wp\/v2\/product"}],"about":[{"href":"https:\/\/cmykprinted.com\/hr\/wp-json\/wp\/v2\/types\/product"}],"version-history":[{"count":3,"href":"https:\/\/cmykprinted.com\/hr\/wp-json\/wp\/v2\/product\/612\/revisions"}],"predecessor-version":[{"id":623,"href":"https:\/\/cmykprinted.com\/hr\/wp-json\/wp\/v2\/product\/612\/revisions\/623"}],"wp:featuredmedia":[{"embeddable":true,"href":"https:\/\/cmykprinted.com\/hr\/wp-json\/wp\/v2\/media\/613"}],"wp:attachment":[{"href":"https:\/\/cmykprinted.com\/hr\/wp-json\/wp\/v2\/media?parent=612"}],"wp:term":[{"taxonomy":"product_cat","embeddable":true,"href":"https:\/\/cmykprinted.com\/hr\/wp-json\/wp\/v2\/product_cat?post=612"},{"taxonomy":"product_tag","embeddable":true,"href":"https:\/\/cmykprinted.com\/hr\/wp-json\/wp\/v2\/product_tag?post=612"}],"curies":[{"name":"wp","href":"https:\/\/api.w.org\/{rel}","templated":true}]}}