{"id":624,"date":"2022-12-22T03:01:03","date_gmt":"2022-12-22T03:01:03","guid":{"rendered":"https:\/\/cmykprinted.com\/?post_type=product&#038;p=624"},"modified":"2022-12-22T03:51:54","modified_gmt":"2022-12-22T03:51:54","slug":"custom-printed-hand-flags-handheld-stick-flag-at-cheap-price","status":"publish","type":"product","link":"https:\/\/cmykprinted.com\/hr\/proizvod\/custom-printed-hand-flags-handheld-stick-flag-at-cheap-price\/","title":{"rendered":"Tiskane ru\u010dne zastavice po narud\u017ebi Ru\u010dna zastavica na \u0161tapi\u0107u po povoljnoj cijeni"},"content":{"rendered":"","protected":false},"excerpt":{"rendered":"<p>Prilago\u0111ene tiskane ru\u010dne zastavice izvrstan su na\u010din da prenesete svoju poruku na bilo kojem doga\u0111aju ili promociji. Cijenom su pristupa\u010dne, ali su izvrsne kada je u pitanju privla\u010denje pa\u017enje. Bilo da ste na sajmu, sportskoj utakmici, povorci, konferenciji ili bilo kojoj drugoj vrsti doga\u0111aja, zastavice s ru\u010dnim tiskanjem po narud\u017ebi izvrstan su na\u010din da poka\u017eete svoj brend ili poruku. Izra\u0111ene su od izdr\u017eljive poliesterske tkanine i tiskane su sublimacijskim tiskom, koji osigurava da su boje jake i \u017eivopisne. Zastave su otisnute jednostrano, \u0161to zna\u010di da je slika vidljiva s jedne strane, a nali\u010dje je zrcalna slika. Zavr\u0161avaju se plasti\u010dnim ili drvenim tiplama i pri\u010dvr\u0161\u0107uju se na \u0161tap pomo\u0107u \u010dahure zastavice. Prilago\u0111ene tiskane ru\u010dne zastavice nisu samo sjajan na\u010din za promociju va\u0161eg brenda ili poruke, ve\u0107 su i zabavan i interaktivan na\u010din za interakciju s publikom. Pa za\u0161to \u010dekati? Nabavite ve\u0107 danas svoje prilago\u0111ene tiskane zastavice i gledajte kako va\u0161a poruka leti!<\/p>\n<div style=\"width: 1290px;\" class=\"wp-video\"><!--[if lt IE 9]><script>document.createElement('video');<\/script><![endif]--><br \/>\n<video class=\"wp-video-shortcode\" id=\"video-624-1\" width=\"1290\" height=\"726\" loop autoplay preload=\"auto\" controls=\"controls\"><source type=\"video\/mp4\" src=\"http:\/\/cmykprinted.com\/wp-content\/uploads\/2022\/12\/Custom-Printed-Hand-Flags.mp4?_=1\" \/><a href=\"http:\/\/cmykprinted.com\/wp-content\/uploads\/2022\/12\/Custom-Printed-Hand-Flags.mp4\">http:\/\/cmykprinted.com\/wp-content\/uploads\/2022\/12\/Custom-Printed-Hand-Flags.mp4<\/a><\/video><\/div>\n<p>&nbsp;<\/p>","protected":false},"featured_media":625,"template":"","meta":{"_kad_post_transparent":"default","_kad_post_title":"hide","_kad_post_layout":"fullwidth","_kad_post_sidebar_id":"","_kad_post_content_style":"unboxed","_kad_post_vertical_padding":"hide","_kad_post_feature":"hide","_kad_post_feature_position":"","_kad_post_header":false,"_kad_post_footer":false},"product_cat":[79],"product_tag":[153,155,152,154],"class_list":{"0":"post-624","1":"product","2":"type-product","3":"status-publish","4":"has-post-thumbnail","6":"product_cat-custom-flags","7":"product_tag-custom-hand-flags","8":"product_tag-custom-handheld-flag","9":"product_tag-custom-printed-hand-flags","10":"product_tag-handheld-stick-flag","12":"first","13":"instock","14":"shipping-taxable","15":"product-type-simple","16":"entry","17":"content-bg","18":"loop-entry"},"_links":{"self":[{"href":"https:\/\/cmykprinted.com\/hr\/wp-json\/wp\/v2\/product\/624","targetHints":{"allow":["GET"]}}],"collection":[{"href":"https:\/\/cmykprinted.com\/hr\/wp-json\/wp\/v2\/product"}],"about":[{"href":"https:\/\/cmykprinted.com\/hr\/wp-json\/wp\/v2\/types\/product"}],"version-history":[{"count":4,"href":"https:\/\/cmykprinted.com\/hr\/wp-json\/wp\/v2\/product\/624\/revisions"}],"predecessor-version":[{"id":635,"href":"https:\/\/cmykprinted.com\/hr\/wp-json\/wp\/v2\/product\/624\/revisions\/635"}],"wp:featuredmedia":[{"embeddable":true,"href":"https:\/\/cmykprinted.com\/hr\/wp-json\/wp\/v2\/media\/625"}],"wp:attachment":[{"href":"https:\/\/cmykprinted.com\/hr\/wp-json\/wp\/v2\/media?parent=624"}],"wp:term":[{"taxonomy":"product_cat","embeddable":true,"href":"https:\/\/cmykprinted.com\/hr\/wp-json\/wp\/v2\/product_cat?post=624"},{"taxonomy":"product_tag","embeddable":true,"href":"https:\/\/cmykprinted.com\/hr\/wp-json\/wp\/v2\/product_tag?post=624"}],"curies":[{"name":"wp","href":"https:\/\/api.w.org\/{rel}","templated":true}]}}