{"id":644,"date":"2022-12-22T07:18:12","date_gmt":"2022-12-22T07:18:12","guid":{"rendered":"https:\/\/cmykprinted.com\/?post_type=product&#038;p=644"},"modified":"2022-12-22T07:55:34","modified_gmt":"2022-12-22T07:55:34","slug":"custom-table-runners-table-cover-trade-show-tablecloth","status":"publish","type":"product","link":"https:\/\/cmykprinted.com\/hr\/proizvod\/custom-table-runners-table-cover-trade-show-tablecloth\/","title":{"rendered":"Prilago\u0111ene staze za stol Pokriva\u010d stola Stolnjak za sajmove"},"content":{"rendered":"","protected":false},"excerpt":{"rendered":"<p>Ako trebate prilago\u0111ene nosa\u010de stolova za poslovne ili osobne doga\u0111aje, mi \u0107emo vas pokriti. Na\u0161i visokokvalitetni stolni pokriva\u010di savr\u0161eni su za sve, od sajmova do prikupljanja donacija, i dizajnirani su da traju. Izra\u0111ene od vrhunske poliesterske tkanine i s ispisom u punoj boji, 1440 DPI sublimacijskim ispisom, ovi prilago\u0111eni tiskani staza\u010di za stol sigurno \u0107e ostaviti trajan dojam. Upotrijebite ih za promicanje svoje robne marke ili logotipa na konferencijama, doga\u0111ajima ili sajmovima ili ih jednostavno dodajte na \u010dvrsti pokriva\u010d stola za da\u0161ak elegancije i dekoracije. Dostupan u unaprijed definiranim dimenzijama od 2&#039;x7.5&#039;, mo\u017eete se \u010dak odlu\u010diti za prilago\u0111ene veli\u010dine kako bi savr\u0161eno odgovarale va\u0161im potrebama. Vjerujte nam kao pouzdanom izvoru prilago\u0111enih stolnih nosa\u010da koji \u0107e u\u010dinkovito reklamirati va\u0161e poslovanje i izdr\u017eati test vremena.<\/p>","protected":false},"featured_media":647,"template":"","meta":{"_kad_post_transparent":"default","_kad_post_title":"hide","_kad_post_layout":"fullwidth","_kad_post_sidebar_id":"","_kad_post_content_style":"unboxed","_kad_post_vertical_padding":"hide","_kad_post_feature":"hide","_kad_post_feature_position":"","_kad_post_header":false,"_kad_post_footer":false},"product_cat":[80,82],"product_tag":[157,156,158,159],"class_list":{"0":"post-644","1":"product","2":"type-product","3":"status-publish","4":"has-post-thumbnail","6":"product_cat-custom-tablecloth","7":"product_cat-custom-table-runner","8":"product_tag-custom-table-cover","9":"product_tag-custom-table-runners","10":"product_tag-custom-tablecloth","11":"product_tag-trade-show-tablecloth","13":"first","14":"instock","15":"shipping-taxable","16":"product-type-simple","17":"entry","18":"content-bg","19":"loop-entry"},"_links":{"self":[{"href":"https:\/\/cmykprinted.com\/hr\/wp-json\/wp\/v2\/product\/644","targetHints":{"allow":["GET"]}}],"collection":[{"href":"https:\/\/cmykprinted.com\/hr\/wp-json\/wp\/v2\/product"}],"about":[{"href":"https:\/\/cmykprinted.com\/hr\/wp-json\/wp\/v2\/types\/product"}],"version-history":[{"count":2,"href":"https:\/\/cmykprinted.com\/hr\/wp-json\/wp\/v2\/product\/644\/revisions"}],"predecessor-version":[{"id":646,"href":"https:\/\/cmykprinted.com\/hr\/wp-json\/wp\/v2\/product\/644\/revisions\/646"}],"wp:featuredmedia":[{"embeddable":true,"href":"https:\/\/cmykprinted.com\/hr\/wp-json\/wp\/v2\/media\/647"}],"wp:attachment":[{"href":"https:\/\/cmykprinted.com\/hr\/wp-json\/wp\/v2\/media?parent=644"}],"wp:term":[{"taxonomy":"product_cat","embeddable":true,"href":"https:\/\/cmykprinted.com\/hr\/wp-json\/wp\/v2\/product_cat?post=644"},{"taxonomy":"product_tag","embeddable":true,"href":"https:\/\/cmykprinted.com\/hr\/wp-json\/wp\/v2\/product_tag?post=644"}],"curies":[{"name":"wp","href":"https:\/\/api.w.org\/{rel}","templated":true}]}}