{"id":664,"date":"2022-12-22T09:47:33","date_gmt":"2022-12-22T09:47:33","guid":{"rendered":"https:\/\/cmykprinted.com\/?post_type=product&#038;p=664"},"modified":"2022-12-22T14:15:54","modified_gmt":"2022-12-22T14:15:54","slug":"horizontal-pop-up-banners-with-free-custom-printing-services","status":"publish","type":"product","link":"https:\/\/cmykprinted.com\/hr\/proizvod\/horizontal-pop-up-banners-with-free-custom-printing-services\/","title":{"rendered":"Horizontalni sko\u010dni banneri s besplatnim prilago\u0111enim uslugama ispisa"},"content":{"rendered":"","protected":false},"excerpt":{"rendered":"<p>Na\u0161i horizontalni sko\u010dni banneri izra\u0111eni su od izdr\u017eljivih materijala koji su dizajnirani da izdr\u017ee vremenske uvjete, \u0161to ih \u010dini savr\u0161enima za kori\u0161tenje u zatvorenom i na otvorenom. Lako se postavljaju i skidaju, a mogu se lako pohraniti i transportirati, \u0161to ih \u010dini prakti\u010dnim izborom za tvrtke u pokretu. S na\u0161im besplatnim uslugama ispisa po narud\u017ebi, mo\u017eete naru\u010diti ispis bannera s logotipom va\u0161e tvrtke, porukom robne marke ili bilo kojim drugim prilago\u0111enim dizajnom koji odaberete. Ovi horizontalni sko\u010dni banneri sigurno \u0107e ostaviti veliki dojam na svakom doga\u0111aju i pomo\u0107i \u0107e vam da u\u010dinkovito promovirate svoje poslovanje potencijalnim kupcima. Bilo da \u017eelite promovirati svoju robnu marku na sajmu, sportskom doga\u0111aju ili korporativnom doga\u0111aju, na\u0161i horizontalni sko\u010dni banneri savr\u0161en su izbor.<\/p>\n<div style=\"width: 1290px;\" class=\"wp-video\"><!--[if lt IE 9]><script>document.createElement('video');<\/script><![endif]--><br \/>\n<video class=\"wp-video-shortcode\" id=\"video-664-1\" width=\"1290\" height=\"726\" loop autoplay preload=\"auto\" controls=\"controls\"><source type=\"video\/mp4\" src=\"http:\/\/cmykprinted.com\/wp-content\/uploads\/2022\/12\/horizontal-pop-up-banners.mp4?_=1\" \/><a href=\"http:\/\/cmykprinted.com\/wp-content\/uploads\/2022\/12\/horizontal-pop-up-banners.mp4\">http:\/\/cmykprinted.com\/wp-content\/uploads\/2022\/12\/horizontal-pop-up-banners.mp4<\/a><\/video><\/div>\n<p>&nbsp;<\/p>","protected":false},"featured_media":665,"template":"","meta":{"_kad_post_transparent":"default","_kad_post_title":"hide","_kad_post_layout":"fullwidth","_kad_post_sidebar_id":"","_kad_post_content_style":"unboxed","_kad_post_vertical_padding":"hide","_kad_post_feature":"hide","_kad_post_feature_position":"","_kad_post_header":false,"_kad_post_footer":false},"product_cat":[92,94],"product_tag":[167,165,166],"class_list":{"0":"post-664","1":"product","2":"type-product","3":"status-publish","4":"has-post-thumbnail","6":"product_cat-pop-up-banners","7":"product_cat-horizontal-pop-up-banners","8":"product_tag-custom-pop-up-banners","9":"product_tag-horizontal-pop-up-banners","10":"product_tag-pop-up-banners","12":"first","13":"instock","14":"shipping-taxable","15":"product-type-simple","16":"entry","17":"content-bg","18":"loop-entry"},"_links":{"self":[{"href":"https:\/\/cmykprinted.com\/hr\/wp-json\/wp\/v2\/product\/664","targetHints":{"allow":["GET"]}}],"collection":[{"href":"https:\/\/cmykprinted.com\/hr\/wp-json\/wp\/v2\/product"}],"about":[{"href":"https:\/\/cmykprinted.com\/hr\/wp-json\/wp\/v2\/types\/product"}],"version-history":[{"count":3,"href":"https:\/\/cmykprinted.com\/hr\/wp-json\/wp\/v2\/product\/664\/revisions"}],"predecessor-version":[{"id":672,"href":"https:\/\/cmykprinted.com\/hr\/wp-json\/wp\/v2\/product\/664\/revisions\/672"}],"wp:featuredmedia":[{"embeddable":true,"href":"https:\/\/cmykprinted.com\/hr\/wp-json\/wp\/v2\/media\/665"}],"wp:attachment":[{"href":"https:\/\/cmykprinted.com\/hr\/wp-json\/wp\/v2\/media?parent=664"}],"wp:term":[{"taxonomy":"product_cat","embeddable":true,"href":"https:\/\/cmykprinted.com\/hr\/wp-json\/wp\/v2\/product_cat?post=664"},{"taxonomy":"product_tag","embeddable":true,"href":"https:\/\/cmykprinted.com\/hr\/wp-json\/wp\/v2\/product_tag?post=664"}],"curies":[{"name":"wp","href":"https:\/\/api.w.org\/{rel}","templated":true}]}}