{"id":673,"date":"2022-12-22T14:59:51","date_gmt":"2022-12-22T14:59:51","guid":{"rendered":"https:\/\/cmykprinted.com\/?post_type=product&#038;p=673"},"modified":"2022-12-22T15:10:44","modified_gmt":"2022-12-22T15:10:44","slug":"free-custom-curved-tension-fabric-pop-up-displays-backwall","status":"publish","type":"product","link":"https:\/\/cmykprinted.com\/hr\/proizvod\/free-custom-curved-tension-fabric-pop-up-displays-backwall\/","title":{"rendered":"Besplatni prilago\u0111eni pop-up zasloni od zakrivljene tkanine za napetost za stra\u017enju stranu"},"content":{"rendered":"","protected":false},"excerpt":{"rendered":"<p>Pop-up zasloni od zakrivljene tkanine nude impresivno i zadivljuju\u0107e iskustvo publike koje je savr\u0161eno za sajmove, dobrotvorne doga\u0111aje, industrijske konvencije i druge doga\u0111aje. Ovi zasloni sadr\u017ee realisti\u010dne slike sublimirane bojama koje stvaraju 3D u\u010dinak, osiguravaju\u0107i da \u0107e se istaknuti i privu\u0107i pozornost na va\u0161u poruku. Koristimo \u017eivopisan materijal za vi\u0161ekratnu upotrebu koji minimalizira refleksiju svjetla kako bi va\u0161i ispisi bili vidljivi, osiguravaju\u0107i da \u0107e va\u0161a poruka biti jasno vidljiva va\u0161oj publici. Uz njihov impresivan vizualni u\u010dinak, ovi zasloni nude iste prednosti kao i banneri koji se mogu uvu\u0107i, \u0161to ih \u010dini savr\u0161enim za kori\u0161tenje kao pozadine za \u0161tandove sajmova i sko\u010dne trgovine. Unato\u010d njihovoj velikoj veli\u010dini, ovi zasloni su lagani i jednostavni za postavljanje, zahtijevaju\u0107i samo sastavljanje aluminijskog okvira te umetanje i navla\u010denje tkanine preko njega. Tiskanjem vlastitih sko\u010dnih zaslona sa zakrivljenom zategnutom tkaninom, svoj marketing doga\u0111aja mo\u017eete podi\u0107i na vi\u0161u razinu i u\u010dinkovito promovirati svoju marku ili poruku \u0161irokoj publici.<\/p>","protected":false},"featured_media":674,"template":"","meta":{"_kad_post_transparent":"default","_kad_post_title":"hide","_kad_post_layout":"fullwidth","_kad_post_sidebar_id":"","_kad_post_content_style":"unboxed","_kad_post_vertical_padding":"hide","_kad_post_feature":"hide","_kad_post_feature_position":"","_kad_post_header":false,"_kad_post_footer":false},"product_cat":[97,98],"product_tag":[168,170,134,169],"class_list":{"0":"post-673","1":"product","2":"type-product","3":"status-publish","4":"has-post-thumbnail","6":"product_cat-tension-fabric-displays","7":"product_cat-curved-tension-fabric-pop-up-displays","8":"product_tag-curved-tension-fabric-pop-up-displays","9":"product_tag-pop-up-tension-fabric-displays","10":"product_tag-tension-fabric-displays","11":"product_tag-tension-fabric-pop-up-display","13":"first","14":"instock","15":"shipping-taxable","16":"product-type-simple","17":"entry","18":"content-bg","19":"loop-entry"},"_links":{"self":[{"href":"https:\/\/cmykprinted.com\/hr\/wp-json\/wp\/v2\/product\/673","targetHints":{"allow":["GET"]}}],"collection":[{"href":"https:\/\/cmykprinted.com\/hr\/wp-json\/wp\/v2\/product"}],"about":[{"href":"https:\/\/cmykprinted.com\/hr\/wp-json\/wp\/v2\/types\/product"}],"version-history":[{"count":1,"href":"https:\/\/cmykprinted.com\/hr\/wp-json\/wp\/v2\/product\/673\/revisions"}],"predecessor-version":[{"id":680,"href":"https:\/\/cmykprinted.com\/hr\/wp-json\/wp\/v2\/product\/673\/revisions\/680"}],"wp:featuredmedia":[{"embeddable":true,"href":"https:\/\/cmykprinted.com\/hr\/wp-json\/wp\/v2\/media\/674"}],"wp:attachment":[{"href":"https:\/\/cmykprinted.com\/hr\/wp-json\/wp\/v2\/media?parent=673"}],"wp:term":[{"taxonomy":"product_cat","embeddable":true,"href":"https:\/\/cmykprinted.com\/hr\/wp-json\/wp\/v2\/product_cat?post=673"},{"taxonomy":"product_tag","embeddable":true,"href":"https:\/\/cmykprinted.com\/hr\/wp-json\/wp\/v2\/product_tag?post=673"}],"curies":[{"name":"wp","href":"https:\/\/api.w.org\/{rel}","templated":true}]}}