{"id":682,"date":"2022-12-29T09:44:31","date_gmt":"2022-12-29T09:44:31","guid":{"rendered":"https:\/\/cmykprinted.com\/?post_type=product&#038;p=682"},"modified":"2022-12-29T10:03:18","modified_gmt":"2022-12-29T10:03:18","slug":"custom-3d-metal-transfer-sticker-metallic-logo-label-sticker","status":"publish","type":"product","link":"https:\/\/cmykprinted.com\/hr\/proizvod\/custom-3d-metal-transfer-sticker-metallic-logo-label-sticker\/","title":{"rendered":"Prilago\u0111ena 3D naljepnica s metalnim prijenosom Naljepnica s metalnim logotipom"},"content":{"rendered":"","protected":false},"excerpt":{"rendered":"<p>3D naljepnice za prijenos metala vrsta su rje\u0161enja za ozna\u010davanje koje uklju\u010duje upotrebu visoko izdr\u017eljive folije od nikla za stvaranje trodimenzionalnog u\u010dinka. Ove su naljepnice dizajnirane da daju izgled &quot;bez naljepnice&quot; uklanjanjem vi\u0161ka materijala s dizajna, \u0161to rezultira profinjenijim i profesionalnijim izgledom. \u010cesto se koriste kao oznake za vrhunske proizvode ili za maloprodaju u internetskim trgovinama.<br \/>\nZa izradu 3D naljepnica za metalni prijenos, dizajn se prvo ispisuje na foliju od nikla pomo\u0107u specijaliziranog procesa ispisa. Zatim se uklanja vi\u0161ak materijala, ostavljaju\u0107i samo podignute elemente dizajna. Dobivena naljepnica zatim se obla\u017ee slojem ljepila i mo\u017ee se nanijeti na razli\u010dite povr\u0161ine, uklju\u010duju\u0107i plastiku, metal i papir.<br \/>\nJedna od prednosti kori\u0161tenja 3D naljepnica za metalni prijenos je njihova trajnost. Nikal je \u010dvrst materijal otporan na koroziju, tako da ove naljepnice mogu izdr\u017eati habanje i zadr\u017eati svoju kvalitetu tijekom vremena. Tako\u0111er su otporne na blije\u0111enje i promjenu boje, \u0161to ih \u010dini dugotrajnim rje\u0161enjem za ozna\u010davanje. Osim toga, trodimenzionalni u\u010dinak ovih naljepnica mo\u017ee dodati jedinstven i privla\u010dan element pakiranju ili brendiranju va\u0161eg proizvoda.<\/p>\n<div style=\"width: 1280px;\" class=\"wp-video\"><!--[if lt IE 9]><script>document.createElement('video');<\/script><![endif]--><br \/>\n<video class=\"wp-video-shortcode\" id=\"video-682-1\" width=\"1280\" height=\"720\" loop autoplay preload=\"metadata\" controls=\"controls\"><source type=\"video\/mp4\" src=\"http:\/\/cmykprinted.com\/wp-content\/uploads\/2022\/12\/Metal-Transfer-Sticker.mp4?_=1\" \/><a href=\"http:\/\/cmykprinted.com\/wp-content\/uploads\/2022\/12\/Metal-Transfer-Sticker.mp4\">http:\/\/cmykprinted.com\/wp-content\/uploads\/2022\/12\/Metal-Transfer-Sticker.mp4<\/a><\/video><\/div>\n<p>&nbsp;<\/p>","protected":false},"featured_media":683,"template":"","meta":{"_kad_post_transparent":"default","_kad_post_title":"hide","_kad_post_layout":"fullwidth","_kad_post_sidebar_id":"","_kad_post_content_style":"unboxed","_kad_post_vertical_padding":"hide","_kad_post_feature":"hide","_kad_post_feature_position":"","_kad_post_header":false,"_kad_post_footer":false},"product_cat":[101,102],"product_tag":[174,173,171,172],"class_list":{"0":"post-682","1":"product","2":"type-product","3":"status-publish","4":"has-post-thumbnail","6":"product_cat-transfer-stickers","7":"product_cat-metal-transfer-stickers","8":"product_tag-3d-metal-transfer-sticker","9":"product_tag-custom-metal-transfer-sticker","10":"product_tag-metal-transfer-sticker","11":"product_tag-metallic-logo-label-sticker","13":"first","14":"instock","15":"shipping-taxable","16":"product-type-simple","17":"entry","18":"content-bg","19":"loop-entry"},"_links":{"self":[{"href":"https:\/\/cmykprinted.com\/hr\/wp-json\/wp\/v2\/product\/682","targetHints":{"allow":["GET"]}}],"collection":[{"href":"https:\/\/cmykprinted.com\/hr\/wp-json\/wp\/v2\/product"}],"about":[{"href":"https:\/\/cmykprinted.com\/hr\/wp-json\/wp\/v2\/types\/product"}],"version-history":[{"count":2,"href":"https:\/\/cmykprinted.com\/hr\/wp-json\/wp\/v2\/product\/682\/revisions"}],"predecessor-version":[{"id":691,"href":"https:\/\/cmykprinted.com\/hr\/wp-json\/wp\/v2\/product\/682\/revisions\/691"}],"wp:featuredmedia":[{"embeddable":true,"href":"https:\/\/cmykprinted.com\/hr\/wp-json\/wp\/v2\/media\/683"}],"wp:attachment":[{"href":"https:\/\/cmykprinted.com\/hr\/wp-json\/wp\/v2\/media?parent=682"}],"wp:term":[{"taxonomy":"product_cat","embeddable":true,"href":"https:\/\/cmykprinted.com\/hr\/wp-json\/wp\/v2\/product_cat?post=682"},{"taxonomy":"product_tag","embeddable":true,"href":"https:\/\/cmykprinted.com\/hr\/wp-json\/wp\/v2\/product_tag?post=682"}],"curies":[{"name":"wp","href":"https:\/\/api.w.org\/{rel}","templated":true}]}}