{"id":692,"date":"2022-12-29T10:09:13","date_gmt":"2022-12-29T10:09:13","guid":{"rendered":"https:\/\/cmykprinted.com\/?post_type=product&#038;p=692"},"modified":"2022-12-29T10:44:20","modified_gmt":"2022-12-29T10:44:20","slug":"double-sided-printed-advertising-beach-teardrop-flags-banner","status":"publish","type":"product","link":"https:\/\/cmykprinted.com\/hr\/proizvod\/double-sided-printed-advertising-beach-teardrop-flags-banner\/","title":{"rendered":"Dvostrani tiskani reklamni banner sa zastavicama u obliku suze"},"content":{"rendered":"","protected":false},"excerpt":{"rendered":"<p>Zastave u obliku suze, poznate i kao zastave u obliku suze ili zastave u obliku suze, vrsta su velike zastave u obliku suze koja se koristi u reklamne i marketin\u0161ke svrhe. Izra\u0111uju se ispisivanjem prilago\u0111enog dizajna na zastavu pomo\u0107u procesa sublimacije boje, koji omogu\u0107uje \u017eivopisnu grafiku visoke kvalitete. Zastave su pri\u010dvr\u0161\u0107ene na lagani stup za zastavu od aluminija i stakloplastike, koji je savitljiv i poma\u017ee da zastava ostane zategnuta \u010dak iu vjetrovitim uvjetima. Motak za zastavu mo\u017ee se zaboditi u zemlju ili postaviti na postolje za zastavu, ovisno o specifi\u010dnim potrebama i preferencijama korisnika.<br \/>\nKori\u0161tenje transparenta sa zastavom u obliku suze ispred va\u0161e trgovine ili tvrtke mo\u017ee biti u\u010dinkovit na\u010din da privu\u010dete pozornost potencijalnih kupaca i drugih prolaznika. Ove zastave privla\u010de pa\u017enju i mogu vam pomo\u0107i u u\u010dinkovitoj promociji va\u0161eg poslovanja i njegovih proizvoda ili usluga. Banneri sa zastavicama u obliku suze tako\u0111er su svestrani i mogu se koristiti u razli\u010ditim okru\u017eenjima, uklju\u010duju\u0107i sajmove, doga\u0111aje na otvorenom i izloge. Odabirom prilago\u0111enog dizajna koji to\u010dno odra\u017eava brendiranje i poruke va\u0161eg poslovanja, mo\u017eete u\u010dinkovito prenijeti svoju poruku i ostaviti sna\u017ean dojam na svoju ciljanu publiku.<\/p>\n<div style=\"width: 1280px;\" class=\"wp-video\"><!--[if lt IE 9]><script>document.createElement('video');<\/script><![endif]--><br \/>\n<video class=\"wp-video-shortcode\" id=\"video-692-1\" width=\"1280\" height=\"720\" loop autoplay preload=\"metadata\" controls=\"controls\"><source type=\"video\/mp4\" src=\"http:\/\/cmykprinted.com\/wp-content\/uploads\/2022\/12\/Beach-Teardrop-Flags-Banner.mp4?_=1\" \/><a href=\"http:\/\/cmykprinted.com\/wp-content\/uploads\/2022\/12\/Beach-Teardrop-Flags-Banner.mp4\">http:\/\/cmykprinted.com\/wp-content\/uploads\/2022\/12\/Beach-Teardrop-Flags-Banner.mp4<\/a><\/video><\/div>","protected":false},"featured_media":693,"template":"","meta":{"_kad_post_transparent":"default","_kad_post_title":"hide","_kad_post_layout":"fullwidth","_kad_post_sidebar_id":"","_kad_post_content_style":"unboxed","_kad_post_vertical_padding":"hide","_kad_post_feature":"hide","_kad_post_feature_position":"","_kad_post_header":false,"_kad_post_footer":false},"product_cat":[64,67],"product_tag":[177,176,175,178],"class_list":{"0":"post-692","1":"product","2":"type-product","3":"status-publish","4":"has-post-thumbnail","6":"product_cat-beach-flags","7":"product_cat-teardrop-flags-banners","8":"product_tag-advertising-beach-flags","9":"product_tag-beach-teardrop-banner","10":"product_tag-beach-teardrop-flags","11":"product_tag-teardrop-flags","13":"first","14":"instock","15":"shipping-taxable","16":"product-type-simple","17":"entry","18":"content-bg","19":"loop-entry"},"_links":{"self":[{"href":"https:\/\/cmykprinted.com\/hr\/wp-json\/wp\/v2\/product\/692","targetHints":{"allow":["GET"]}}],"collection":[{"href":"https:\/\/cmykprinted.com\/hr\/wp-json\/wp\/v2\/product"}],"about":[{"href":"https:\/\/cmykprinted.com\/hr\/wp-json\/wp\/v2\/types\/product"}],"version-history":[{"count":4,"href":"https:\/\/cmykprinted.com\/hr\/wp-json\/wp\/v2\/product\/692\/revisions"}],"predecessor-version":[{"id":703,"href":"https:\/\/cmykprinted.com\/hr\/wp-json\/wp\/v2\/product\/692\/revisions\/703"}],"wp:featuredmedia":[{"embeddable":true,"href":"https:\/\/cmykprinted.com\/hr\/wp-json\/wp\/v2\/media\/693"}],"wp:attachment":[{"href":"https:\/\/cmykprinted.com\/hr\/wp-json\/wp\/v2\/media?parent=692"}],"wp:term":[{"taxonomy":"product_cat","embeddable":true,"href":"https:\/\/cmykprinted.com\/hr\/wp-json\/wp\/v2\/product_cat?post=692"},{"taxonomy":"product_tag","embeddable":true,"href":"https:\/\/cmykprinted.com\/hr\/wp-json\/wp\/v2\/product_tag?post=692"}],"curies":[{"name":"wp","href":"https:\/\/api.w.org\/{rel}","templated":true}]}}